{"id":106200,"date":"2021-02-21T23:12:02","date_gmt":"2021-02-21T23:12:02","guid":{"rendered":"https:\/\/www.autonvaraosahaku.fi\/?product=ina-420-0172-10-hydraulinen-venttiilinnostin"},"modified":"2021-02-21T23:12:05","modified_gmt":"2021-02-21T23:12:05","slug":"ina-420-0172-10-hydraulinen-venttiilinnostin","status":"publish","type":"product","link":"https:\/\/www.autonvaraosahaku.fi\/?product=ina-420-0172-10-hydraulinen-venttiilinnostin","title":{"rendered":"INA 420 0172 10 Hydraulinen venttiilinnostin"},"content":{"rendered":"<p>K\u00e4ytt\u00f6: Hydraulinen; Korkeus (mm): 32,70; L\u00e4pimitta [mm]: 12,00; Tarvittava kappalem\u00e4\u00e4r\u00e4: 24; VW: GOLF IV 1J1,GOLF V 1K1,PASSAT Variant 3C5,PASSAT Variant 3B6,TRANSPORTER IV Bus 70XB, 70XC, 7DB, 7DW,PASSAT 3C2,PASSAT Variant 365,GOLF IV Variant 1J5,SHARAN 7M8, 7M9, 7M6,TRANSPORTER V Bus 7HB, 7HJ, 7EB, 7EJ, 7EF,TOUAREG 7LA, 7L6, 7L7,MULTIVAN V 7HM, 7HN, 7HF, 7EF, 7EM, 7EN,BORA 1J2,TRANSPORTER IV Kasten 70XA,EOS 1F7, 1F8,TRANSPORTER V Kasten 7HA, 7HH, 7EA, 7EH,PASSAT CC 357,NEW BEETLE 9C1, 1C1,PASSAT 3B3,PHAETON 3D_,BORA Kombi 1J6,TOUAREG 7P5,TRANSPORTER IV Pritsche\/Fahrgestell 70XD,PASSAT 362,CC 358,TRANSPORTER V Pritsche\/Fahrgestell 7JD, 7JE, 7JL, 7JY, 7JZ,; AUDI: A4 Avant 8K5, B8,A3 8P1,A3 Sportback 8PA,A4 Avant 8ED, B7,A5 8T3,A4 Cabriolet 8H7, B6, 8HE, B7,A4 8EC, B7,Q7 4L,TT 8N3,TT 8J3,A8 4D2, 4D8,TT Roadster 8N9,A5 Cabriolet 8F7,TT Roadster 8J9,A8 4H_,R8 42,R8 Spyder; SKODA: SUPERB Kombi 3T5,SUPERB 3T4; SEAT: LEON 1M1,ALHAMBRA 7V8, 7V9,TOLEDO II 1M2; FORD: GALAXY WGR; 022109423B, 022109423C, 1212979, 1M216500AA, 022109423B, 022109423C, 022109423B, 022109423C; Venttiilinnostin<\/p>\n","protected":false},"excerpt":{"rendered":"<p>INA Hydraulinen Venttiilinnostin 420 0172 10 Venttiilinnostin VW,AUDI,SKODA,GOLF IV 1J1,GOLF V 1K1,PASSAT Variant 3C5,PASSAT Variant 3B6<\/p>\n","protected":false},"featured_media":0,"template":"","meta":{"site-sidebar-layout":"default","site-content-layout":"default","ast-global-header-display":"","ast-main-header-display":"","ast-hfb-above-header-display":"","ast-hfb-below-header-display":"","ast-hfb-mobile-header-display":"","site-post-title":"","ast-breadcrumbs-content":"","ast-featured-img":"","footer-sml-layout":"","theme-transparent-header-meta":"","adv-header-id-meta":"","stick-header-meta":"","header-above-stick-meta":"","header-main-stick-meta":"","header-below-stick-meta":""},"pwb-brand":[564],"product_cat":[126],"product_tag":[],"class_list":{"0":"post-106200","1":"product","2":"type-product","3":"status-publish","5":"pwb-brand-ina","6":"product_cat-hydraulinen-venttiilinnostin","7":"desktop-align-left","8":"tablet-align-left","9":"mobile-align-left","11":"first","12":"instock","13":"product-type-external"},"brands":[{"id":564,"name":"INA","slug":"ina"}],"_links":{"self":[{"href":"https:\/\/www.autonvaraosahaku.fi\/index.php?rest_route=\/wp\/v2\/product\/106200","targetHints":{"allow":["GET"]}}],"collection":[{"href":"https:\/\/www.autonvaraosahaku.fi\/index.php?rest_route=\/wp\/v2\/product"}],"about":[{"href":"https:\/\/www.autonvaraosahaku.fi\/index.php?rest_route=\/wp\/v2\/types\/product"}],"wp:attachment":[{"href":"https:\/\/www.autonvaraosahaku.fi\/index.php?rest_route=%2Fwp%2Fv2%2Fmedia&parent=106200"}],"wp:term":[{"taxonomy":"pwb-brand","embeddable":true,"href":"https:\/\/www.autonvaraosahaku.fi\/index.php?rest_route=%2Fwp%2Fv2%2Fpwb-brand&post=106200"},{"taxonomy":"product_cat","embeddable":true,"href":"https:\/\/www.autonvaraosahaku.fi\/index.php?rest_route=%2Fwp%2Fv2%2Fproduct_cat&post=106200"},{"taxonomy":"product_tag","embeddable":true,"href":"https:\/\/www.autonvaraosahaku.fi\/index.php?rest_route=%2Fwp%2Fv2%2Fproduct_tag&post=106200"}],"curies":[{"name":"wp","href":"https:\/\/api.w.org\/{rel}","templated":true}]}}