{"id":106228,"date":"2021-02-21T23:12:08","date_gmt":"2021-02-21T23:12:08","guid":{"rendered":"https:\/\/www.autonvaraosahaku.fi\/?product=ina-535-0168-10-laturin-vapaakytkin"},"modified":"2021-02-21T23:12:13","modified_gmt":"2021-02-21T23:12:13","slug":"ina-535-0168-10-laturin-vapaakytkin","status":"publish","type":"product","link":"https:\/\/www.autonvaraosahaku.fi\/?product=ina-535-0168-10-laturin-vapaakytkin","title":{"rendered":"INA 535 0168 10 Laturin vapaakytkin"},"content":{"rendered":"<p>Rihloja (kpl): 6; Ensimm\u00e4isen uran v\u00e4li [mm]: 19,4; Leveys (mm): 45,8; L\u00e4pimitta 1\/l\u00e4pimitta 2 [mm]: 49,7\/17,0; valmistenumerolle: F-552901.XX; Korvaava tuote\/korvaava tiedote 2: Erikoisty\u00f6kalu tarpeen asennuksessa; Huomioi huolto-ohjeet: ; Apulaitteet: angetr. Agg.: Klimakompressor; JEEP: COMPASS MK49,PATRIOT MK74; MERCEDES-BENZ: C-CLASS W204,C-CLASS T-Model S204,E-CLASS W212,VIANO W639,E-CLASS T-Model S212,GLK-CLASS X204,VITO Bus W639,VITO \/ MIXTO Kasten W639,SPRINTER 3,5-t Kasten 906,S-CLASS W221,M-CLASS W166,G-CLASS W463,E-CLASS Coupe C207,C-CLASS Coupe C204,SPRINTER 3,5-t Bus 906,SPRINTER 3-t Kasten 906,SLK R172,E-CLASS Cabriolet A207,CLS C218,SPRINTER 3,5-t Pritsche\/Fahrgestell 906,S-CLASS Coupe C215,S-CLASS Coupe C216,SPRINTER 3-t Bus 906,CLS Shooting Brake X218,S-CLASS W222, V222, X222,SPRINTER CLASSIC 3,5-t Kasten 909,SPRINTER 5-t Kasten 906,SPRINTER 5-t Pritsche\/Fahrgestell 906,GL-CLASS X166,SL R231,SPRINTER 3-t Pritsche\/Fahrgestell 906,SLS AMG C197,SPRINTER 4,6-t Pritsche\/Fahrgestell 906,SPRINTER CLASSIC 4,6-t Bus 909,C-CLASS T-Model S205,SPRINTER 4,6-t Kasten 906,C-CLASS W205,SLS AMG Cabriolet A197,V-CLASS W447,SPRINTER 5-t Bus,VITO Tourer W447,VITO Kasten W447,GLE W166,C-CLASS Coupe C205,VITO Mixto W447,GLE Coupe C292,SLC R172,GLS X166,S-CLASS Coupe C217,S-CLASS Cabriolet A2; 04801227AA, 04801827AA, 0009060501, 0009060604, 0009060706, 0009061722, 0009062004, 0009062100, 0009062200, 0009063000, 0009063222, 0009063622, 0009063722, 0009065300, 0009067902, 0009068802, 0009068806, 0131546802, 0141541102, 0141541202, 0141541402, 0141541502, 0141543902, 1591500060, 2711541802, 2781500060, 6461540102, 6461540802, 6461540902, 6461541102, 6461550115, A0009060501, A0009060604, A0009060706, A0009061722, A0009062004, A0009062100, A0009062200, A0009063000, A0009063222, A0009063622, A0009063722, A0009065300, A0009067902, A0009068802, A0009068806, A0131546802, A0141541102, A0141541202, A0141541402, A0141541502, A0141543902, A1591500060, A2711541802, A2781500060, A6461540102, A6461540802, A6461540902, A6461541102, A6461550115; Laturin Hihnapy\u00f6r\u00e4,Vapaakytkin<\/p>\n","protected":false},"excerpt":{"rendered":"<p>INA Laturin Vapaakytkin 535 0168 10 Laturin Hihnapy\u00f6r\u00e4,Vapaakytkin JEEP,MERCEDES-BENZ,COMPASS MK49,PATRIOT MK74,C-CLASS W204,C-CLASS T-Model S204<\/p>\n","protected":false},"featured_media":0,"template":"","meta":{"site-sidebar-layout":"default","site-content-layout":"default","ast-global-header-display":"","ast-main-header-display":"","ast-hfb-above-header-display":"","ast-hfb-below-header-display":"","ast-hfb-mobile-header-display":"","site-post-title":"","ast-breadcrumbs-content":"","ast-featured-img":"","footer-sml-layout":"","theme-transparent-header-meta":"","adv-header-id-meta":"","stick-header-meta":"","header-above-stick-meta":"","header-main-stick-meta":"","header-below-stick-meta":""},"pwb-brand":[564],"product_cat":[443],"product_tag":[],"class_list":{"0":"post-106228","1":"product","2":"type-product","3":"status-publish","5":"pwb-brand-ina","6":"product_cat-laturin-vapaakytkin","7":"desktop-align-left","8":"tablet-align-left","9":"mobile-align-left","11":"first","12":"instock","13":"product-type-external"},"brands":[{"id":564,"name":"INA","slug":"ina"}],"_links":{"self":[{"href":"https:\/\/www.autonvaraosahaku.fi\/index.php?rest_route=\/wp\/v2\/product\/106228","targetHints":{"allow":["GET"]}}],"collection":[{"href":"https:\/\/www.autonvaraosahaku.fi\/index.php?rest_route=\/wp\/v2\/product"}],"about":[{"href":"https:\/\/www.autonvaraosahaku.fi\/index.php?rest_route=\/wp\/v2\/types\/product"}],"wp:attachment":[{"href":"https:\/\/www.autonvaraosahaku.fi\/index.php?rest_route=%2Fwp%2Fv2%2Fmedia&parent=106228"}],"wp:term":[{"taxonomy":"pwb-brand","embeddable":true,"href":"https:\/\/www.autonvaraosahaku.fi\/index.php?rest_route=%2Fwp%2Fv2%2Fpwb-brand&post=106228"},{"taxonomy":"product_cat","embeddable":true,"href":"https:\/\/www.autonvaraosahaku.fi\/index.php?rest_route=%2Fwp%2Fv2%2Fproduct_cat&post=106228"},{"taxonomy":"product_tag","embeddable":true,"href":"https:\/\/www.autonvaraosahaku.fi\/index.php?rest_route=%2Fwp%2Fv2%2Fproduct_tag&post=106228"}],"curies":[{"name":"wp","href":"https:\/\/api.w.org\/{rel}","templated":true}]}}