{"id":106241,"date":"2021-02-21T23:12:14","date_gmt":"2021-02-21T23:12:14","guid":{"rendered":"https:\/\/www.autonvaraosahaku.fi\/?product=ina-535-0101-10-laturin-vapaakytkin"},"modified":"2021-02-21T23:12:17","modified_gmt":"2021-02-21T23:12:17","slug":"ina-535-0101-10-laturin-vapaakytkin","status":"publish","type":"product","link":"https:\/\/www.autonvaraosahaku.fi\/?product=ina-535-0101-10-laturin-vapaakytkin","title":{"rendered":"INA 535 0101 10 Laturin vapaakytkin"},"content":{"rendered":"<p>Rihloja (kpl): 5; Ensimm\u00e4isen uran v\u00e4li [mm]: 14,9; Leveys (mm): 41,0; L\u00e4pimitta 1\/l\u00e4pimitta 2 [mm]: 49,7\/17,0; valmistenumerolle: F-239809.XX, F-232030.10\/.11, F-553857.XX; Korvaava tuote\/korvaava tiedote 2: Erikoisty\u00f6kalu tarpeen asennuksessa; Rakennemalli: 168.109; MERCEDES-BENZ: A-CLASS W169,A-CLASS W168,B-CLASS W245,VANEO 414; SMART: FORFOUR 454; MITSUBISHI: COLT VI Z3_A, Z2_A; 0121540102, 6391500250, 6391500350, 6401500160, 6401500360, 6401500460, 6401500560, 6401500660, 6401500760, 6401500960, 6401540202, 6401540302, 6401540402, 6401540502, 6681540102, 6681540202, 6681540302, 6681550215, 6681550615, A0121540102, A6391500250, A6391500350, A6401500160, A6401500360, A6401500460, A6401500560, A6401500660, A6401500760, A6401500960, A6401540202, A6401540302, A6401540402, A6401540502, A6681540102, A6681540202, A6681540302, A6681550215, A6681550615, MN960266, MN960267, 6401500360, 6401500560, 6401500660; Laturin Hihnapy\u00f6r\u00e4,Vapaakytkin<\/p>\n","protected":false},"excerpt":{"rendered":"<p>INA Laturin Vapaakytkin 535 0101 10 Laturin Hihnapy\u00f6r\u00e4,Vapaakytkin MERCEDES-BENZ,SMART,MITSUBISHI,A-CLASS W169,A-CLASS W168,B-CLASS W245,VANEO 414<\/p>\n","protected":false},"featured_media":0,"template":"","meta":{"site-sidebar-layout":"default","site-content-layout":"default","ast-global-header-display":"","ast-main-header-display":"","ast-hfb-above-header-display":"","ast-hfb-below-header-display":"","ast-hfb-mobile-header-display":"","site-post-title":"","ast-breadcrumbs-content":"","ast-featured-img":"","footer-sml-layout":"","theme-transparent-header-meta":"","adv-header-id-meta":"","stick-header-meta":"","header-above-stick-meta":"","header-main-stick-meta":"","header-below-stick-meta":""},"pwb-brand":[564],"product_cat":[443],"product_tag":[],"class_list":{"0":"post-106241","1":"product","2":"type-product","3":"status-publish","5":"pwb-brand-ina","6":"product_cat-laturin-vapaakytkin","7":"desktop-align-left","8":"tablet-align-left","9":"mobile-align-left","11":"first","12":"instock","13":"product-type-external"},"brands":[{"id":564,"name":"INA","slug":"ina"}],"_links":{"self":[{"href":"https:\/\/www.autonvaraosahaku.fi\/index.php?rest_route=\/wp\/v2\/product\/106241","targetHints":{"allow":["GET"]}}],"collection":[{"href":"https:\/\/www.autonvaraosahaku.fi\/index.php?rest_route=\/wp\/v2\/product"}],"about":[{"href":"https:\/\/www.autonvaraosahaku.fi\/index.php?rest_route=\/wp\/v2\/types\/product"}],"wp:attachment":[{"href":"https:\/\/www.autonvaraosahaku.fi\/index.php?rest_route=%2Fwp%2Fv2%2Fmedia&parent=106241"}],"wp:term":[{"taxonomy":"pwb-brand","embeddable":true,"href":"https:\/\/www.autonvaraosahaku.fi\/index.php?rest_route=%2Fwp%2Fv2%2Fpwb-brand&post=106241"},{"taxonomy":"product_cat","embeddable":true,"href":"https:\/\/www.autonvaraosahaku.fi\/index.php?rest_route=%2Fwp%2Fv2%2Fproduct_cat&post=106241"},{"taxonomy":"product_tag","embeddable":true,"href":"https:\/\/www.autonvaraosahaku.fi\/index.php?rest_route=%2Fwp%2Fv2%2Fproduct_tag&post=106241"}],"curies":[{"name":"wp","href":"https:\/\/api.w.org\/{rel}","templated":true}]}}