{"id":106242,"date":"2021-02-21T23:12:14","date_gmt":"2021-02-21T23:12:14","guid":{"rendered":"https:\/\/www.autonvaraosahaku.fi\/?product=ina-535-0086-10-laturin-vapaakytkin"},"modified":"2021-02-21T23:12:18","modified_gmt":"2021-02-21T23:12:18","slug":"ina-535-0086-10-laturin-vapaakytkin","status":"publish","type":"product","link":"https:\/\/www.autonvaraosahaku.fi\/?product=ina-535-0086-10-laturin-vapaakytkin","title":{"rendered":"INA 535 0086 10 Laturin vapaakytkin"},"content":{"rendered":"<p>Rihloja (kpl): 6; Ensimm\u00e4isen uran v\u00e4li [mm]: 11; Leveys (mm): 35,6; L\u00e4pimitta 1\/l\u00e4pimitta 2 [mm]: 49,7\/17,0; valmistenumerolle: F-235968.XX; Korvaava tuote\/korvaava tiedote 2: Erikoisty\u00f6kalu tarpeen asennuksessa; Huomioi huolto-ohjeet: ; Moottorinumero: 646.963; MERCEDES-BENZ: C-CLASS W203,E-CLASS W211,C-CLASS W204,C-CLASS T-Model S204,C-CLASS T-Model S203,E-CLASS T-Model S211,C-CLASS Coupe CL203,CLK C209,S-CLASS W220,CLC-CLASS CL203; 0121549802, 0131540002, 0131545902, 0131549002, 0141540702, 6461500260, 6461500360, 6481550015, A0121549802, A0131540002, A0131545902, A0131549002, A0141540702, A6461500260, A6461500360, A6481550015; Laturin Hihnapy\u00f6r\u00e4,Vapaakytkin<\/p>\n","protected":false},"excerpt":{"rendered":"<p>INA Laturin Vapaakytkin 535 0086 10 Laturin Hihnapy\u00f6r\u00e4,Vapaakytkin MERCEDES-BENZ,C-CLASS W203,E-CLASS W211,C-CLASS W204,C-CLASS T-Model S204<\/p>\n","protected":false},"featured_media":0,"template":"","meta":{"site-sidebar-layout":"default","site-content-layout":"default","ast-global-header-display":"","ast-main-header-display":"","ast-hfb-above-header-display":"","ast-hfb-below-header-display":"","ast-hfb-mobile-header-display":"","site-post-title":"","ast-breadcrumbs-content":"","ast-featured-img":"","footer-sml-layout":"","theme-transparent-header-meta":"","adv-header-id-meta":"","stick-header-meta":"","header-above-stick-meta":"","header-main-stick-meta":"","header-below-stick-meta":""},"pwb-brand":[564],"product_cat":[443],"product_tag":[],"class_list":{"0":"post-106242","1":"product","2":"type-product","3":"status-publish","5":"pwb-brand-ina","6":"product_cat-laturin-vapaakytkin","7":"desktop-align-left","8":"tablet-align-left","9":"mobile-align-left","11":"first","12":"instock","13":"product-type-external"},"brands":[{"id":564,"name":"INA","slug":"ina"}],"_links":{"self":[{"href":"https:\/\/www.autonvaraosahaku.fi\/index.php?rest_route=\/wp\/v2\/product\/106242","targetHints":{"allow":["GET"]}}],"collection":[{"href":"https:\/\/www.autonvaraosahaku.fi\/index.php?rest_route=\/wp\/v2\/product"}],"about":[{"href":"https:\/\/www.autonvaraosahaku.fi\/index.php?rest_route=\/wp\/v2\/types\/product"}],"wp:attachment":[{"href":"https:\/\/www.autonvaraosahaku.fi\/index.php?rest_route=%2Fwp%2Fv2%2Fmedia&parent=106242"}],"wp:term":[{"taxonomy":"pwb-brand","embeddable":true,"href":"https:\/\/www.autonvaraosahaku.fi\/index.php?rest_route=%2Fwp%2Fv2%2Fpwb-brand&post=106242"},{"taxonomy":"product_cat","embeddable":true,"href":"https:\/\/www.autonvaraosahaku.fi\/index.php?rest_route=%2Fwp%2Fv2%2Fproduct_cat&post=106242"},{"taxonomy":"product_tag","embeddable":true,"href":"https:\/\/www.autonvaraosahaku.fi\/index.php?rest_route=%2Fwp%2Fv2%2Fproduct_tag&post=106242"}],"curies":[{"name":"wp","href":"https:\/\/api.w.org\/{rel}","templated":true}]}}