{"id":106251,"date":"2021-02-21T23:12:21","date_gmt":"2021-02-21T23:12:21","guid":{"rendered":"https:\/\/www.autonvaraosahaku.fi\/?product=ina-535-0121-10-laturin-vapaakytkin"},"modified":"2021-02-21T23:12:21","modified_gmt":"2021-02-21T23:12:21","slug":"ina-535-0121-10-laturin-vapaakytkin","status":"publish","type":"product","link":"https:\/\/www.autonvaraosahaku.fi\/?product=ina-535-0121-10-laturin-vapaakytkin","title":{"rendered":"INA 535 0121 10 Laturin vapaakytkin"},"content":{"rendered":"<p>Rihloja (kpl): 5; Ensimm\u00e4isen uran v\u00e4li [mm]: 17,88; Leveys (mm): 40,6; L\u00e4pimitta 1\/l\u00e4pimitta 2 [mm]: 54,0\/17,0; valmistenumerolle: F-553392.XX; Korvaava tuote\/korvaava tiedote 2: Erikoisty\u00f6kalu tarpeen asennuksessa; Varusteet: f\u00fcr Fahrzeuge mit Klimaanlage; VOLVO: V70 II SW,V50 MW,XC60,XC90 I,S60 I,V70 III BW,C30,V60,S40 II MS,XC70 CROSS COUNTRY,XC70 II,S80 II AS,S60 II; FORD: MONDEO IV Turnier BA7,S-MAX WA6,MONDEO IV BA7,MONDEO IV Stufenheck BA7,MONDEO V Stufenheck; 1379701, 1388004, 1425016, 2099442, 6G9N10300HA, 6G9N10300HB, 6G9N10300HC, 6G9N10300HD, 6G9N10300JB, 6G9N10300JD, 30659131, 30659136, 30659341, 30667118, 30667119, 30667682, 31285627, 31288879, 31419555, 31419556, 36000037, 36000038, 36001105, 36001341, 36001454, 36012618, 36012619; Laturin Hihnapy\u00f6r\u00e4,Vapaakytkin<\/p>\n","protected":false},"excerpt":{"rendered":"<p>INA Laturin Vapaakytkin 535 0121 10 Laturin Hihnapy\u00f6r\u00e4,Vapaakytkin VOLVO,FORD,V70 II SW,V50 MW,XC60,XC90 I,S60 I,V70 III BW,C30,V60,S40 II MS<\/p>\n","protected":false},"featured_media":0,"template":"","meta":{"site-sidebar-layout":"default","site-content-layout":"default","ast-global-header-display":"","ast-main-header-display":"","ast-hfb-above-header-display":"","ast-hfb-below-header-display":"","ast-hfb-mobile-header-display":"","site-post-title":"","ast-breadcrumbs-content":"","ast-featured-img":"","footer-sml-layout":"","theme-transparent-header-meta":"","adv-header-id-meta":"","stick-header-meta":"","header-above-stick-meta":"","header-main-stick-meta":"","header-below-stick-meta":""},"pwb-brand":[564],"product_cat":[443],"product_tag":[],"class_list":{"0":"post-106251","1":"product","2":"type-product","3":"status-publish","5":"pwb-brand-ina","6":"product_cat-laturin-vapaakytkin","7":"desktop-align-left","8":"tablet-align-left","9":"mobile-align-left","11":"first","12":"instock","13":"product-type-external"},"brands":[{"id":564,"name":"INA","slug":"ina"}],"_links":{"self":[{"href":"https:\/\/www.autonvaraosahaku.fi\/index.php?rest_route=\/wp\/v2\/product\/106251","targetHints":{"allow":["GET"]}}],"collection":[{"href":"https:\/\/www.autonvaraosahaku.fi\/index.php?rest_route=\/wp\/v2\/product"}],"about":[{"href":"https:\/\/www.autonvaraosahaku.fi\/index.php?rest_route=\/wp\/v2\/types\/product"}],"wp:attachment":[{"href":"https:\/\/www.autonvaraosahaku.fi\/index.php?rest_route=%2Fwp%2Fv2%2Fmedia&parent=106251"}],"wp:term":[{"taxonomy":"pwb-brand","embeddable":true,"href":"https:\/\/www.autonvaraosahaku.fi\/index.php?rest_route=%2Fwp%2Fv2%2Fpwb-brand&post=106251"},{"taxonomy":"product_cat","embeddable":true,"href":"https:\/\/www.autonvaraosahaku.fi\/index.php?rest_route=%2Fwp%2Fv2%2Fproduct_cat&post=106251"},{"taxonomy":"product_tag","embeddable":true,"href":"https:\/\/www.autonvaraosahaku.fi\/index.php?rest_route=%2Fwp%2Fv2%2Fproduct_tag&post=106251"}],"curies":[{"name":"wp","href":"https:\/\/api.w.org\/{rel}","templated":true}]}}