{"id":106265,"date":"2021-02-21T23:12:21","date_gmt":"2021-02-21T23:12:21","guid":{"rendered":"https:\/\/www.autonvaraosahaku.fi\/?product=ina-711-0244-10-muut-luokat"},"modified":"2021-02-21T23:12:25","modified_gmt":"2021-02-21T23:12:25","slug":"ina-711-0244-10-muut-luokat","status":"publish","type":"product","link":"https:\/\/www.autonvaraosahaku.fi\/?product=ina-711-0244-10-muut-luokat","title":{"rendered":"INA 711 0244 10 Muut luokat"},"content":{"rendered":"<p>L\u00e4pimitta [mm]: 25,56; Korkeus (mm): 29,22; Tarvittava kappalem\u00e4\u00e4r\u00e4: 1; VW: GOLF V 1K1,TOURAN 1T1, 1T2,GOLF VI 5K1,PASSAT Variant 3C5,GOLF PLUS 5M1, 521,PASSAT 3C2,POLO 6R, 6C,TIGUAN 5N_,PASSAT Variant 365,GOLF IV Variant 1J5,GOLF VII 5G1, BE1,CADDY III Kombi 2KB, 2KJ, 2CB, 2CJ,TOURAN 1T3,GOLF VI Variant AJ5,GOLF V Variant 1K5,CADDY III Kasten 2KA, 2KH, 2CA, 2CH,GOLF VII Kombi BA5,EOS 1F7, 1F8,SCIROCCO 137, 138,PASSAT CC 357,SHARAN 7N1, 7N2,JETTA III 1K2,PASSAT 362,AMAROK 2H_, S1B,CC 358,GOLF VI Cabriolet 517,BEETLE 5C1,JETTA IV 162, 163,POLO Stufenheck,PASSAT ALLTRACK 365,BEETLE Cabriolet 5C7,GOLF SPORTSVAN AM1,TOURAN,CADDY IV Kombi SAB, SAJ,POLO Van 6R,CADDY IV Kasten SAA, SAH,AMAROK Pritsche\/Fahrgestell S1B,GOLF ALLTRACK BA5,CADDY ALLTRACK Kasten SAA,CADDY ALLTRACK Kombi SAB,VENTO 1B; AUDI: A4 Avant 8K5, B8,A6 Avant 4F5, C6,A3 8P1,A3 Sportback 8PA,A4 8K2, B8,Q5 8R,A6 4F2, C6,A6 Avant 4G5, C7, 4GD,A5 8T3,A5 Sportback 8TA,A8 4E_,A3 Sportback 8VA,TT 8J3,Q3 8U,A6 4G2, C7, 4GC,A6 Allroad 4FH, C6,A1 8X1, 8XF,A1 Sportback 8XA, 8XK,A7 Sportback 4GA, 4GF,A4 Allroad 8KH, B8,A5 Cabriolet 8F7,A3 Limousine 8VS,TT Roadster 8J9,A3 8V1,A8 4H_,A3 Cabriolet 8P7,A3 Cabriolet 8V7,Q7 4M; MAZDA: CX-5 KE, GH,3 BL,3 BM,6 Kombi GJ, GH,6 Stufenheck GJ, GH,3 Stufenheck BM,2 DL, DJ,CX-3 DK,MX-5 IV ND,2 Stufenheck DL, DJ,MX-5 RF ND; NISSAN: JUKE F15; SKODA: OCTAVIA Combi 1Z5,FABIA,OCTAVIA Combi 5E5,FABIA Combi,ROOMSTER 5J,YETI 5L,SUPERB Kombi 3T5,OCTAVIA 1Z3,SUPERB 3T4,RAPID Spaceback NH1,OCTAVIA 5E3,ROOMSTER Praktik 5J,RAPID NH3,FABIA NJ3,FABIA Kombi NJ5; SEAT: LEON 1P1,IBIZA V 6J5, 6P5,ALTEA 5P1,LEON 5F1,ALTEA XL 5P5, 5P8,LEON ST 5F8,IBIZA V ST 6J8, 6P8,EXEO ST 3R5,ALHAMBRA 710, 711,IBIZA V SPORTCOUPE 6J1, 6P1,EXEO 3R2,LEON SC 5F5,TOLEDO III 5P2,TOLEDO IV KG3; CHEVROLET: CAPTIVA C100, C140,CAMARO GMX511,MALIBU V300,HHR,CAPTIVA SPORT,CAMARO Convertible GMX511,CAMARO,CAMARO Convertible,CAPRICE Stufenheck US,COLORADO Extended Cab Pickup,COLORADO Crew Cab Pickup; MERCEDES-BENZ: SLK R172; OPEL: INSIGNIA Caravan,ANTARA,INSIGNIA,INSIGNIA Stufenheck,ASTRA GTC J,GT Cabriolet,INSIGNIA A Country Tourer G09,INSIGNIA CC,INSIGNIA B Country Tourer Z18; BMW: 3 Touring E91,3 E90,5 E60,1 E87,5 Touring E61,1 E81,X5 E70,3 Coupe E92,3 Cabriolet E93,1 Cabriolet E88,1 Coupe E82; 11327542075, 7542075, PE0112615, 2760500022, A2760500022, 132311KC5E, 4805077, 132311KC5E, 06H109311B<\/p>\n","protected":false},"excerpt":{"rendered":"<p>INA M\u00e4nt\u00e4, Korkeapainepumppu 711 0244 10  VW,AUDI,MAZDA,GOLF V 1K1,TOURAN 1T1, 1T2,GOLF VI 5K1,PASSAT Variant 3C5,GOLF PLUS 5M1, 521,PASSAT 3C2<\/p>\n","protected":false},"featured_media":0,"template":"","meta":{"site-sidebar-layout":"default","site-content-layout":"default","ast-global-header-display":"","ast-main-header-display":"","ast-hfb-above-header-display":"","ast-hfb-below-header-display":"","ast-hfb-mobile-header-display":"","site-post-title":"","ast-breadcrumbs-content":"","ast-featured-img":"","footer-sml-layout":"","theme-transparent-header-meta":"","adv-header-id-meta":"","stick-header-meta":"","header-above-stick-meta":"","header-main-stick-meta":"","header-below-stick-meta":""},"pwb-brand":[564],"product_cat":[37],"product_tag":[],"class_list":{"0":"post-106265","1":"product","2":"type-product","3":"status-publish","5":"pwb-brand-ina","6":"product_cat-muut-luokat","7":"desktop-align-left","8":"tablet-align-left","9":"mobile-align-left","11":"first","12":"instock","13":"product-type-external"},"brands":[{"id":564,"name":"INA","slug":"ina"}],"_links":{"self":[{"href":"https:\/\/www.autonvaraosahaku.fi\/index.php?rest_route=\/wp\/v2\/product\/106265","targetHints":{"allow":["GET"]}}],"collection":[{"href":"https:\/\/www.autonvaraosahaku.fi\/index.php?rest_route=\/wp\/v2\/product"}],"about":[{"href":"https:\/\/www.autonvaraosahaku.fi\/index.php?rest_route=\/wp\/v2\/types\/product"}],"wp:attachment":[{"href":"https:\/\/www.autonvaraosahaku.fi\/index.php?rest_route=%2Fwp%2Fv2%2Fmedia&parent=106265"}],"wp:term":[{"taxonomy":"pwb-brand","embeddable":true,"href":"https:\/\/www.autonvaraosahaku.fi\/index.php?rest_route=%2Fwp%2Fv2%2Fpwb-brand&post=106265"},{"taxonomy":"product_cat","embeddable":true,"href":"https:\/\/www.autonvaraosahaku.fi\/index.php?rest_route=%2Fwp%2Fv2%2Fproduct_cat&post=106265"},{"taxonomy":"product_tag","embeddable":true,"href":"https:\/\/www.autonvaraosahaku.fi\/index.php?rest_route=%2Fwp%2Fv2%2Fproduct_tag&post=106265"}],"curies":[{"name":"wp","href":"https:\/\/api.w.org\/{rel}","templated":true}]}}