{"id":106279,"date":"2021-02-21T23:12:27","date_gmt":"2021-02-21T23:12:27","guid":{"rendered":"https:\/\/www.autonvaraosahaku.fi\/?product=ina-420-0220-10-hydraulinen-venttiilinnostin"},"modified":"2021-02-21T23:12:30","modified_gmt":"2021-02-21T23:12:30","slug":"ina-420-0220-10-hydraulinen-venttiilinnostin","status":"publish","type":"product","link":"https:\/\/www.autonvaraosahaku.fi\/?product=ina-420-0220-10-hydraulinen-venttiilinnostin","title":{"rendered":"INA 420 0220 10 Hydraulinen venttiilinnostin"},"content":{"rendered":"<p>K\u00e4ytt\u00f6: Hydraulinen; Korkeus (mm): 26,00; L\u00e4pimitta [mm]: 28,37; Tarvittava kappalem\u00e4\u00e4r\u00e4: 16; AUDI: A4 Avant 8W5, B9,A4 8W2, B9,A5 Sportback F5A,A5 F53,A4 Allroad 8WH, B9,A5 Cabriolet F57; CITRO\u00cbN: BERLINGO MF,XSARA PICASSO N68,C2 JM_,C3 I FC_,BERLINGO B9,C4 I LC_,BERLINGO Kasten M_,C3 Picasso,XSARA N1,C4 Coupe LA_,C3 Pluriel HB_,C4 II B7,XSARA Break N2,BERLINGO Kasten B9,XSARA Coupe N0,C4 Stufenheck L,C4 AIRCROSS,C3 AIRCROSS; PEUGEOT: 206 Schr\u00e4gheck 2A\/C,206 CC 2D,207 WA_, WC_,307 SW 3H,307 CC 3B,307 3A\/C,207 SW WK_,308 SW,206 SW 2E\/K,208,308 4A_, 4C_,307 Break 3E,PARTNER Tepee,1007 KM_,PARTNER Combispace 5F,PARTNER Kasten 5,307 Stufenheck,PARTNER Kasten,207 Stufenheck,206 Stufenheck,405 II 4B,405 II Break 4E,308 SW II; 094293, 094293; Venttiilinnostin<\/p>\n","protected":false},"excerpt":{"rendered":"<p>INA Hydraulinen Venttiilinnostin 420 0220 10 Venttiilinnostin AUDI,CITRO\u00cbN,PEUGEOT,A4 Avant 8W5, B9,A4 8W2, B9,A5 Sportback F5A,A5 F53<\/p>\n","protected":false},"featured_media":0,"template":"","meta":{"site-sidebar-layout":"default","site-content-layout":"default","ast-global-header-display":"","ast-main-header-display":"","ast-hfb-above-header-display":"","ast-hfb-below-header-display":"","ast-hfb-mobile-header-display":"","site-post-title":"","ast-breadcrumbs-content":"","ast-featured-img":"","footer-sml-layout":"","theme-transparent-header-meta":"","adv-header-id-meta":"","stick-header-meta":"","header-above-stick-meta":"","header-main-stick-meta":"","header-below-stick-meta":""},"pwb-brand":[564],"product_cat":[126],"product_tag":[],"class_list":{"0":"post-106279","1":"product","2":"type-product","3":"status-publish","5":"pwb-brand-ina","6":"product_cat-hydraulinen-venttiilinnostin","7":"desktop-align-left","8":"tablet-align-left","9":"mobile-align-left","11":"first","12":"instock","13":"product-type-external"},"brands":[{"id":564,"name":"INA","slug":"ina"}],"_links":{"self":[{"href":"https:\/\/www.autonvaraosahaku.fi\/index.php?rest_route=\/wp\/v2\/product\/106279","targetHints":{"allow":["GET"]}}],"collection":[{"href":"https:\/\/www.autonvaraosahaku.fi\/index.php?rest_route=\/wp\/v2\/product"}],"about":[{"href":"https:\/\/www.autonvaraosahaku.fi\/index.php?rest_route=\/wp\/v2\/types\/product"}],"wp:attachment":[{"href":"https:\/\/www.autonvaraosahaku.fi\/index.php?rest_route=%2Fwp%2Fv2%2Fmedia&parent=106279"}],"wp:term":[{"taxonomy":"pwb-brand","embeddable":true,"href":"https:\/\/www.autonvaraosahaku.fi\/index.php?rest_route=%2Fwp%2Fv2%2Fpwb-brand&post=106279"},{"taxonomy":"product_cat","embeddable":true,"href":"https:\/\/www.autonvaraosahaku.fi\/index.php?rest_route=%2Fwp%2Fv2%2Fproduct_cat&post=106279"},{"taxonomy":"product_tag","embeddable":true,"href":"https:\/\/www.autonvaraosahaku.fi\/index.php?rest_route=%2Fwp%2Fv2%2Fproduct_tag&post=106279"}],"curies":[{"name":"wp","href":"https:\/\/api.w.org\/{rel}","templated":true}]}}