{"id":106280,"date":"2021-02-21T23:12:27","date_gmt":"2021-02-21T23:12:27","guid":{"rendered":"https:\/\/www.autonvaraosahaku.fi\/?product=ina-420-0059-10-hydraulinen-venttiilinnostin"},"modified":"2021-02-21T23:12:30","modified_gmt":"2021-02-21T23:12:30","slug":"ina-420-0059-10-hydraulinen-venttiilinnostin","status":"publish","type":"product","link":"https:\/\/www.autonvaraosahaku.fi\/?product=ina-420-0059-10-hydraulinen-venttiilinnostin","title":{"rendered":"INA 420 0059 10 Hydraulinen venttiilinnostin"},"content":{"rendered":"<p>K\u00e4ytt\u00f6: Hydraulinen; Korkeus (mm): 26,00; L\u00e4pimitta [mm]: 32,00; Tarvittava kappalem\u00e4\u00e4r\u00e4: 24; CHEVROLET: NUBIRA Kombi,CRUZE J300,KALOS,AVEO Schr\u00e4gheck T250, T255,CRUZE Schr\u00e4gheck J305,LACETTI J200,AVEO Stufenheck T250, T255,REZZO,AVEO Stufenheck T300,NUBIRA Stufenheck,AVEO Stufenheck T200,LACETTI Kombi J200,AVEO Schr\u00e4gheck T200,CHEVY,LACETTI Stufenheck; DAEWOO: REZZO KLAU,LANOS KLAT,NUBIRA Stufenheck KLAN,NUBIRA Wagon KLAN,NUBIRA Wagon KLAJ,LANOS Stufenheck KLAT,LEGANZA KLAV,NEXIA KLETN,NUBIRA Stufenheck KLAJ,ESPERO KLEJ,NUBIRA KLAJ,NEXIA Stufenheck KLETN,NUBIRA J150,NUBIRA Kombi J150,NUBIRA Stufenheck J150; SAAB: 9000 Schr\u00e4gheck,900 II Cabriolet,900 II,9000,900 II Coupe; 96376400, 96376400, 17105698, 96184997, 96376362, PW811086, PW881557, 4621298, 4726865, 4770301; Venttiilinnostin<\/p>\n","protected":false},"excerpt":{"rendered":"<p>INA Hydraulinen Venttiilinnostin 420 0059 10 Venttiilinnostin CHEVROLET,DAEWOO,SAAB,NUBIRA Kombi,CRUZE J300,KALOS,AVEO Schr\u00e4gheck T250, T255<\/p>\n","protected":false},"featured_media":0,"template":"","meta":{"site-sidebar-layout":"default","site-content-layout":"default","ast-global-header-display":"","ast-main-header-display":"","ast-hfb-above-header-display":"","ast-hfb-below-header-display":"","ast-hfb-mobile-header-display":"","site-post-title":"","ast-breadcrumbs-content":"","ast-featured-img":"","footer-sml-layout":"","theme-transparent-header-meta":"","adv-header-id-meta":"","stick-header-meta":"","header-above-stick-meta":"","header-main-stick-meta":"","header-below-stick-meta":""},"pwb-brand":[564],"product_cat":[126],"product_tag":[],"class_list":{"0":"post-106280","1":"product","2":"type-product","3":"status-publish","5":"pwb-brand-ina","6":"product_cat-hydraulinen-venttiilinnostin","7":"desktop-align-left","8":"tablet-align-left","9":"mobile-align-left","11":"first","12":"instock","13":"product-type-external"},"brands":[{"id":564,"name":"INA","slug":"ina"}],"_links":{"self":[{"href":"https:\/\/www.autonvaraosahaku.fi\/index.php?rest_route=\/wp\/v2\/product\/106280","targetHints":{"allow":["GET"]}}],"collection":[{"href":"https:\/\/www.autonvaraosahaku.fi\/index.php?rest_route=\/wp\/v2\/product"}],"about":[{"href":"https:\/\/www.autonvaraosahaku.fi\/index.php?rest_route=\/wp\/v2\/types\/product"}],"wp:attachment":[{"href":"https:\/\/www.autonvaraosahaku.fi\/index.php?rest_route=%2Fwp%2Fv2%2Fmedia&parent=106280"}],"wp:term":[{"taxonomy":"pwb-brand","embeddable":true,"href":"https:\/\/www.autonvaraosahaku.fi\/index.php?rest_route=%2Fwp%2Fv2%2Fpwb-brand&post=106280"},{"taxonomy":"product_cat","embeddable":true,"href":"https:\/\/www.autonvaraosahaku.fi\/index.php?rest_route=%2Fwp%2Fv2%2Fproduct_cat&post=106280"},{"taxonomy":"product_tag","embeddable":true,"href":"https:\/\/www.autonvaraosahaku.fi\/index.php?rest_route=%2Fwp%2Fv2%2Fproduct_tag&post=106280"}],"curies":[{"name":"wp","href":"https:\/\/api.w.org\/{rel}","templated":true}]}}