{"id":106287,"date":"2021-02-21T23:12:27","date_gmt":"2021-02-21T23:12:27","guid":{"rendered":"https:\/\/www.autonvaraosahaku.fi\/?product=ina-551-0006-10-jakoketjun-kiristin"},"modified":"2021-02-21T23:12:32","modified_gmt":"2021-02-21T23:12:32","slug":"ina-551-0006-10-jakoketjun-kiristin","status":"publish","type":"product","link":"https:\/\/www.autonvaraosahaku.fi\/?product=ina-551-0006-10-jakoketjun-kiristin","title":{"rendered":"INA 551 0006 10 Jakoketjun kiristin"},"content":{"rendered":"<p>Tarvittava kappalem\u00e4\u00e4r\u00e4: 1; FORD: GALAXY WGR,TRANSIT Kasten FA_ _,TRANSIT Bus FD_ _, FB_ _, FS_ _, FZ_ _, FC_ _,TRANSIT Pritsche\/Fahrgestell FM_ _, FN_ _,ESCORT VII GAL, AAL, ABL,SIERRA GBG, GB4,TRANSIT  MK-5 Bus E_ _,ESCORT VI GAL,SCORPIO II GFR, GGR,SIERRA Schr\u00e4gheck GBC, GBG,TRANSIT MK-5 Pritsche\/Fahrgestell E_ _,SCORPIO I GAE, GGE,TRANSIT MK-5 Kasten E_ _,SCORPIO II Kombi GNR, GGR,SCORPIO I Stufenheck GGE,ESCORT V GAL,SIERRA Kombi BNG,SCORPIO I Kombi GGE; 1662847, 91XM6K254AA; Nokkaketjun Kiristin,Kiristyslaite, Jakoketju<\/p>\n","protected":false},"excerpt":{"rendered":"<p>INA Jakoketjun Kiristin 551 0006 10 Nokkaketjun Kiristin,Kiristyslaite, Jakoketju FORD,GALAXY WGR,TRANSIT Kasten FA_ _<\/p>\n","protected":false},"featured_media":0,"template":"","meta":{"site-sidebar-layout":"default","site-content-layout":"default","ast-global-header-display":"","ast-main-header-display":"","ast-hfb-above-header-display":"","ast-hfb-below-header-display":"","ast-hfb-mobile-header-display":"","site-post-title":"","ast-breadcrumbs-content":"","ast-featured-img":"","footer-sml-layout":"","theme-transparent-header-meta":"","adv-header-id-meta":"","stick-header-meta":"","header-above-stick-meta":"","header-main-stick-meta":"","header-below-stick-meta":""},"pwb-brand":[564],"product_cat":[404],"product_tag":[],"class_list":{"0":"post-106287","1":"product","2":"type-product","3":"status-publish","5":"pwb-brand-ina","6":"product_cat-jakoketjun-kiristin","7":"desktop-align-left","8":"tablet-align-left","9":"mobile-align-left","11":"first","12":"instock","13":"product-type-external"},"brands":[{"id":564,"name":"INA","slug":"ina"}],"_links":{"self":[{"href":"https:\/\/www.autonvaraosahaku.fi\/index.php?rest_route=\/wp\/v2\/product\/106287","targetHints":{"allow":["GET"]}}],"collection":[{"href":"https:\/\/www.autonvaraosahaku.fi\/index.php?rest_route=\/wp\/v2\/product"}],"about":[{"href":"https:\/\/www.autonvaraosahaku.fi\/index.php?rest_route=\/wp\/v2\/types\/product"}],"wp:attachment":[{"href":"https:\/\/www.autonvaraosahaku.fi\/index.php?rest_route=%2Fwp%2Fv2%2Fmedia&parent=106287"}],"wp:term":[{"taxonomy":"pwb-brand","embeddable":true,"href":"https:\/\/www.autonvaraosahaku.fi\/index.php?rest_route=%2Fwp%2Fv2%2Fpwb-brand&post=106287"},{"taxonomy":"product_cat","embeddable":true,"href":"https:\/\/www.autonvaraosahaku.fi\/index.php?rest_route=%2Fwp%2Fv2%2Fproduct_cat&post=106287"},{"taxonomy":"product_tag","embeddable":true,"href":"https:\/\/www.autonvaraosahaku.fi\/index.php?rest_route=%2Fwp%2Fv2%2Fproduct_tag&post=106287"}],"curies":[{"name":"wp","href":"https:\/\/api.w.org\/{rel}","templated":true}]}}