{"id":106292,"date":"2021-02-21T23:12:33","date_gmt":"2021-02-21T23:12:33","guid":{"rendered":"https:\/\/www.autonvaraosahaku.fi\/?product=ina-422-0039-10-hydraulinen-venttiilinnostin"},"modified":"2021-02-21T23:12:34","modified_gmt":"2021-02-21T23:12:34","slug":"ina-422-0039-10-hydraulinen-venttiilinnostin","status":"publish","type":"product","link":"https:\/\/www.autonvaraosahaku.fi\/?product=ina-422-0039-10-hydraulinen-venttiilinnostin","title":{"rendered":"INA 422 0039 10 Hydraulinen venttiilinnostin"},"content":{"rendered":"<p>Tarvittava kappalem\u00e4\u00e4r\u00e4: 8; DAEWOO: LANOS KLAT,NUBIRA Wagon KLAN,LANOS Stufenheck KLAT,NEXIA KLETN,LACETTI Stufenheck J200,NEXIA Stufenheck KLETN; OPEL: CORSA C F08, F68,MERIVA,ASTRA G CC F48_, F08_,OMEGA A 16_, 17_, 19_,ASTRA G Caravan F35_,CORSA B 73_, 78_, 79_,VECTRA B 36_,ASTRA F CC 53_, 54_, 58_, 59_,OMEGA B Caravan 21_, 22_, 23_,OMEGA B 25_, 26_, 27_,VECTRA B Caravan 31_,ASTRA F Caravan 51_, 52_,COMBO Kasten\/Kombi,ASTRA G Stufenheck F69_,CALIBRA A 85_,VECTRA B CC 38_,COMBO Tour,VECTRA A 86_, 87_,CORSA CLASSIC Stufenheck,ASTRA F Cabriolet 53_B,ASTRA F 56_, 57_,KADETT E CC 33_, 34_, 43_, 44_,FRONTERA A Sport 5_SUD2,CORSA A CC 93_, 94_, 98_, 99_,MANTA B 58_, 59_,VECTRA A CC 88_, 89_,COMBO 71_,KADETT E Cabriolet 43B_,ASCONA B 81_, 86_, 87_, 88_,ASCONA C 81_, 86_, 87_, 88_,REKORD E 17_-19_, 11_, 14_, 16_,OMEGA A Caravan 66_, 67_,ASTRA F CLASSIC CC,CORSA A TR 91_, 92_, 96_, 97_,KADETT D 31_-34_, 41_-44_,ASTRA F CLASSIC Stufenheck,ASTRA F CLASSIC Caravan,KADETT E 39_, 49_,CORSA B Kasten 73_,ASCONA C CC 84_, 89_,ASTRA G Kasten F70,KADETT E Caravan 35_, 36_, 45_, 46_,MANTA B CC 53_, 55_,CORSA B Utility Pick-up,ASTRA F ; VAUXHALL: CALIBRA,ASTRA Mk IV G CC,ASTRA Mk III F CC,CORSA Mk I B,MERIVA Mk I A,ASTRA Mk IV G Sedan,OMEGA B,ASTRA Mk II CC,FRONTERA Mk I A,VECTRA B CC,CAVALIER Mk III 87,VECTRA B,FRONTERA Mk I A Sport,ASTRA Mk III F Estate,ASTRAVAN Mk IV G,CARLTON Mk II Estate,CAVALIER Mk III CC,COMBO Mk I B,OMEGA B Estate,COMBO TOUR Mk II C F25,COMBO Mk II C Kasten\/Kombi F25,ASTRAVAN Mk III F,ASTRA Mk IV G Estate,CAVALIER Mk II CC,NOVA,NOVA CC,CARLTON Mk III; 640577, 640579, 640580, 640581, 640582, 640587, 640588, 90128143, 90234847, 90271222, 90323514, 90398840, 90409632, 90502282, 90512282, 96351051, 90128143, 90271222, 90323514, 90398840, 90502282; Vipupainin, Moottorin S\u00e4\u00e4t\u00f6<\/p>\n","protected":false},"excerpt":{"rendered":"<p>INA Keinuvipu 422 0039 10 Vipupainin, Moottorin S\u00e4\u00e4t\u00f6 DAEWOO,OPEL,VAUXHALL,LANOS KLAT,NUBIRA Wagon KLAN,LANOS Stufenheck KLAT,NEXIA KLETN<\/p>\n","protected":false},"featured_media":0,"template":"","meta":{"site-sidebar-layout":"default","site-content-layout":"default","ast-global-header-display":"","ast-main-header-display":"","ast-hfb-above-header-display":"","ast-hfb-below-header-display":"","ast-hfb-mobile-header-display":"","site-post-title":"","ast-breadcrumbs-content":"","ast-featured-img":"","footer-sml-layout":"","theme-transparent-header-meta":"","adv-header-id-meta":"","stick-header-meta":"","header-above-stick-meta":"","header-main-stick-meta":"","header-below-stick-meta":""},"pwb-brand":[564],"product_cat":[126],"product_tag":[],"class_list":{"0":"post-106292","1":"product","2":"type-product","3":"status-publish","5":"pwb-brand-ina","6":"product_cat-hydraulinen-venttiilinnostin","7":"desktop-align-left","8":"tablet-align-left","9":"mobile-align-left","11":"first","12":"instock","13":"product-type-external"},"brands":[{"id":564,"name":"INA","slug":"ina"}],"_links":{"self":[{"href":"https:\/\/www.autonvaraosahaku.fi\/index.php?rest_route=\/wp\/v2\/product\/106292","targetHints":{"allow":["GET"]}}],"collection":[{"href":"https:\/\/www.autonvaraosahaku.fi\/index.php?rest_route=\/wp\/v2\/product"}],"about":[{"href":"https:\/\/www.autonvaraosahaku.fi\/index.php?rest_route=\/wp\/v2\/types\/product"}],"wp:attachment":[{"href":"https:\/\/www.autonvaraosahaku.fi\/index.php?rest_route=%2Fwp%2Fv2%2Fmedia&parent=106292"}],"wp:term":[{"taxonomy":"pwb-brand","embeddable":true,"href":"https:\/\/www.autonvaraosahaku.fi\/index.php?rest_route=%2Fwp%2Fv2%2Fpwb-brand&post=106292"},{"taxonomy":"product_cat","embeddable":true,"href":"https:\/\/www.autonvaraosahaku.fi\/index.php?rest_route=%2Fwp%2Fv2%2Fproduct_cat&post=106292"},{"taxonomy":"product_tag","embeddable":true,"href":"https:\/\/www.autonvaraosahaku.fi\/index.php?rest_route=%2Fwp%2Fv2%2Fproduct_tag&post=106292"}],"curies":[{"name":"wp","href":"https:\/\/api.w.org\/{rel}","templated":true}]}}