{"id":10633,"date":"2021-02-21T14:09:21","date_gmt":"2021-02-21T14:09:21","guid":{"rendered":"https:\/\/www.autonvaraosahaku.fi\/?product=master-sport-42015b-pcs-ms-tukivarren-hela"},"modified":"2021-02-21T14:09:23","modified_gmt":"2021-02-21T14:09:23","slug":"master-sport-42015b-pcs-ms-tukivarren-hela","status":"publish","type":"product","link":"https:\/\/www.autonvaraosahaku.fi\/?product=master-sport-42015b-pcs-ms-tukivarren-hela","title":{"rendered":"MASTER-SPORT 42015B-PCS-MS Tukivarren hela"},"content":{"rendered":"<p>Asennuspuoli: Ulompi, Taka-akseli, molemminpuolinen, Yl\u00e4puolella; Paksuus [mm]: 40,0; Paino [kg]: 0,11; Kiinnitysmalli: Kumimetallilaakeri; Sis\u00e4l\u00e4pimitta [mm]: 10,0; Ulkol\u00e4pimitta [mm]: 31,0; Nettopaino [kg]: 0,11; Bruttopaino [kg]: 0,16; Moottorinumero: D15Z1; HONDA: CIVIC VI Hatchback EJ, EK,CRX III EH, EG,CR-V I RD,CRX II ED, EE,CIVIC V Hatchback EG,CIVIC IV Hatchback EC, ED, EE,CIVIC VI Stufenheck EJ, EK,CIVIC V Stufenheck EG, EH,CIVIC IV Stufenheck ED,CIVIC II Shuttle EE; 52395SH0A01, 52395SH3004, 52395SH3005, 52395SK7000, 52395SK7004, 52395SR0A01, EGP1856<\/p>\n","protected":false},"excerpt":{"rendered":"<p>MASTER-SPORT Tukivarren Hela 42015B-PCS-MS  HONDA,CIVIC VI Hatchback EJ, EK,CRX III EH, EG,CR-V I RD,CRX II ED, EE,CIVIC V Hatchback EG<\/p>\n","protected":false},"featured_media":0,"template":"","meta":{"site-sidebar-layout":"default","site-content-layout":"default","ast-global-header-display":"","ast-main-header-display":"","ast-hfb-above-header-display":"","ast-hfb-below-header-display":"","ast-hfb-mobile-header-display":"","site-post-title":"","ast-breadcrumbs-content":"","ast-featured-img":"","footer-sml-layout":"","theme-transparent-header-meta":"","adv-header-id-meta":"","stick-header-meta":"","header-above-stick-meta":"","header-main-stick-meta":"","header-below-stick-meta":""},"pwb-brand":[61],"product_cat":[115],"product_tag":[],"class_list":{"0":"post-10633","1":"product","2":"type-product","3":"status-publish","5":"pwb-brand-master-sport","6":"product_cat-tukivarren-hela","7":"desktop-align-left","8":"tablet-align-left","9":"mobile-align-left","11":"first","12":"instock","13":"product-type-external"},"brands":[{"id":61,"name":"MASTER-SPORT","slug":"master-sport"}],"_links":{"self":[{"href":"https:\/\/www.autonvaraosahaku.fi\/index.php?rest_route=\/wp\/v2\/product\/10633","targetHints":{"allow":["GET"]}}],"collection":[{"href":"https:\/\/www.autonvaraosahaku.fi\/index.php?rest_route=\/wp\/v2\/product"}],"about":[{"href":"https:\/\/www.autonvaraosahaku.fi\/index.php?rest_route=\/wp\/v2\/types\/product"}],"wp:attachment":[{"href":"https:\/\/www.autonvaraosahaku.fi\/index.php?rest_route=%2Fwp%2Fv2%2Fmedia&parent=10633"}],"wp:term":[{"taxonomy":"pwb-brand","embeddable":true,"href":"https:\/\/www.autonvaraosahaku.fi\/index.php?rest_route=%2Fwp%2Fv2%2Fpwb-brand&post=10633"},{"taxonomy":"product_cat","embeddable":true,"href":"https:\/\/www.autonvaraosahaku.fi\/index.php?rest_route=%2Fwp%2Fv2%2Fproduct_cat&post=10633"},{"taxonomy":"product_tag","embeddable":true,"href":"https:\/\/www.autonvaraosahaku.fi\/index.php?rest_route=%2Fwp%2Fv2%2Fproduct_tag&post=10633"}],"curies":[{"name":"wp","href":"https:\/\/api.w.org\/{rel}","templated":true}]}}