{"id":106350,"date":"2021-02-21T23:12:52","date_gmt":"2021-02-21T23:12:52","guid":{"rendered":"https:\/\/www.autonvaraosahaku.fi\/?product=ina-530-0062-10-jakohihna"},"modified":"2021-02-21T23:12:52","modified_gmt":"2021-02-21T23:12:52","slug":"ina-530-0062-10-jakohihna","status":"publish","type":"product","link":"https:\/\/www.autonvaraosahaku.fi\/?product=ina-530-0062-10-jakohihna","title":{"rendered":"INA 530 0062 10 Jakohihna"},"content":{"rendered":"<p>Hampaita 1: 81; Leveys 1 (mm): 21,00; Lis\u00e4tarvike\/lis\u00e4tieto: Asennusmateriaalilla; Sis\u00e4lt\u00e4\u00e4 rullat: 2; Varustelu ei alkuper\u00e4inen: ; Huomioi huolto-ohjeet: ; Apulaitteet: angetr. Agg.: Einspritzpumpe; VW: TRANSPORTER IV Bus 70XB, 70XC, 7DB, 7DW,TRANSPORTER IV Kasten 70XA,TRANSPORTER IV Pritsche\/Fahrgestell 70XD,LT 28-46 II Kasten 2DA, 2DD, 2DH,LT 28-35 II Bus 2DB, 2DE, 2DK,LT 28-46 II Pritsche\/Fahrgestell 2DC, 2DF, 2DG, 2DL, 2DM; VOLVO: V70 II SW,V70 I LV,850 Kombi LW,S80 I TS, XY,850 LS,S70 LS; 074130113E, 074130113J, 074130195, 074130195B, 074130245, 074198119, 074198119B, 074130113E, 074130113J, 074130195, 074130195B, 074130245, 074198119, 074198119B, 074130113E, 074130113J, 074130195, 074130195B, 074130245, 074198119, 074198119B, 074130113E, 074130113J, 9179393, 9180594, 9180624, 9202398, 9207927, 92079276, 074130113E, 074130113J, 074130195, 074130195B, 074130245, 074198119, 074198119B; Hammashihnasarja<\/p>\n","protected":false},"excerpt":{"rendered":"<p>INA Jakohihnasarja 530 0062 10 Hammashihnasarja VW,VOLVO,TRANSPORTER IV Bus 70XB, 70XC, 7DB, 7DW,TRANSPORTER IV Kasten 70XA<\/p>\n","protected":false},"featured_media":0,"template":"","meta":{"site-sidebar-layout":"default","site-content-layout":"default","ast-global-header-display":"","ast-main-header-display":"","ast-hfb-above-header-display":"","ast-hfb-below-header-display":"","ast-hfb-mobile-header-display":"","site-post-title":"","ast-breadcrumbs-content":"","ast-featured-img":"","footer-sml-layout":"","theme-transparent-header-meta":"","adv-header-id-meta":"","stick-header-meta":"","header-above-stick-meta":"","header-main-stick-meta":"","header-below-stick-meta":""},"pwb-brand":[564],"product_cat":[266],"product_tag":[],"class_list":{"0":"post-106350","1":"product","2":"type-product","3":"status-publish","5":"pwb-brand-ina","6":"product_cat-jakohihna","7":"desktop-align-left","8":"tablet-align-left","9":"mobile-align-left","11":"first","12":"instock","13":"product-type-external"},"brands":[{"id":564,"name":"INA","slug":"ina"}],"_links":{"self":[{"href":"https:\/\/www.autonvaraosahaku.fi\/index.php?rest_route=\/wp\/v2\/product\/106350","targetHints":{"allow":["GET"]}}],"collection":[{"href":"https:\/\/www.autonvaraosahaku.fi\/index.php?rest_route=\/wp\/v2\/product"}],"about":[{"href":"https:\/\/www.autonvaraosahaku.fi\/index.php?rest_route=\/wp\/v2\/types\/product"}],"wp:attachment":[{"href":"https:\/\/www.autonvaraosahaku.fi\/index.php?rest_route=%2Fwp%2Fv2%2Fmedia&parent=106350"}],"wp:term":[{"taxonomy":"pwb-brand","embeddable":true,"href":"https:\/\/www.autonvaraosahaku.fi\/index.php?rest_route=%2Fwp%2Fv2%2Fpwb-brand&post=106350"},{"taxonomy":"product_cat","embeddable":true,"href":"https:\/\/www.autonvaraosahaku.fi\/index.php?rest_route=%2Fwp%2Fv2%2Fproduct_cat&post=106350"},{"taxonomy":"product_tag","embeddable":true,"href":"https:\/\/www.autonvaraosahaku.fi\/index.php?rest_route=%2Fwp%2Fv2%2Fproduct_tag&post=106350"}],"curies":[{"name":"wp","href":"https:\/\/api.w.org\/{rel}","templated":true}]}}