{"id":10636,"date":"2021-02-21T14:09:21","date_gmt":"2021-02-21T14:09:21","guid":{"rendered":"https:\/\/www.autonvaraosahaku.fi\/?product=metzger-0916372-muut-luokat"},"modified":"2021-02-21T14:09:23","modified_gmt":"2021-02-21T14:09:23","slug":"metzger-0916372-muut-luokat","status":"publish","type":"product","link":"https:\/\/www.autonvaraosahaku.fi\/?product=metzger-0916372-muut-luokat","title":{"rendered":"METZGER 0916372 Muut luokat"},"content":{"rendered":"<p>V\u00e4ri: musta\/valkoinen; Ulko-\/sis\u00e4peili: k\u00e4sin poisk\u00e4\u00e4nnett\u00e4v\u00e4, L\u00e4mmitett\u00e4v\u00e4; Vasen \/ oikea liikenne: Ohjaus vasemmalla; K\u00e4ytt\u00f6: S\u00e4hk\u00f6inen; Versio: AM; Asennuspuoli: fahrerseitig; VW: GOLF V 1K1,GOLF VI 5K1,PASSAT Variant 3C5,GOLF PLUS 5M1, 521,PASSAT 3C2,TIGUAN 5N_,PASSAT Variant 365,GOLF VI Variant AJ5,GOLF V Variant 1K5,EOS 1F7, 1F8,PASSAT CC 357,SHARAN 7N1, 7N2,JETTA III 1K2,PASSAT 362,CC 358,GOLF VI Cabriolet 517,PASSAT ALLTRACK 365; SEAT: ALHAMBRA 710, 711<\/p>\n","protected":false},"excerpt":{"rendered":"<p>METZGER Kytkin, Peilin S\u00e4\u00e4t\u00f6 0916372  VW,SEAT,GOLF V 1K1,GOLF VI 5K1,PASSAT Variant 3C5,GOLF PLUS 5M1, 521,PASSAT 3C2,TIGUAN 5N_,PASSAT Variant 365<\/p>\n","protected":false},"featured_media":0,"template":"","meta":{"site-sidebar-layout":"default","site-content-layout":"default","ast-global-header-display":"","ast-main-header-display":"","ast-hfb-above-header-display":"","ast-hfb-below-header-display":"","ast-hfb-mobile-header-display":"","site-post-title":"","ast-breadcrumbs-content":"","ast-featured-img":"","footer-sml-layout":"","theme-transparent-header-meta":"","adv-header-id-meta":"","stick-header-meta":"","header-above-stick-meta":"","header-main-stick-meta":"","header-below-stick-meta":""},"pwb-brand":[69],"product_cat":[37],"product_tag":[],"class_list":{"0":"post-10636","1":"product","2":"type-product","3":"status-publish","5":"pwb-brand-metzger","6":"product_cat-muut-luokat","7":"desktop-align-left","8":"tablet-align-left","9":"mobile-align-left","11":"first","12":"instock","13":"product-type-external"},"brands":[{"id":69,"name":"METZGER","slug":"metzger"}],"_links":{"self":[{"href":"https:\/\/www.autonvaraosahaku.fi\/index.php?rest_route=\/wp\/v2\/product\/10636","targetHints":{"allow":["GET"]}}],"collection":[{"href":"https:\/\/www.autonvaraosahaku.fi\/index.php?rest_route=\/wp\/v2\/product"}],"about":[{"href":"https:\/\/www.autonvaraosahaku.fi\/index.php?rest_route=\/wp\/v2\/types\/product"}],"wp:attachment":[{"href":"https:\/\/www.autonvaraosahaku.fi\/index.php?rest_route=%2Fwp%2Fv2%2Fmedia&parent=10636"}],"wp:term":[{"taxonomy":"pwb-brand","embeddable":true,"href":"https:\/\/www.autonvaraosahaku.fi\/index.php?rest_route=%2Fwp%2Fv2%2Fpwb-brand&post=10636"},{"taxonomy":"product_cat","embeddable":true,"href":"https:\/\/www.autonvaraosahaku.fi\/index.php?rest_route=%2Fwp%2Fv2%2Fproduct_cat&post=10636"},{"taxonomy":"product_tag","embeddable":true,"href":"https:\/\/www.autonvaraosahaku.fi\/index.php?rest_route=%2Fwp%2Fv2%2Fproduct_tag&post=10636"}],"curies":[{"name":"wp","href":"https:\/\/api.w.org\/{rel}","templated":true}]}}