{"id":106379,"date":"2021-02-21T23:12:58","date_gmt":"2021-02-21T23:12:58","guid":{"rendered":"https:\/\/www.autonvaraosahaku.fi\/?product=ina-535-0187-10-laturin-vapaakytkin"},"modified":"2021-02-21T23:13:00","modified_gmt":"2021-02-21T23:13:00","slug":"ina-535-0187-10-laturin-vapaakytkin","status":"publish","type":"product","link":"https:\/\/www.autonvaraosahaku.fi\/?product=ina-535-0187-10-laturin-vapaakytkin","title":{"rendered":"INA 535 0187 10 Laturin vapaakytkin"},"content":{"rendered":"<p>Rihloja (kpl): 5; Ensimm\u00e4isen uran v\u00e4li [mm]: 18,4; Leveys (mm): 40,3; L\u00e4pimitta 1\/l\u00e4pimitta 2 [mm]: 57,0\/17,0; valmistenumerolle: F-236071.XX; Korvaava tuote\/korvaava tiedote 2: Erikoisty\u00f6kalu tarpeen asennuksessa; Huomioi huolto-ohjeet: ; Vaihteistomalli: Automatikgetriebe; KIA: PICANTO BA,CEE&#8217;D SW ED,CEE&#8217;D Schr\u00e4gheck ED,VENGA YN,RIO III UB,RIO II JB,CEE&#8217;D JD,CARENS III UN,CEE`D Sportswagon JD,PRO CEE&#8217;D ED,CARENS IV,SOUL AM,CERATO LD,PRO CEE\u00b4D JD,CERATO Stufenheck LD,RIO II Stufenheck JB,OPTIMA,SOUL II PS,OPTIMA Sportswagon,CERATO YD Stufenheck,RIO IV YB,CEE&#8217;D Combi Van JD,STONIC YB; HYUNDAI: i30 FD,GETZ TB,i10 PA,i20 PB, PBT,i30 CW FD,i40 CW VF,i30 GD,MATRIX FC,i30 CW GD,i30 Coupe,i40 VF,ACCENT III MC,ACCENT III Stufenheck MC,ELANTRA Stufenheck MD, UD,ACCENT IV RB,i20 GB,ELANTRA Stufenheck HD,ACCENT IV Stufenheck RB,i20 ACTIVE GB,i20 Coupe,ELANTRA Stufenheck AD; 373002A000, 373002A010, 373002A050, 373002A100, 373002A110, 373002A150, 373002A300, 373002A400, 373002A401, 373002A500, 373002A600, 373002A601, 373002A800, 373002A805, 373002A900, 373002A910, 373002A950, 373222A000, 373222A100, 373222A110, 373222A120, 373222A500, 373002A000, 373002A010, 373002A050, 373002A100, 373002A110, 373002A150, 373002A300, 373002A400, 373002A401, 373002A500, 373002A600, 373002A601, 373002A800, 373002A805, 373002A900, 373002A910, 373002A950, 373222A000, 373222A100, 373222A110, 373222A120, 373222A500; Laturin Hihnapy\u00f6r\u00e4,Vapaakytkin<\/p>\n","protected":false},"excerpt":{"rendered":"<p>INA Laturin Vapaakytkin 535 0187 10 Laturin Hihnapy\u00f6r\u00e4,Vapaakytkin KIA,HYUNDAI,PICANTO BA,CEE&#8217;D SW ED,CEE&#8217;D Schr\u00e4gheck ED,VENGA YN,RIO III UB<\/p>\n","protected":false},"featured_media":0,"template":"","meta":{"site-sidebar-layout":"default","site-content-layout":"default","ast-global-header-display":"","ast-main-header-display":"","ast-hfb-above-header-display":"","ast-hfb-below-header-display":"","ast-hfb-mobile-header-display":"","site-post-title":"","ast-breadcrumbs-content":"","ast-featured-img":"","footer-sml-layout":"","theme-transparent-header-meta":"","adv-header-id-meta":"","stick-header-meta":"","header-above-stick-meta":"","header-main-stick-meta":"","header-below-stick-meta":""},"pwb-brand":[564],"product_cat":[443],"product_tag":[],"class_list":{"0":"post-106379","1":"product","2":"type-product","3":"status-publish","5":"pwb-brand-ina","6":"product_cat-laturin-vapaakytkin","7":"desktop-align-left","8":"tablet-align-left","9":"mobile-align-left","11":"first","12":"instock","13":"product-type-external"},"brands":[{"id":564,"name":"INA","slug":"ina"}],"_links":{"self":[{"href":"https:\/\/www.autonvaraosahaku.fi\/index.php?rest_route=\/wp\/v2\/product\/106379","targetHints":{"allow":["GET"]}}],"collection":[{"href":"https:\/\/www.autonvaraosahaku.fi\/index.php?rest_route=\/wp\/v2\/product"}],"about":[{"href":"https:\/\/www.autonvaraosahaku.fi\/index.php?rest_route=\/wp\/v2\/types\/product"}],"wp:attachment":[{"href":"https:\/\/www.autonvaraosahaku.fi\/index.php?rest_route=%2Fwp%2Fv2%2Fmedia&parent=106379"}],"wp:term":[{"taxonomy":"pwb-brand","embeddable":true,"href":"https:\/\/www.autonvaraosahaku.fi\/index.php?rest_route=%2Fwp%2Fv2%2Fpwb-brand&post=106379"},{"taxonomy":"product_cat","embeddable":true,"href":"https:\/\/www.autonvaraosahaku.fi\/index.php?rest_route=%2Fwp%2Fv2%2Fproduct_cat&post=106379"},{"taxonomy":"product_tag","embeddable":true,"href":"https:\/\/www.autonvaraosahaku.fi\/index.php?rest_route=%2Fwp%2Fv2%2Fproduct_tag&post=106379"}],"curies":[{"name":"wp","href":"https:\/\/api.w.org\/{rel}","templated":true}]}}