{"id":106380,"date":"2021-02-21T23:12:58","date_gmt":"2021-02-21T23:12:58","guid":{"rendered":"https:\/\/www.autonvaraosahaku.fi\/?product=ina-535-0105-10-laturin-vapaakytkin"},"modified":"2021-02-21T23:13:01","modified_gmt":"2021-02-21T23:13:01","slug":"ina-535-0105-10-laturin-vapaakytkin","status":"publish","type":"product","link":"https:\/\/www.autonvaraosahaku.fi\/?product=ina-535-0105-10-laturin-vapaakytkin","title":{"rendered":"INA 535 0105 10 Laturin vapaakytkin"},"content":{"rendered":"<p>Rihloja (kpl): 6; Ensimm\u00e4isen uran v\u00e4li [mm]: 17,45; Leveys (mm): 43,6; L\u00e4pimitta 1\/l\u00e4pimitta 2 [mm]: 55,0\/17,0; valmistenumerolle: F-552973.XX, F-557755.XX, F-550181.XX; Korvaava tuote\/korvaava tiedote 2: Erikoisty\u00f6kalu tarpeen asennuksessa; Huomioi huolto-ohjeet: ; Huomioi asennusohje: ; Moottorinumero: K9K 830; AUDI: A6 Avant 4F5, C6,A6 4F2, C6; NISSAN: MICRA III K12,NOTE E11,ALMERA II Hatchback N16,MICRA IV K13,NV200 EVALIA,TIIDA Schr\u00e4gheck,NV200 Kasten,ALMERA Mk II N16,TIIDA Stufenheck SC11X,KUBISTAR Kasten X80,MICRA V K14; MERCEDES-BENZ: CITAN Kasten 415,CITAN Kombi 415,CITAN Mixto 415; DACIA: DUSTER,SANDERO,LOGAN MCV KS_,SANDERO II,LODGY,LOGAN MCV II,DOKKER,LOGAN LS_,DOKKER Express,LOGAN EXPRESS FS_,LOGAN Pick-up US_,LOGAN II,SOLENZA,DUSTER Kasten; RENAULT: CLIO II BB0\/1\/2_, CB0\/1\/2_,CLIO III BR0\/1, CR0\/1,SC\u00c9NIC II JM0\/1_,KANGOO KC0\/1_,TWINGO II CN0_,MEGANE III Grandtour KZ0\/1,LAGUNA II Grandtour KG0\/1_,MEGANE II Kombi KM0\/1_,SC\u00c9NIC I JA0\/1_,MEGANE II Coup\u00e9-Cabriolet EM0\/1_,SC\u00c9NIC III JZ0\/1_,MEGANE Scenic JA0\/1_,CLIO IV,MEGANE III Schr\u00e4gheck BZ0_,LAGUNA II BG0\/1_,MEGANE II BM0\/1_, CM0\/1_,GRAND SC\u00c9NIC III JZ0\/1_,MEGANE I BA0\/1_,MEGANE III Coupe DZ0\/1_,KANGOO \/ GRAND KANGOO KW0\/1_,KANGOO Express FC0\/1_,CLIO Grandtour KR0\/1_,GRAND SC\u00c9NIC II JM0\/1_,MEGANE I Grandtour KA0\/1_,MEGANE I Cabriolet EA0\/1_,LAGUNA I B56_, 556_,CAPTUR,LAGUNA I Grandtour K56_,KANGOO Express FW0\/1_,MEGANE II Stufenheck LM0\/1_,CLIO Grandtour IV,MEGANE I Classic LA0\/1_,MEGANE I Coach DA0\/1_,KANGOO BE BOP KW0\/1_,MEGANE CC EZ0\/1_,CLIO II Kasten SB0\/1\/2_,LAGUNA Coupe DT0\/1,FLUENCE L30_,THALIA I LB0\/1\/2_,SANDERO\/STEPWAY I,DUSTER,LOGAN I Kombi KS_,LOGAN I LS_,THALIA II LU1\/2_,KADJAR,MEGANE IV B9A\/M_,MEGANE IV Grandtour K9A\/M_,TALISMAN Grandtour KP; 06E903016D, 06E903119K, 231000026R, 231000027R, 231000788R, 231001059R, 231001318R, 231003257R, 231003424R, 231003831R, 231004554R, 231004719R, 231004864R, 231005770R, 231007239R, 231007281R, 231007707R, 231007865R, 231008017R, 231008918R, 7700101274, 7700110616, 7700421477, 7700429217, 7700429310, 7700434899, 7700434900, 7701473614, 7701473636, 7701473637, 7701476806, 7701476809, 7701476811, 7701477001, 7701477689, 7701477694, 7701477710, 7701477711, 7701477712, 7711134313, 7711135871, 7711368356, 7711368619, 7711497093, 7711497094, 7711497139, 7711497265, 8200019706, 8200022774, 8200385098, 8200386806, 8200410681, 8200537415, 8200660040, 8200667608, 8200667614, 8200692865, 8200772726, 8201040655, 4159063500, 4159064900, A4159063500, A4159064900, 2310000Q0C, 2310000Q0D, 2310000Q0E, 2310000Q0G, 2310000Q2C, 2310000Q3H, 2310000Q4L, 2310000QAU, 2310000QBG, 2310000QBH, 231007707R, 231008017R, 231000026R, 231000027R, 231000788R, 231001059R, 231001318R, 231003257R, 231003424R, 231003831R, &#8230;; Laturin Hihnapy\u00f6r\u00e4,Vapaakytkin<\/p>\n","protected":false},"excerpt":{"rendered":"<p>INA Laturin Vapaakytkin 535 0105 10 Laturin Hihnapy\u00f6r\u00e4,Vapaakytkin AUDI,NISSAN,MERCEDES-BENZ,A6 Avant 4F5, C6,A6 4F2, C6,MICRA III K12,NOTE E11<\/p>\n","protected":false},"featured_media":0,"template":"","meta":{"site-sidebar-layout":"default","site-content-layout":"default","ast-global-header-display":"","ast-main-header-display":"","ast-hfb-above-header-display":"","ast-hfb-below-header-display":"","ast-hfb-mobile-header-display":"","site-post-title":"","ast-breadcrumbs-content":"","ast-featured-img":"","footer-sml-layout":"","theme-transparent-header-meta":"","adv-header-id-meta":"","stick-header-meta":"","header-above-stick-meta":"","header-main-stick-meta":"","header-below-stick-meta":""},"pwb-brand":[564],"product_cat":[443],"product_tag":[],"class_list":{"0":"post-106380","1":"product","2":"type-product","3":"status-publish","5":"pwb-brand-ina","6":"product_cat-laturin-vapaakytkin","7":"desktop-align-left","8":"tablet-align-left","9":"mobile-align-left","11":"first","12":"instock","13":"product-type-external"},"brands":[{"id":564,"name":"INA","slug":"ina"}],"_links":{"self":[{"href":"https:\/\/www.autonvaraosahaku.fi\/index.php?rest_route=\/wp\/v2\/product\/106380","targetHints":{"allow":["GET"]}}],"collection":[{"href":"https:\/\/www.autonvaraosahaku.fi\/index.php?rest_route=\/wp\/v2\/product"}],"about":[{"href":"https:\/\/www.autonvaraosahaku.fi\/index.php?rest_route=\/wp\/v2\/types\/product"}],"wp:attachment":[{"href":"https:\/\/www.autonvaraosahaku.fi\/index.php?rest_route=%2Fwp%2Fv2%2Fmedia&parent=106380"}],"wp:term":[{"taxonomy":"pwb-brand","embeddable":true,"href":"https:\/\/www.autonvaraosahaku.fi\/index.php?rest_route=%2Fwp%2Fv2%2Fpwb-brand&post=106380"},{"taxonomy":"product_cat","embeddable":true,"href":"https:\/\/www.autonvaraosahaku.fi\/index.php?rest_route=%2Fwp%2Fv2%2Fproduct_cat&post=106380"},{"taxonomy":"product_tag","embeddable":true,"href":"https:\/\/www.autonvaraosahaku.fi\/index.php?rest_route=%2Fwp%2Fv2%2Fproduct_tag&post=106380"}],"curies":[{"name":"wp","href":"https:\/\/api.w.org\/{rel}","templated":true}]}}