{"id":106402,"date":"2021-02-21T23:13:05","date_gmt":"2021-02-21T23:13:05","guid":{"rendered":"https:\/\/www.autonvaraosahaku.fi\/?product=ina-535-0140-10-laturin-vapaakytkin"},"modified":"2021-02-21T23:13:08","modified_gmt":"2021-02-21T23:13:08","slug":"ina-535-0140-10-laturin-vapaakytkin","status":"publish","type":"product","link":"https:\/\/www.autonvaraosahaku.fi\/?product=ina-535-0140-10-laturin-vapaakytkin","title":{"rendered":"INA 535 0140 10 Laturin vapaakytkin"},"content":{"rendered":"<p>Rihloja (kpl): 7; Ensimm\u00e4isen uran v\u00e4li [mm]: 19,4; Leveys (mm): 49,3; L\u00e4pimitta 1\/l\u00e4pimitta 2 [mm]: 50,0\/17,0; valmistenumerolle: F-239808.XX; Korvaava tuote\/korvaava tiedote 2: Erikoisty\u00f6kalu tarpeen asennuksessa; Huomioi huolto-ohjeet: ; Apulaitteet: angetr. Agg.: Klimakompressor; JEEP: GRAND CHEROKEE III WH, WK,COMMANDER XK; MERCEDES-BENZ: C-CLASS W203,E-CLASS W211,C-CLASS W204,C-CLASS T-Model S204,C-CLASS T-Model S203,E-CLASS T-Model S211,E-CLASS W212,VIANO W639,M-CLASS W164,E-CLASS T-Model S212,GLK-CLASS X204,VITO Bus W639,CLK C209,VITO \/ MIXTO Kasten W639,SPRINTER 3,5-t Kasten 906,S-CLASS W221,CLS C219,R-CLASS W251, V251,G-CLASS W463,E-CLASS Coupe C207,CLK Cabriolet A209,C-CLASS Coupe C204,SPRINTER 3,5-t Bus 906,SPRINTER 3-t Kasten 906,E-CLASS Cabriolet A207,GL-CLASS X164,G-CLASS W461,CLS C218,SPRINTER 3,5-t Pritsche\/Fahrgestell 906,CLS Shooting Brake X218,S-CLASS W222, V222, X222,SPRINTER 5-t Kasten 906,SPRINTER 5-t Pritsche\/Fahrgestell 906,SL R231,G-CLASS Cabrio W463,SPRINTER 3-t Pritsche\/Fahrgestell 906,SPRINTER 4,6-t Pritsche\/Fahrgestell 906,C-CLASS T-Model S205,SPRINTER 4,6-t Kasten 906,C-CLASS W205,SPRINTER 5-t Bus,GLC X253,GLC Coupe C253,S-CLASS Coupe C217,E-CLASS Coupe C238,E-CLASS Cabriolet A238,S-CLASS Cabriolet A217; CHRYSLER: 300 C Touring LX,300 C LX; 04801250AA, 04801250AB, 04801250AC, 04801250AD, 04896808AA, 04896808AB, 04896808AC, 05175765AA, 05175765AB, 05175811AA, 05175811AB, 68022877AA, 68022877AB, RX801250AD, 05175811AA, 05175811AB, 05175811AA, 05175811AB, 0009060322, 0009060822, 0009061904, 0009062700, 0009063701, 6261500060, 6421500360, 6421500660, 6421540202, 6421540402, 6421540802, A0009060322, A0009060822, A0009061904, A0009062700, A0009063701, A6261500060, A6421500360, A6421500660, A6421540202, A6421540402, A6421540802; Laturin Hihnapy\u00f6r\u00e4,Vapaakytkin<\/p>\n","protected":false},"excerpt":{"rendered":"<p>INA Laturin Vapaakytkin 535 0140 10 Laturin Hihnapy\u00f6r\u00e4,Vapaakytkin JEEP,MERCEDES-BENZ,CHRYSLER,GRAND CHEROKEE III WH, WK,COMMANDER XK,C-CLASS W203<\/p>\n","protected":false},"featured_media":0,"template":"","meta":{"site-sidebar-layout":"default","site-content-layout":"default","ast-global-header-display":"","ast-main-header-display":"","ast-hfb-above-header-display":"","ast-hfb-below-header-display":"","ast-hfb-mobile-header-display":"","site-post-title":"","ast-breadcrumbs-content":"","ast-featured-img":"","footer-sml-layout":"","theme-transparent-header-meta":"","adv-header-id-meta":"","stick-header-meta":"","header-above-stick-meta":"","header-main-stick-meta":"","header-below-stick-meta":""},"pwb-brand":[564],"product_cat":[443],"product_tag":[],"class_list":{"0":"post-106402","1":"product","2":"type-product","3":"status-publish","5":"pwb-brand-ina","6":"product_cat-laturin-vapaakytkin","7":"desktop-align-left","8":"tablet-align-left","9":"mobile-align-left","11":"first","12":"instock","13":"product-type-external"},"brands":[{"id":564,"name":"INA","slug":"ina"}],"_links":{"self":[{"href":"https:\/\/www.autonvaraosahaku.fi\/index.php?rest_route=\/wp\/v2\/product\/106402","targetHints":{"allow":["GET"]}}],"collection":[{"href":"https:\/\/www.autonvaraosahaku.fi\/index.php?rest_route=\/wp\/v2\/product"}],"about":[{"href":"https:\/\/www.autonvaraosahaku.fi\/index.php?rest_route=\/wp\/v2\/types\/product"}],"wp:attachment":[{"href":"https:\/\/www.autonvaraosahaku.fi\/index.php?rest_route=%2Fwp%2Fv2%2Fmedia&parent=106402"}],"wp:term":[{"taxonomy":"pwb-brand","embeddable":true,"href":"https:\/\/www.autonvaraosahaku.fi\/index.php?rest_route=%2Fwp%2Fv2%2Fpwb-brand&post=106402"},{"taxonomy":"product_cat","embeddable":true,"href":"https:\/\/www.autonvaraosahaku.fi\/index.php?rest_route=%2Fwp%2Fv2%2Fproduct_cat&post=106402"},{"taxonomy":"product_tag","embeddable":true,"href":"https:\/\/www.autonvaraosahaku.fi\/index.php?rest_route=%2Fwp%2Fv2%2Fproduct_tag&post=106402"}],"curies":[{"name":"wp","href":"https:\/\/api.w.org\/{rel}","templated":true}]}}