{"id":106444,"date":"2021-02-21T23:13:17","date_gmt":"2021-02-21T23:13:17","guid":{"rendered":"https:\/\/www.autonvaraosahaku.fi\/?product=ina-530-0187-10-jakohihna"},"modified":"2021-02-21T23:13:22","modified_gmt":"2021-02-21T23:13:22","slug":"ina-530-0187-10-jakohihna","status":"publish","type":"product","link":"https:\/\/www.autonvaraosahaku.fi\/?product=ina-530-0187-10-jakohihna","title":{"rendered":"INA 530 0187 10 Jakohihna"},"content":{"rendered":"<p>Hampaita 1: 118; Leveys 1 (mm): 19,00; Lis\u00e4tarvike\/lis\u00e4tieto: Asennusmateriaalilla; Korvaava tuote\/korvaava tiedote 2: V\u00e4lilevyll\u00e4; Moottorinumero: J7T; CITRO\u00cbN: CX II,CX I MA,CX II Break,CX I Break MA; PEUGEOT: 505 551A,505 Break 551D; RENAULT: ESPACE II J\/S63_,TRAFIC Kasten TXX,TRAFIC Bus TXW,SAFRANE I B54_,ESPACE I J11_,21 Stufenheck L48_,25 B29_,MASTER I Kasten T__,21 Kombi K48_,FUEGO 136_,21 B48_,MASTER I Bus T__,20 127_,MASTER I Pritsche\/Fahrgestell P__,TRAFIC Pritsche\/Fahrgestell PXX; 081632, 082910, 7700660586, 7700692315, 7700718726, 7700718836, 7700729581, 7700745215, 7700853660, 7700856351, 7700871168, 7701468161, 7701468166, 7701469823, 081632, 082910, 7700660586, 7700692315, 7700718726, 7700718836, 7700729581, 7700745215, 7700853660, 7700856351, 7700871168, 7701468161, 7701468166, 7701469823; Hammashihnasarja<\/p>\n","protected":false},"excerpt":{"rendered":"<p>INA Jakohihnasarja 530 0187 10 Hammashihnasarja CITRO\u00cbN,PEUGEOT,RENAULT,CX II,CX I MA,CX II Break,CX I Break MA,505 551A,505 Break 551D<\/p>\n","protected":false},"featured_media":0,"template":"","meta":{"site-sidebar-layout":"default","site-content-layout":"default","ast-global-header-display":"","ast-main-header-display":"","ast-hfb-above-header-display":"","ast-hfb-below-header-display":"","ast-hfb-mobile-header-display":"","site-post-title":"","ast-breadcrumbs-content":"","ast-featured-img":"","footer-sml-layout":"","theme-transparent-header-meta":"","adv-header-id-meta":"","stick-header-meta":"","header-above-stick-meta":"","header-main-stick-meta":"","header-below-stick-meta":""},"pwb-brand":[564],"product_cat":[266],"product_tag":[],"class_list":{"0":"post-106444","1":"product","2":"type-product","3":"status-publish","5":"pwb-brand-ina","6":"product_cat-jakohihna","7":"desktop-align-left","8":"tablet-align-left","9":"mobile-align-left","11":"first","12":"instock","13":"product-type-external"},"brands":[{"id":564,"name":"INA","slug":"ina"}],"_links":{"self":[{"href":"https:\/\/www.autonvaraosahaku.fi\/index.php?rest_route=\/wp\/v2\/product\/106444","targetHints":{"allow":["GET"]}}],"collection":[{"href":"https:\/\/www.autonvaraosahaku.fi\/index.php?rest_route=\/wp\/v2\/product"}],"about":[{"href":"https:\/\/www.autonvaraosahaku.fi\/index.php?rest_route=\/wp\/v2\/types\/product"}],"wp:attachment":[{"href":"https:\/\/www.autonvaraosahaku.fi\/index.php?rest_route=%2Fwp%2Fv2%2Fmedia&parent=106444"}],"wp:term":[{"taxonomy":"pwb-brand","embeddable":true,"href":"https:\/\/www.autonvaraosahaku.fi\/index.php?rest_route=%2Fwp%2Fv2%2Fpwb-brand&post=106444"},{"taxonomy":"product_cat","embeddable":true,"href":"https:\/\/www.autonvaraosahaku.fi\/index.php?rest_route=%2Fwp%2Fv2%2Fproduct_cat&post=106444"},{"taxonomy":"product_tag","embeddable":true,"href":"https:\/\/www.autonvaraosahaku.fi\/index.php?rest_route=%2Fwp%2Fv2%2Fproduct_tag&post=106444"}],"curies":[{"name":"wp","href":"https:\/\/api.w.org\/{rel}","templated":true}]}}