{"id":106460,"date":"2021-02-21T23:13:24","date_gmt":"2021-02-21T23:13:24","guid":{"rendered":"https:\/\/www.autonvaraosahaku.fi\/?product=ina-530-0332-10-jakohihna"},"modified":"2021-02-21T23:13:27","modified_gmt":"2021-02-21T23:13:27","slug":"ina-530-0332-10-jakohihna","status":"publish","type":"product","link":"https:\/\/www.autonvaraosahaku.fi\/?product=ina-530-0332-10-jakohihna","title":{"rendered":"INA 530 0332 10 Jakohihna"},"content":{"rendered":"<p>Hampaita 1: 127; Leveys 1 (mm): 25,40; Lis\u00e4tarvike\/lis\u00e4tieto: Perustelineell\u00e4, Asennusmateriaalilla; Huomioi huolto-ohjeet: ; Moottorinumero: LXT; CHEVROLET: NUBIRA Kombi,CRUZE J300,KALOS,AVEO Schr\u00e4gheck T250, T255,CRUZE Schr\u00e4gheck J305,LACETTI J200,AVEO Stufenheck T250, T255,REZZO,KALOS Stufenheck,NUBIRA Stufenheck,AVEO Stufenheck T200,LACETTI Kombi J200,AVEO Schr\u00e4gheck T200,LACETTI Stufenheck; DAEWOO: KALOS KLAS,REZZO KLAU,LANOS KLAT,LACETTI Schr\u00e4gheck KLAN,NUBIRA Stufenheck KLAN,KALOS Stufenheck KLAS,NUBIRA Wagon KLAN,NUBIRA Wagon KLAJ,LANOS Stufenheck KLAT,NEXIA KLETN,NUBIRA Stufenheck KLAJ,ESPERO KLEJ,NUBIRA KLAJ,NEXIA Stufenheck KLETN,CIELO Stufenheck,LACETTI J150  Stufenheck,NEXIA Stufenheck,NUBIRA J150,NUBIRA Kombi J150,NUBIRA Stufenheck J150; 5492574, 5494236, 96350526, 96814098, 25183772, 96183352, 96417177, 96814098, 5094008601, 96103128, 96103222, 96183351, 96183352, 96350526, 96350550, 96417177, 96814098; Hammashihnasarja<\/p>\n","protected":false},"excerpt":{"rendered":"<p>INA Jakohihnasarja 530 0332 10 Hammashihnasarja CHEVROLET,DAEWOO,NUBIRA Kombi,CRUZE J300,KALOS,AVEO Schr\u00e4gheck T250, T255,CRUZE Schr\u00e4gheck J305<\/p>\n","protected":false},"featured_media":0,"template":"","meta":{"site-sidebar-layout":"default","site-content-layout":"default","ast-global-header-display":"","ast-main-header-display":"","ast-hfb-above-header-display":"","ast-hfb-below-header-display":"","ast-hfb-mobile-header-display":"","site-post-title":"","ast-breadcrumbs-content":"","ast-featured-img":"","footer-sml-layout":"","theme-transparent-header-meta":"","adv-header-id-meta":"","stick-header-meta":"","header-above-stick-meta":"","header-main-stick-meta":"","header-below-stick-meta":""},"pwb-brand":[564],"product_cat":[266],"product_tag":[],"class_list":{"0":"post-106460","1":"product","2":"type-product","3":"status-publish","5":"pwb-brand-ina","6":"product_cat-jakohihna","7":"desktop-align-left","8":"tablet-align-left","9":"mobile-align-left","11":"first","12":"instock","13":"product-type-external"},"brands":[{"id":564,"name":"INA","slug":"ina"}],"_links":{"self":[{"href":"https:\/\/www.autonvaraosahaku.fi\/index.php?rest_route=\/wp\/v2\/product\/106460","targetHints":{"allow":["GET"]}}],"collection":[{"href":"https:\/\/www.autonvaraosahaku.fi\/index.php?rest_route=\/wp\/v2\/product"}],"about":[{"href":"https:\/\/www.autonvaraosahaku.fi\/index.php?rest_route=\/wp\/v2\/types\/product"}],"wp:attachment":[{"href":"https:\/\/www.autonvaraosahaku.fi\/index.php?rest_route=%2Fwp%2Fv2%2Fmedia&parent=106460"}],"wp:term":[{"taxonomy":"pwb-brand","embeddable":true,"href":"https:\/\/www.autonvaraosahaku.fi\/index.php?rest_route=%2Fwp%2Fv2%2Fpwb-brand&post=106460"},{"taxonomy":"product_cat","embeddable":true,"href":"https:\/\/www.autonvaraosahaku.fi\/index.php?rest_route=%2Fwp%2Fv2%2Fproduct_cat&post=106460"},{"taxonomy":"product_tag","embeddable":true,"href":"https:\/\/www.autonvaraosahaku.fi\/index.php?rest_route=%2Fwp%2Fv2%2Fproduct_tag&post=106460"}],"curies":[{"name":"wp","href":"https:\/\/api.w.org\/{rel}","templated":true}]}}