{"id":106466,"date":"2021-02-21T23:13:24","date_gmt":"2021-02-21T23:13:24","guid":{"rendered":"https:\/\/www.autonvaraosahaku.fi\/?product=ina-530-0539-30-vesipumppu-jakohihnasarja"},"modified":"2021-02-21T23:13:28","modified_gmt":"2021-02-21T23:13:28","slug":"ina-530-0539-30-vesipumppu-jakohihnasarja","status":"publish","type":"product","link":"https:\/\/www.autonvaraosahaku.fi\/?product=ina-530-0539-30-vesipumppu-jakohihnasarja","title":{"rendered":"INA 530 0539 30 Vesipumppu + jakohihnasarja"},"content":{"rendered":"<p>Hihnojen m\u00e4\u00e4r\u00e4: 2; Hampaita 1: 207; Leveys 1 (mm): 30,0; Hampaita 2: 87; Leveys 2 (mm): 24,0; Korvaava tuote\/korvaava tiedote 2: Termostaatilla, Kiristysvaimentimella ja -rullalla; Avausl\u00e4mp\u00f6tila [\u00b0C]: 87; Vain jnk. yhteydess\u00e4: 059 121 004 C, 078 121 113 F; Lis\u00e4tarvike\/lis\u00e4tieto: kiristimell\u00e4 ja rullalla, Asennusmateriaalilla; Huomioi huolto-ohjeet: , , ; Apulaitteet: angetr. Agg.: Nockenwelle; VW: PASSAT Variant 3B6,PASSAT Variant 3B5,PASSAT 3B2,PASSAT 3B3; AUDI: A4 8D2, B5,A4 Avant 8ED, B7,A4 Avant 8E5, B6,A6 Avant 4B5, C5,A4 Avant 8D5, B5,A4 8E2, B6,A6 4B2, C5,A4 Cabriolet 8H7, B6, 8HE, B7,A4 8EC, B7,A8 4D2, 4D8,ALLROAD 4BH, C5; SKODA: SUPERB 3U4; 059109119A, 059109119B, 059109243D, 059109243F, 059109243G, 059109243J, 059109243L, 059109244, 059109244A, 059109244B, 059109479B, 059109487A, 059109487B, 059109487C, 059121004B, 059121004C, 059121004CX, 059121004D, 059121004DX, 059121004E, 059121004EX, 059130113, 059130113A, 059130113B, 078121113F, 059109119A, 059109119B, 059109243D, 059109243F, 059109243G, 059109243J, 059109243L, 059109244, 059109244A, 059109244B, 059109479B, 059109487A, 059109487B, 059109487C, 059121004B, 059121004C, 059121004CX, 059121004D, 059121004DX, 059121004E, 059121004EX, 059130113, 059130113A, 059130113B, 078121113F, 059109119A, 059109119B, 059109243D, 059109243F, 059109243G, 059109243J, 059109243L, 059109244, 059109244A, 059109244B, 059109479B, 059109487A, 059109487B, 059109487C, 059121004B, 059121004C, 059121004CX, 059121004D, 059121004DX, 059121004E, 059121004EX, 059130113, 059130113A, 059130113B, 078121113F, 059109119A, 059109119B, 059109243D, 059109243F, 059109243G, 059109243J, 059109243L, 059109244, &#8230;<\/p>\n","protected":false},"excerpt":{"rendered":"<p>INA Vesipumppu + Jakohihnasarja 530 0539 30  VW,AUDI,SKODA,PASSAT Variant 3B6,PASSAT Variant 3B5,PASSAT 3B2,PASSAT 3B3,A4 8D2, B5,A4 Avant 8ED, B7<\/p>\n","protected":false},"featured_media":0,"template":"","meta":{"site-sidebar-layout":"default","site-content-layout":"default","ast-global-header-display":"","ast-main-header-display":"","ast-hfb-above-header-display":"","ast-hfb-below-header-display":"","ast-hfb-mobile-header-display":"","site-post-title":"","ast-breadcrumbs-content":"","ast-featured-img":"","footer-sml-layout":"","theme-transparent-header-meta":"","adv-header-id-meta":"","stick-header-meta":"","header-above-stick-meta":"","header-main-stick-meta":"","header-below-stick-meta":""},"pwb-brand":[564],"product_cat":[321],"product_tag":[],"class_list":{"0":"post-106466","1":"product","2":"type-product","3":"status-publish","5":"pwb-brand-ina","6":"product_cat-vesipumppu-jakohihnasarja","7":"desktop-align-left","8":"tablet-align-left","9":"mobile-align-left","11":"first","12":"instock","13":"product-type-external"},"brands":[{"id":564,"name":"INA","slug":"ina"}],"_links":{"self":[{"href":"https:\/\/www.autonvaraosahaku.fi\/index.php?rest_route=\/wp\/v2\/product\/106466","targetHints":{"allow":["GET"]}}],"collection":[{"href":"https:\/\/www.autonvaraosahaku.fi\/index.php?rest_route=\/wp\/v2\/product"}],"about":[{"href":"https:\/\/www.autonvaraosahaku.fi\/index.php?rest_route=\/wp\/v2\/types\/product"}],"wp:attachment":[{"href":"https:\/\/www.autonvaraosahaku.fi\/index.php?rest_route=%2Fwp%2Fv2%2Fmedia&parent=106466"}],"wp:term":[{"taxonomy":"pwb-brand","embeddable":true,"href":"https:\/\/www.autonvaraosahaku.fi\/index.php?rest_route=%2Fwp%2Fv2%2Fpwb-brand&post=106466"},{"taxonomy":"product_cat","embeddable":true,"href":"https:\/\/www.autonvaraosahaku.fi\/index.php?rest_route=%2Fwp%2Fv2%2Fproduct_cat&post=106466"},{"taxonomy":"product_tag","embeddable":true,"href":"https:\/\/www.autonvaraosahaku.fi\/index.php?rest_route=%2Fwp%2Fv2%2Fproduct_tag&post=106466"}],"curies":[{"name":"wp","href":"https:\/\/api.w.org\/{rel}","templated":true}]}}