{"id":106487,"date":"2021-02-21T23:13:30","date_gmt":"2021-02-21T23:13:30","guid":{"rendered":"https:\/\/www.autonvaraosahaku.fi\/?product=ina-529-0023-10-moniurahihna"},"modified":"2021-02-21T23:13:35","modified_gmt":"2021-02-21T23:13:35","slug":"ina-529-0023-10-moniurahihna","status":"publish","type":"product","link":"https:\/\/www.autonvaraosahaku.fi\/?product=ina-529-0023-10-moniurahihna","title":{"rendered":"INA 529 0023 10 Moniurahihna"},"content":{"rendered":"<p>Pituus 1 (mm): 1053; kiiloja: 6; Hihnapy\u00f6r\u00e4t: V\u00e4lihihnapy\u00f6r\u00e4ll\u00e4; Korvaava tuote\/korvaava tiedote 2: Tarkasta laturin liikkuvuus ja vaihda tarvittaessa.; Huomioi huolto-ohjeet: ; Apulaitteet: angetr. Agg.: Generator; VW: GOLF V 1K1,GOLF VI 5K1,PASSAT Variant 3C5,PASSAT 3C2,GOLF V Variant 1K5,EOS 1F7, 1F8,SCIROCCO 137, 138,JETTA III 1K2,GOLF VI Cabriolet 517,JETTA IV 162, 163; AUDI: A3 8P1,A3 Sportback 8PA,TT 8J3,A1 8X1, 8XF,TT Roadster 8J9; SKODA: OCTAVIA Combi 1Z5,OCTAVIA 1Z3; SEAT: LEON 1P1,ALTEA 5P1,ALTEA XL 5P5, 5P8,TOLEDO III 5P2; 021903119G, 022903119A, 022903119C, 028903119AM, 028903137AS, 038903119A, 038903119T, 06F260849L, 06F903315, 021903119G, 022903119A, 022903119C, 028903119AM, 028903137AS, 038903119A, 038903119T, 06F260849L, 06F903315, 021903119G, 022903119A, 022903119C, 028903119AM, 028903137AS, 038903119A, 038903119T, 06F260849L, 06F903315, 021903026A, 021903026G, 021903026L, 021903119G, 022903028A, 022903028B, 022903119A, 022903119C, 028903028E, 028903029G, 028903030, 028903030A, 028903119AM, 028903137AS, 038903018P, 038903018Q, 038903018QX, 038903023K, 038903023L, 038903023Q, 038903023R, 038903023S, 038903024A, 038903024B, 038903024C, 038903024D, 038903024E, 038903024F, 038903024G, 038903119A, 038903119S, 038903119T, 03G903016A, 03G903023, 03G903023X, 03L903023, 03L903023A, 03L903023B, 03L903023D, 03L903023E, 03L903023F, 03L903023G, 03L903023R, 03L903024, 03L903024A, 03L903024B, 03L903024E, 03L903024F, 03L903024J, 03L903024K, 03L903024M, 03P903023A, 03P903023B, 03P903023C, 03P903023D, 03P903023E, &#8230;<\/p>\n","protected":false},"excerpt":{"rendered":"<p>INA Moniurahihnasarja 529 0023 10  VW,AUDI,SKODA,GOLF V 1K1,GOLF VI 5K1,PASSAT Variant 3C5,PASSAT 3C2,GOLF V Variant 1K5,EOS 1F7, 1F8<\/p>\n","protected":false},"featured_media":0,"template":"","meta":{"site-sidebar-layout":"default","site-content-layout":"default","ast-global-header-display":"","ast-main-header-display":"","ast-hfb-above-header-display":"","ast-hfb-below-header-display":"","ast-hfb-mobile-header-display":"","site-post-title":"","ast-breadcrumbs-content":"","ast-featured-img":"","footer-sml-layout":"","theme-transparent-header-meta":"","adv-header-id-meta":"","stick-header-meta":"","header-above-stick-meta":"","header-main-stick-meta":"","header-below-stick-meta":""},"pwb-brand":[564],"product_cat":[23],"product_tag":[],"class_list":{"0":"post-106487","1":"product","2":"type-product","3":"status-publish","5":"pwb-brand-ina","6":"product_cat-moniurahihna","7":"desktop-align-left","8":"tablet-align-left","9":"mobile-align-left","11":"first","12":"instock","13":"product-type-external"},"brands":[{"id":564,"name":"INA","slug":"ina"}],"_links":{"self":[{"href":"https:\/\/www.autonvaraosahaku.fi\/index.php?rest_route=\/wp\/v2\/product\/106487","targetHints":{"allow":["GET"]}}],"collection":[{"href":"https:\/\/www.autonvaraosahaku.fi\/index.php?rest_route=\/wp\/v2\/product"}],"about":[{"href":"https:\/\/www.autonvaraosahaku.fi\/index.php?rest_route=\/wp\/v2\/types\/product"}],"wp:attachment":[{"href":"https:\/\/www.autonvaraosahaku.fi\/index.php?rest_route=%2Fwp%2Fv2%2Fmedia&parent=106487"}],"wp:term":[{"taxonomy":"pwb-brand","embeddable":true,"href":"https:\/\/www.autonvaraosahaku.fi\/index.php?rest_route=%2Fwp%2Fv2%2Fpwb-brand&post=106487"},{"taxonomy":"product_cat","embeddable":true,"href":"https:\/\/www.autonvaraosahaku.fi\/index.php?rest_route=%2Fwp%2Fv2%2Fproduct_cat&post=106487"},{"taxonomy":"product_tag","embeddable":true,"href":"https:\/\/www.autonvaraosahaku.fi\/index.php?rest_route=%2Fwp%2Fv2%2Fproduct_tag&post=106487"}],"curies":[{"name":"wp","href":"https:\/\/api.w.org\/{rel}","templated":true}]}}