{"id":106492,"date":"2021-02-21T23:13:36","date_gmt":"2021-02-21T23:13:36","guid":{"rendered":"https:\/\/www.autonvaraosahaku.fi\/?product=ina-535-0153-10-laturin-vapaakytkin"},"modified":"2021-02-21T23:13:37","modified_gmt":"2021-02-21T23:13:37","slug":"ina-535-0153-10-laturin-vapaakytkin","status":"publish","type":"product","link":"https:\/\/www.autonvaraosahaku.fi\/?product=ina-535-0153-10-laturin-vapaakytkin","title":{"rendered":"INA 535 0153 10 Laturin vapaakytkin"},"content":{"rendered":"<p>Rihloja (kpl): 7; Ensimm\u00e4isen uran v\u00e4li [mm]: 10,14; Leveys (mm): 38,3; L\u00e4pimitta 1\/l\u00e4pimitta 2 [mm]: 49,1\/17,0; valmistenumerolle: F-552305.XX; Korvaava tuote\/korvaava tiedote 2: Erikoisty\u00f6kalu tarpeen asennuksessa; Huomioi huolto-ohjeet: ; Moottorinumero: HRA2DDT; NISSAN: QASHQAI \/ QASHQAI +2 J10, JJ10,JUKE F15,X-TRAIL T31,QASHQAI J11, J11_,NV400 Kasten,NV400 Bus,NV400 Pritsche\/Fahrgestell,NV300 Kasten X82,NV300 Kombi X82; MERCEDES-BENZ: VITO Tourer W447,VITO Kasten W447,VITO Mixto W447; OPEL: MOVANO B Kasten,MOVANO B Bus,MOVANO B Pritsche\/Fahrgestell,VIVARO Combi,VIVARO Kasten,VIVARO Pritsche\/Fahrgestell; RENAULT: SC\u00c9NIC II JM0\/1_,MEGANE III Grandtour KZ0\/1,ESPACE IV JK0\/1_,LAGUNA II Grandtour KG0\/1_,MEGANE II Kombi KM0\/1_,MEGANE II Coup\u00e9-Cabriolet EM0\/1_,SC\u00c9NIC III JZ0\/1_,LAGUNA III Grandtour KT0\/1,MEGANE III Schr\u00e4gheck BZ0_,LAGUNA II BG0\/1_,MEGANE II BM0\/1_, CM0\/1_,GRAND SC\u00c9NIC III JZ0\/1_,MEGANE III Coupe DZ0\/1_,KOLEOS HY_,GRAND SC\u00c9NIC II JM0\/1_,LAGUNA III BT0\/1,MASTER III Kasten FV,MEGANE II Stufenheck LM0\/1_,MEGANE CC EZ0\/1_,VEL SATIS BJ0_,LAGUNA Coupe DT0\/1,MASTER III Bus JV,MASTER III Pritsche\/Fahrgestell EV, HV, UV,FLUENCE L30_,LATITUDE L70_,TRAFIC III Kasten,TRAFIC III Bus,KADJAR,MEGANE IV B9A\/M_,MEGANE IV Grandtour K9A\/M_,ESPACE V,TALISMAN Grandtour KP_,TALISMAN,GRAND SC\u00c9NIC IV R9_,SC\u00c9NIC IV J9_,KOLEOS II,MEGANE IV Stufenheck,TRAFIC III Pritsche\/Fahrgestell EG_; FIAT: TALENTO Kasten 296_,TALENTO Bus 296_,TALENTO Pritsche\/Fahrgestell 296_; VAUXHALL: MOVANO Mk II B VAN,VIVARO Kasten,VIVARO Combi,MOVANO Mk II B Chassis\/Cab; 231000024R, 2310000Q6C, 231001822R, 231002179R, 231004028R, 231004470R, 231006729R, 231008137R, 231009096R, 7711368888, 7711497596, 8200404464, 8200404465, 8200571531, 8200654785, 8200654789, 8200960536, 8200960538, 6000616552, 6000620578, 0009064022, 0009069605, 6229060100, A0009064022, A0009069605, A6229060100, 231000024R, 2310000Q3F, 2310000Q4G, 2310000Q5B, 2310000Q5G, 2310000Q6C, 231004028R, 231004470R, 231005907R, 231006729R, 231008137R, 231009096R, 23100BV80A, 23100JD71A, 23100JD71B, 23100JD75M, 23100JG71A, 23100JG71B, 23151JG71B, 1202345, 1202451, 1202452, 4407988, 4420658, 4422188, 4423924, 4424160, 231000024R, 2310000Q6C, 231001822R, 231002179R, 231004028R, 231004470R, 231006729R, 231008137R, 231009096R, 7711368888, 7711497596, 8200404464, 8200404465, 8200571531, 8200654785, 8200654789, 8200960536, 8200960538, 1202345, 1202451, 4407988, 4420658, 4422188, 4423924, 4424160; Laturin Hihnapy\u00f6r\u00e4,Vapaakytkin<\/p>\n","protected":false},"excerpt":{"rendered":"<p>INA Laturin Vapaakytkin 535 0153 10 Laturin Hihnapy\u00f6r\u00e4,Vapaakytkin NISSAN,MERCEDES-BENZ,OPEL,QASHQAI \/ QASHQAI +2 J10, JJ10,JUKE F15,X-TRAIL T31<\/p>\n","protected":false},"featured_media":0,"template":"","meta":{"site-sidebar-layout":"default","site-content-layout":"default","ast-global-header-display":"","ast-main-header-display":"","ast-hfb-above-header-display":"","ast-hfb-below-header-display":"","ast-hfb-mobile-header-display":"","site-post-title":"","ast-breadcrumbs-content":"","ast-featured-img":"","footer-sml-layout":"","theme-transparent-header-meta":"","adv-header-id-meta":"","stick-header-meta":"","header-above-stick-meta":"","header-main-stick-meta":"","header-below-stick-meta":""},"pwb-brand":[564],"product_cat":[443],"product_tag":[],"class_list":{"0":"post-106492","1":"product","2":"type-product","3":"status-publish","5":"pwb-brand-ina","6":"product_cat-laturin-vapaakytkin","7":"desktop-align-left","8":"tablet-align-left","9":"mobile-align-left","11":"first","12":"instock","13":"product-type-external"},"brands":[{"id":564,"name":"INA","slug":"ina"}],"_links":{"self":[{"href":"https:\/\/www.autonvaraosahaku.fi\/index.php?rest_route=\/wp\/v2\/product\/106492","targetHints":{"allow":["GET"]}}],"collection":[{"href":"https:\/\/www.autonvaraosahaku.fi\/index.php?rest_route=\/wp\/v2\/product"}],"about":[{"href":"https:\/\/www.autonvaraosahaku.fi\/index.php?rest_route=\/wp\/v2\/types\/product"}],"wp:attachment":[{"href":"https:\/\/www.autonvaraosahaku.fi\/index.php?rest_route=%2Fwp%2Fv2%2Fmedia&parent=106492"}],"wp:term":[{"taxonomy":"pwb-brand","embeddable":true,"href":"https:\/\/www.autonvaraosahaku.fi\/index.php?rest_route=%2Fwp%2Fv2%2Fpwb-brand&post=106492"},{"taxonomy":"product_cat","embeddable":true,"href":"https:\/\/www.autonvaraosahaku.fi\/index.php?rest_route=%2Fwp%2Fv2%2Fproduct_cat&post=106492"},{"taxonomy":"product_tag","embeddable":true,"href":"https:\/\/www.autonvaraosahaku.fi\/index.php?rest_route=%2Fwp%2Fv2%2Fproduct_tag&post=106492"}],"curies":[{"name":"wp","href":"https:\/\/api.w.org\/{rel}","templated":true}]}}