{"id":106497,"date":"2021-02-21T23:13:36","date_gmt":"2021-02-21T23:13:36","guid":{"rendered":"https:\/\/www.autonvaraosahaku.fi\/?product=ina-529-0465-20-moniurahihna"},"modified":"2021-02-21T23:13:38","modified_gmt":"2021-02-21T23:13:38","slug":"ina-529-0465-20-moniurahihna","status":"publish","type":"product","link":"https:\/\/www.autonvaraosahaku.fi\/?product=ina-529-0465-20-moniurahihna","title":{"rendered":"INA 529 0465 20 Moniurahihna"},"content":{"rendered":"<p>Pituus 1 (mm): 1195; kiiloja: 6; Hihnapy\u00f6r\u00e4t: V\u00e4lihihnapy\u00f6r\u00e4ll\u00e4; Korvaava tuote\/korvaava tiedote 2: Tarkasta laturin liikkuvuus ja vaihda tarvittaessa.; Huomioi huolto-ohjeet: ; Moottorinumero: ANU; VW: GOLF IV 1J1,GOLF IV Variant 1J5,SHARAN 7M8, 7M9, 7M6,TRANSPORTER V Bus 7HB, 7HJ, 7EB, 7EJ, 7EF,BORA 1J2,TRANSPORTER V Kasten 7HA, 7HH, 7EA, 7EH,NEW BEETLE 9C1, 1C1,BORA Kombi 1J6,NEW BEETLE Cabriolet 1Y7,TRANSPORTER V Pritsche\/Fahrgestell 7JD, 7JE, 7JL, 7JY, 7JZ,; AUDI: A3 8L1; SKODA: OCTAVIA Combi 1U5,OCTAVIA 1U2; SEAT: LEON 1M1,ALHAMBRA 7V8, 7V9,TOLEDO II 1M2; FORD: GALAXY WGR; 021903026A, 021903026G, 021903026L, 021903119G, 022903028A, 022903028B, 022903119A, 022903119C, 028903028E, 028903029G, 028903030, 028903030A, 028903119AM, 038903018P, 038903018Q, 038903018QX, 038903023K, 038903023L, 038903023Q, 038903023R, 038903023S, 038903024A, 038903024B, 038903024C, 038903024D, 038903024E, 038903024F, 038903024G, 038903119A, 038903119S, 038903119T, 038903315AE, 038903315F, 03G903016A, 03G903023, 03G903023X, 03L903023, 03L903023A, 03L903023B, 03L903023D, 03L903023E, 03L903023F, 03L903023G, 03L903023R, 03L903024, 03L903024A, 03L903024B, 03L903024E, 03L903024F, 03L903024J, 03L903024K, 03L903024M, 03P903023A, 03P903023B, 03P903023C, 03P903023D, 03P903023E, 03P903023F, 03P903023H, 045903023, 045903023A, 045903023B, 045903023C, 045903023E, 045903023F, 045903023G, 04B903023B, 04B903023C, 04B903024, 057903025, 057903025B, 06A260849, 06A260849B, 06A260849C, 06A260849E, 06A903026A, 06B903018Q, 06B903018R, 06B903018T, 06C260849C, 06F903023A, 06F903023C, 06F903023D, 06F9030&#8230;<\/p>\n","protected":false},"excerpt":{"rendered":"<p>INA Moniurahihnasarja 529 0465 20  VW,AUDI,SKODA,GOLF IV 1J1,GOLF IV Variant 1J5,SHARAN 7M8, 7M9, 7M6,TRANSPORTER V Bus 7HB, 7HJ, 7EB, 7EJ, 7EF<\/p>\n","protected":false},"featured_media":0,"template":"","meta":{"site-sidebar-layout":"default","site-content-layout":"default","ast-global-header-display":"","ast-main-header-display":"","ast-hfb-above-header-display":"","ast-hfb-below-header-display":"","ast-hfb-mobile-header-display":"","site-post-title":"","ast-breadcrumbs-content":"","ast-featured-img":"","footer-sml-layout":"","theme-transparent-header-meta":"","adv-header-id-meta":"","stick-header-meta":"","header-above-stick-meta":"","header-main-stick-meta":"","header-below-stick-meta":""},"pwb-brand":[564],"product_cat":[23],"product_tag":[],"class_list":{"0":"post-106497","1":"product","2":"type-product","3":"status-publish","5":"pwb-brand-ina","6":"product_cat-moniurahihna","7":"desktop-align-left","8":"tablet-align-left","9":"mobile-align-left","11":"first","12":"instock","13":"product-type-external"},"brands":[{"id":564,"name":"INA","slug":"ina"}],"_links":{"self":[{"href":"https:\/\/www.autonvaraosahaku.fi\/index.php?rest_route=\/wp\/v2\/product\/106497","targetHints":{"allow":["GET"]}}],"collection":[{"href":"https:\/\/www.autonvaraosahaku.fi\/index.php?rest_route=\/wp\/v2\/product"}],"about":[{"href":"https:\/\/www.autonvaraosahaku.fi\/index.php?rest_route=\/wp\/v2\/types\/product"}],"wp:attachment":[{"href":"https:\/\/www.autonvaraosahaku.fi\/index.php?rest_route=%2Fwp%2Fv2%2Fmedia&parent=106497"}],"wp:term":[{"taxonomy":"pwb-brand","embeddable":true,"href":"https:\/\/www.autonvaraosahaku.fi\/index.php?rest_route=%2Fwp%2Fv2%2Fpwb-brand&post=106497"},{"taxonomy":"product_cat","embeddable":true,"href":"https:\/\/www.autonvaraosahaku.fi\/index.php?rest_route=%2Fwp%2Fv2%2Fproduct_cat&post=106497"},{"taxonomy":"product_tag","embeddable":true,"href":"https:\/\/www.autonvaraosahaku.fi\/index.php?rest_route=%2Fwp%2Fv2%2Fproduct_tag&post=106497"}],"curies":[{"name":"wp","href":"https:\/\/api.w.org\/{rel}","templated":true}]}}