{"id":106507,"date":"2021-02-21T23:13:36","date_gmt":"2021-02-21T23:13:36","guid":{"rendered":"https:\/\/www.autonvaraosahaku.fi\/?product=ina-553-0059-10-jakoketju"},"modified":"2021-02-21T23:13:41","modified_gmt":"2021-02-21T23:13:41","slug":"ina-553-0059-10-jakoketju","status":"publish","type":"product","link":"https:\/\/www.autonvaraosahaku.fi\/?product=ina-553-0059-10-jakoketju","title":{"rendered":"INA 553 0059 10 Jakoketju"},"content":{"rendered":"<p>Ketjurakenne: Yksinkertainen; Ketjulenkkej\u00e4: 50; Tarvittava kappalem\u00e4\u00e4r\u00e4: 1; VW: GOLF IV 1J1,POLO 9N_,PASSAT Variant 3B6,GOLF IV Variant 1J5,SHARAN 7M8, 7M9, 7M6,PASSAT Variant 3B5,TOUAREG 7LA, 7L6, 7L7,BORA 1J2,PASSAT 3B2,NEW BEETLE 9C1, 1C1,PASSAT 3B3,PHAETON 3D_,BORA Kombi 1J6,NEW BEETLE Cabriolet 1Y7; AUDI: A3 8L1,A4 8D2, B5,A4 Avant 8ED, B7,A4 Avant 8E5, B6,A6 Avant 4B5, C5,A4 Avant 8D5, B5,A4 8E2, B6,A6 4B2, C5,A4 Cabriolet 8H7, B6, 8HE, B7,A4 8EC, B7,TT 8N3,A8 4E_,A8 4D2, 4D8,TT Roadster 8N9,A6 Avant 4A, C4,A6 4A, C4,ALLROAD 4BH, C5; SKODA: OCTAVIA Combi 1U5,OCTAVIA 1U2,SUPERB 3U4; SEAT: LEON 1M1,ALHAMBRA 7V8, 7V9,IBIZA II 6K1,TOLEDO II 1M2,CORDOBA 6K1, 6K2; 058109229, 058109229B, 058109229, 058109229B, 058109229, 058109229B, 058109229, 058109229B; Nokkaketju<\/p>\n","protected":false},"excerpt":{"rendered":"<p>INA Jakoketju 553 0059 10 Nokkaketju VW,AUDI,SKODA,GOLF IV 1J1,POLO 9N_,PASSAT Variant 3B6,GOLF IV Variant 1J5,SHARAN 7M8, 7M9, 7M6,PASSAT Variant 3B5<\/p>\n","protected":false},"featured_media":0,"template":"","meta":{"site-sidebar-layout":"default","site-content-layout":"default","ast-global-header-display":"","ast-main-header-display":"","ast-hfb-above-header-display":"","ast-hfb-below-header-display":"","ast-hfb-mobile-header-display":"","site-post-title":"","ast-breadcrumbs-content":"","ast-featured-img":"","footer-sml-layout":"","theme-transparent-header-meta":"","adv-header-id-meta":"","stick-header-meta":"","header-above-stick-meta":"","header-main-stick-meta":"","header-below-stick-meta":""},"pwb-brand":[564],"product_cat":[60],"product_tag":[],"class_list":{"0":"post-106507","1":"product","2":"type-product","3":"status-publish","5":"pwb-brand-ina","6":"product_cat-jakoketju","7":"desktop-align-left","8":"tablet-align-left","9":"mobile-align-left","11":"first","12":"instock","13":"product-type-external"},"brands":[{"id":564,"name":"INA","slug":"ina"}],"_links":{"self":[{"href":"https:\/\/www.autonvaraosahaku.fi\/index.php?rest_route=\/wp\/v2\/product\/106507","targetHints":{"allow":["GET"]}}],"collection":[{"href":"https:\/\/www.autonvaraosahaku.fi\/index.php?rest_route=\/wp\/v2\/product"}],"about":[{"href":"https:\/\/www.autonvaraosahaku.fi\/index.php?rest_route=\/wp\/v2\/types\/product"}],"wp:attachment":[{"href":"https:\/\/www.autonvaraosahaku.fi\/index.php?rest_route=%2Fwp%2Fv2%2Fmedia&parent=106507"}],"wp:term":[{"taxonomy":"pwb-brand","embeddable":true,"href":"https:\/\/www.autonvaraosahaku.fi\/index.php?rest_route=%2Fwp%2Fv2%2Fpwb-brand&post=106507"},{"taxonomy":"product_cat","embeddable":true,"href":"https:\/\/www.autonvaraosahaku.fi\/index.php?rest_route=%2Fwp%2Fv2%2Fproduct_cat&post=106507"},{"taxonomy":"product_tag","embeddable":true,"href":"https:\/\/www.autonvaraosahaku.fi\/index.php?rest_route=%2Fwp%2Fv2%2Fproduct_tag&post=106507"}],"curies":[{"name":"wp","href":"https:\/\/api.w.org\/{rel}","templated":true}]}}