{"id":106511,"date":"2021-02-21T23:13:42","date_gmt":"2021-02-21T23:13:42","guid":{"rendered":"https:\/\/www.autonvaraosahaku.fi\/?product=ina-551-0079-10-jakoketjun-kiristin"},"modified":"2021-02-21T23:13:43","modified_gmt":"2021-02-21T23:13:43","slug":"ina-551-0079-10-jakoketjun-kiristin","status":"publish","type":"product","link":"https:\/\/www.autonvaraosahaku.fi\/?product=ina-551-0079-10-jakoketjun-kiristin","title":{"rendered":"INA 551 0079 10 Jakoketjun kiristin"},"content":{"rendered":"<p>Tarvittava kappalem\u00e4\u00e4r\u00e4: 1; DACIA: 1300; RENAULT: 4 112_,5 122_,4 Kasten R21_, R23_,11 B\/C37_,8 113_,6 118_,5 Kasten 238_; 7700578993, 7700719076, 7700578993, 7700719076; Nokkaketjun Kiristin,Kiristyslaite, Jakoketju<\/p>\n","protected":false},"excerpt":{"rendered":"<p>INA Jakoketjun Kiristin 551 0079 10 Nokkaketjun Kiristin,Kiristyslaite, Jakoketju DACIA,RENAULT,1300,4 112_,5 122_,4 Kasten R21_, R23_,11 B\/C37_<\/p>\n","protected":false},"featured_media":0,"template":"","meta":{"site-sidebar-layout":"default","site-content-layout":"default","ast-global-header-display":"","ast-main-header-display":"","ast-hfb-above-header-display":"","ast-hfb-below-header-display":"","ast-hfb-mobile-header-display":"","site-post-title":"","ast-breadcrumbs-content":"","ast-featured-img":"","footer-sml-layout":"","theme-transparent-header-meta":"","adv-header-id-meta":"","stick-header-meta":"","header-above-stick-meta":"","header-main-stick-meta":"","header-below-stick-meta":""},"pwb-brand":[564],"product_cat":[404],"product_tag":[],"class_list":{"0":"post-106511","1":"product","2":"type-product","3":"status-publish","5":"pwb-brand-ina","6":"product_cat-jakoketjun-kiristin","7":"desktop-align-left","8":"tablet-align-left","9":"mobile-align-left","11":"first","12":"instock","13":"product-type-external"},"brands":[{"id":564,"name":"INA","slug":"ina"}],"_links":{"self":[{"href":"https:\/\/www.autonvaraosahaku.fi\/index.php?rest_route=\/wp\/v2\/product\/106511","targetHints":{"allow":["GET"]}}],"collection":[{"href":"https:\/\/www.autonvaraosahaku.fi\/index.php?rest_route=\/wp\/v2\/product"}],"about":[{"href":"https:\/\/www.autonvaraosahaku.fi\/index.php?rest_route=\/wp\/v2\/types\/product"}],"wp:attachment":[{"href":"https:\/\/www.autonvaraosahaku.fi\/index.php?rest_route=%2Fwp%2Fv2%2Fmedia&parent=106511"}],"wp:term":[{"taxonomy":"pwb-brand","embeddable":true,"href":"https:\/\/www.autonvaraosahaku.fi\/index.php?rest_route=%2Fwp%2Fv2%2Fpwb-brand&post=106511"},{"taxonomy":"product_cat","embeddable":true,"href":"https:\/\/www.autonvaraosahaku.fi\/index.php?rest_route=%2Fwp%2Fv2%2Fproduct_cat&post=106511"},{"taxonomy":"product_tag","embeddable":true,"href":"https:\/\/www.autonvaraosahaku.fi\/index.php?rest_route=%2Fwp%2Fv2%2Fproduct_tag&post=106511"}],"curies":[{"name":"wp","href":"https:\/\/api.w.org\/{rel}","templated":true}]}}