{"id":106517,"date":"2021-02-21T23:13:42","date_gmt":"2021-02-21T23:13:42","guid":{"rendered":"https:\/\/www.autonvaraosahaku.fi\/?product=ina-529-0004-10-moniurahihna"},"modified":"2021-02-21T23:13:44","modified_gmt":"2021-02-21T23:13:44","slug":"ina-529-0004-10-moniurahihna","status":"publish","type":"product","link":"https:\/\/www.autonvaraosahaku.fi\/?product=ina-529-0004-10-moniurahihna","title":{"rendered":"INA 529 0004 10 Moniurahihna"},"content":{"rendered":"<p>Pituus 1 (mm): 1435; kiiloja: 5; Pituus 2 (mm): 840; kiiloja: 2: 4; Hihnapy\u00f6r\u00e4t: V\u00e4lihihnapy\u00f6r\u00e4ll\u00e4; Korvaava tuote\/korvaava tiedote 2: Tarkasta laturin liikkuvuus ja vaihda tarvittaessa.; Huomioi huolto-ohjeet: ; Huomioi asennusohje: ; Alustanumeroon: 8E-4-4000001; AUDI: A4 Avant 8E5, B6,A6 Avant 4B5, C5,A4 8E2, B6,A6 4B2, C5; 022903119B, 022903119D, 028903119AC, 038260849, 038260849A, 038903119M, 038903137H, 038903137T, 038903197H, 038903315D, 038903315P, 058260511, J9936450840, J9936480840, 022903119B, 022903119D, 028903119AC, 038260849, 038260849A, 038903119M, 038903315D, 038903315P, 058260511, 022903119B, 022903119D, 028903119AC, 038260849, 038260849A, 038903119M, 038903315D, 038903315P, 058260511, 022903119B, 022903119D, 028903119AC, 038260849, 038260849A, 038903119M, 038903315D, 038903315P, 058260511<\/p>\n","protected":false},"excerpt":{"rendered":"<p>INA Moniurahihnasarja 529 0004 10  AUDI,A4 Avant 8E5, B6,A6 Avant 4B5, C5,A4 8E2, B6,A6 4B2, C5<\/p>\n","protected":false},"featured_media":0,"template":"","meta":{"site-sidebar-layout":"default","site-content-layout":"default","ast-global-header-display":"","ast-main-header-display":"","ast-hfb-above-header-display":"","ast-hfb-below-header-display":"","ast-hfb-mobile-header-display":"","site-post-title":"","ast-breadcrumbs-content":"","ast-featured-img":"","footer-sml-layout":"","theme-transparent-header-meta":"","adv-header-id-meta":"","stick-header-meta":"","header-above-stick-meta":"","header-main-stick-meta":"","header-below-stick-meta":""},"pwb-brand":[564],"product_cat":[23],"product_tag":[],"class_list":{"0":"post-106517","1":"product","2":"type-product","3":"status-publish","5":"pwb-brand-ina","6":"product_cat-moniurahihna","7":"desktop-align-left","8":"tablet-align-left","9":"mobile-align-left","11":"first","12":"instock","13":"product-type-external"},"brands":[{"id":564,"name":"INA","slug":"ina"}],"_links":{"self":[{"href":"https:\/\/www.autonvaraosahaku.fi\/index.php?rest_route=\/wp\/v2\/product\/106517","targetHints":{"allow":["GET"]}}],"collection":[{"href":"https:\/\/www.autonvaraosahaku.fi\/index.php?rest_route=\/wp\/v2\/product"}],"about":[{"href":"https:\/\/www.autonvaraosahaku.fi\/index.php?rest_route=\/wp\/v2\/types\/product"}],"wp:attachment":[{"href":"https:\/\/www.autonvaraosahaku.fi\/index.php?rest_route=%2Fwp%2Fv2%2Fmedia&parent=106517"}],"wp:term":[{"taxonomy":"pwb-brand","embeddable":true,"href":"https:\/\/www.autonvaraosahaku.fi\/index.php?rest_route=%2Fwp%2Fv2%2Fpwb-brand&post=106517"},{"taxonomy":"product_cat","embeddable":true,"href":"https:\/\/www.autonvaraosahaku.fi\/index.php?rest_route=%2Fwp%2Fv2%2Fproduct_cat&post=106517"},{"taxonomy":"product_tag","embeddable":true,"href":"https:\/\/www.autonvaraosahaku.fi\/index.php?rest_route=%2Fwp%2Fv2%2Fproduct_tag&post=106517"}],"curies":[{"name":"wp","href":"https:\/\/api.w.org\/{rel}","templated":true}]}}