{"id":106530,"date":"2021-02-21T23:13:48","date_gmt":"2021-02-21T23:13:48","guid":{"rendered":"https:\/\/www.autonvaraosahaku.fi\/?product=fag-713-6102-40-pyoranlaakerit"},"modified":"2021-02-21T23:13:49","modified_gmt":"2021-02-21T23:13:49","slug":"fag-713-6102-40-pyoranlaakerit","status":"publish","type":"product","link":"https:\/\/www.autonvaraosahaku.fi\/?product=fag-713-6102-40-pyoranlaakerit","title":{"rendered":"FAG 713 6102 40 Py\u00f6r\u00e4nlaakerit"},"content":{"rendered":"<p>Sis\u00e4l\u00e4pimitta 1 [mm]: 19,05; Ulkol\u00e4pimitta 1 [mm]: 45,24; Leveys 1 (mm): 16,64; Sis\u00e4l\u00e4pimitta 2 [mm]: 29,00; Ulkol\u00e4pimitta 2 [mm]: 50,29; Leveys 2 (mm): 14,73; Asennuspuoli: Hinterachse; VW: CADDY II Kasten 9K9A,CADDY I 14,CADDY II Kombi 9K9B; AUDI: A4 8D2, B5,A4 Avant 8D5, B5,80 8C, B4,80 89, 89Q, 8A, B3,CABRIOLET 8G7, B4,100 4A, C4,80 Avant 8C, B4,100 44, 44Q, C3,A6 Avant 4A, C4,A6 4A, C4,COUPE 89, 8B,80 81, 85, B2,100 Avant 4A, C4,90 89, 89Q, 8A, B3,100 Avant 44, 44Q, C3,COUPE 81, 85,200 44, 44Q,90 81, 85, B2,200 Avant 44, 44Q,100 43, C2,200 43,100 Avant 43, C2; SEAT: INCA 6K9; 211405645, 211405645D, 211405645DWB, 211405645WB, 311405625B, 311405625C, 311405625D, 311405625E, 311405625F, 443505509, 443505509WB, 4A0598625, 4A0598625A, 211405645, 211405645WB, 311405625B, 311405625C, 311405625D, 311405625E, 311405625F, 443505509, 443505509WB, 4A0598625, 4A0598625A, 181585181584, 181585181584WB, 211405645, 211405645WB, 311405625B, 311405625C, 311405625D, 311405625E, 311405625F, 330012, 443505509, 443505509WB, 4A0598625, 4A0598625A; Py\u00f6r\u00e4nlaakerisarja<\/p>\n","protected":false},"excerpt":{"rendered":"<p>FAG Py\u00f6r\u00e4nlaakerit 713 6102 40 Py\u00f6r\u00e4nlaakerisarja VW,AUDI,SEAT,CADDY II Kasten 9K9A,CADDY I 14,CADDY II Kombi 9K9B,A4 8D2, B5,A4 Avant 8D5, B5<\/p>\n","protected":false},"featured_media":0,"template":"","meta":{"site-sidebar-layout":"default","site-content-layout":"default","ast-global-header-display":"","ast-main-header-display":"","ast-hfb-above-header-display":"","ast-hfb-below-header-display":"","ast-hfb-mobile-header-display":"","site-post-title":"","ast-breadcrumbs-content":"","ast-featured-img":"","footer-sml-layout":"","theme-transparent-header-meta":"","adv-header-id-meta":"","stick-header-meta":"","header-above-stick-meta":"","header-main-stick-meta":"","header-below-stick-meta":""},"pwb-brand":[566],"product_cat":[83],"product_tag":[],"class_list":{"0":"post-106530","1":"product","2":"type-product","3":"status-publish","5":"pwb-brand-fag","6":"product_cat-pyoranlaakerit","7":"desktop-align-left","8":"tablet-align-left","9":"mobile-align-left","11":"first","12":"instock","13":"product-type-external"},"brands":[{"id":566,"name":"FAG","slug":"fag"}],"_links":{"self":[{"href":"https:\/\/www.autonvaraosahaku.fi\/index.php?rest_route=\/wp\/v2\/product\/106530","targetHints":{"allow":["GET"]}}],"collection":[{"href":"https:\/\/www.autonvaraosahaku.fi\/index.php?rest_route=\/wp\/v2\/product"}],"about":[{"href":"https:\/\/www.autonvaraosahaku.fi\/index.php?rest_route=\/wp\/v2\/types\/product"}],"wp:attachment":[{"href":"https:\/\/www.autonvaraosahaku.fi\/index.php?rest_route=%2Fwp%2Fv2%2Fmedia&parent=106530"}],"wp:term":[{"taxonomy":"pwb-brand","embeddable":true,"href":"https:\/\/www.autonvaraosahaku.fi\/index.php?rest_route=%2Fwp%2Fv2%2Fpwb-brand&post=106530"},{"taxonomy":"product_cat","embeddable":true,"href":"https:\/\/www.autonvaraosahaku.fi\/index.php?rest_route=%2Fwp%2Fv2%2Fproduct_cat&post=106530"},{"taxonomy":"product_tag","embeddable":true,"href":"https:\/\/www.autonvaraosahaku.fi\/index.php?rest_route=%2Fwp%2Fv2%2Fproduct_tag&post=106530"}],"curies":[{"name":"wp","href":"https:\/\/api.w.org\/{rel}","templated":true}]}}