{"id":106533,"date":"2021-02-21T23:13:48","date_gmt":"2021-02-21T23:13:48","guid":{"rendered":"https:\/\/www.autonvaraosahaku.fi\/?product=fag-713-6787-90-pyoranlaakerit"},"modified":"2021-02-21T23:13:49","modified_gmt":"2021-02-21T23:13:49","slug":"fag-713-6787-90-pyoranlaakerit","status":"publish","type":"product","link":"https:\/\/www.autonvaraosahaku.fi\/?product=fag-713-6787-90-pyoranlaakerit","title":{"rendered":"FAG 713 6787 90 Py\u00f6r\u00e4nlaakerit"},"content":{"rendered":"<p>Ulkol\u00e4pimitta [mm]: 131,30; Ulkol\u00e4pimitta 1 [mm]: 78,00; Leveys (mm): 82,80; Asennuspuoli: Vorderachse; FORD: FOCUS II Kombi DA_,FOCUS II DA_,FOCUS C-MAX,C-MAX DM2,FOCUS II Stufenheck DA_,FOCUS II Cabriolet; 1223640, 1223640WB, 1326487, 1326487WB, 1336139, 1336139WB, 1471854, 1471854WB, 3M512C300CA, 3M512C300CAWB, 3M512C300CF, 3M512C300CFWB, 3M512C300CG, 3M512C300CGWB, 3M512C300CH, 3M512C300CHWB; Py\u00f6r\u00e4nlaakerisarja<\/p>\n","protected":false},"excerpt":{"rendered":"<p>FAG Py\u00f6r\u00e4nlaakerit 713 6787 90 Py\u00f6r\u00e4nlaakerisarja FORD,FOCUS II Kombi DA_,FOCUS II DA_,FOCUS C-MAX,C-MAX DM2,FOCUS II Stufenheck DA_<\/p>\n","protected":false},"featured_media":0,"template":"","meta":{"site-sidebar-layout":"default","site-content-layout":"default","ast-global-header-display":"","ast-main-header-display":"","ast-hfb-above-header-display":"","ast-hfb-below-header-display":"","ast-hfb-mobile-header-display":"","site-post-title":"","ast-breadcrumbs-content":"","ast-featured-img":"","footer-sml-layout":"","theme-transparent-header-meta":"","adv-header-id-meta":"","stick-header-meta":"","header-above-stick-meta":"","header-main-stick-meta":"","header-below-stick-meta":""},"pwb-brand":[566],"product_cat":[83],"product_tag":[],"class_list":{"0":"post-106533","1":"product","2":"type-product","3":"status-publish","5":"pwb-brand-fag","6":"product_cat-pyoranlaakerit","7":"desktop-align-left","8":"tablet-align-left","9":"mobile-align-left","11":"first","12":"instock","13":"product-type-external"},"brands":[{"id":566,"name":"FAG","slug":"fag"}],"_links":{"self":[{"href":"https:\/\/www.autonvaraosahaku.fi\/index.php?rest_route=\/wp\/v2\/product\/106533","targetHints":{"allow":["GET"]}}],"collection":[{"href":"https:\/\/www.autonvaraosahaku.fi\/index.php?rest_route=\/wp\/v2\/product"}],"about":[{"href":"https:\/\/www.autonvaraosahaku.fi\/index.php?rest_route=\/wp\/v2\/types\/product"}],"wp:attachment":[{"href":"https:\/\/www.autonvaraosahaku.fi\/index.php?rest_route=%2Fwp%2Fv2%2Fmedia&parent=106533"}],"wp:term":[{"taxonomy":"pwb-brand","embeddable":true,"href":"https:\/\/www.autonvaraosahaku.fi\/index.php?rest_route=%2Fwp%2Fv2%2Fpwb-brand&post=106533"},{"taxonomy":"product_cat","embeddable":true,"href":"https:\/\/www.autonvaraosahaku.fi\/index.php?rest_route=%2Fwp%2Fv2%2Fproduct_cat&post=106533"},{"taxonomy":"product_tag","embeddable":true,"href":"https:\/\/www.autonvaraosahaku.fi\/index.php?rest_route=%2Fwp%2Fv2%2Fproduct_tag&post=106533"}],"curies":[{"name":"wp","href":"https:\/\/api.w.org\/{rel}","templated":true}]}}