{"id":106537,"date":"2021-02-21T23:13:48","date_gmt":"2021-02-21T23:13:48","guid":{"rendered":"https:\/\/www.autonvaraosahaku.fi\/?product=fag-713-6303-00-pyoranlaakerit"},"modified":"2021-02-21T23:13:50","modified_gmt":"2021-02-21T23:13:50","slug":"fag-713-6303-00-pyoranlaakerit","status":"publish","type":"product","link":"https:\/\/www.autonvaraosahaku.fi\/?product=fag-713-6303-00-pyoranlaakerit","title":{"rendered":"FAG 713 6303 00 Py\u00f6r\u00e4nlaakerit"},"content":{"rendered":"<p>Sis\u00e4l\u00e4pimitta [mm]: 25,00; Ulkol\u00e4pimitta [mm]: 52,00; Leveys (mm): 37,00; Asennuspuoli: Hinterachse; CHEVROLET: SPARK M300; NISSAN: MICRA III K12,NOTE E11,MICRA C+C K12; DACIA: SANDERO,LOGAN MCV KS_,LOGAN LS_; RENAULT: TWINGO I C06_,CLIO II BB0\/1\/2_, CB0\/1\/2_,CLIO III BR0\/1, CR0\/1,TWINGO II CN0_,MODUS \/ GRAND MODUS F\/JP0_,MEGANE I BA0\/1_,MEGANE I Cabriolet EA0\/1_,CLIO I B\/C57_, 5\/357_,TWIZY MAM_,TWINGO I Kasten S06_,MEGANE I Classic LA0\/1_,MEGANE I Coach DA0\/1_,CLIO II Kasten SB0\/1\/2_,19 II B\/C53_,19 II Cabriolet D53_, 853_,SUPER 5 B\/C40_,19 I B\/C53_,SAFRANE II B54_,9 L42_,SAFRANE I B54_,19 II Chamade L53_,11 B\/C37_,19 I Chamade L53_,THALIA I LB0\/1\/2_,CLIO III Kasten SB_, SR_,SANDERO\/STEPWAY I,CLIO I Kasten S57_,19 I Cabriolet D53_,11 Kasten S37_,LOGAN I Kombi KS_,19 II Kasten S53_,LOGAN I LS_,19 I Kasten S53_,THALIA II LU1\/2_,SUPER 5 Kasten S40_,LOGAN EXPRESS,THALIA III; 94535214, 94535214WB, 6001548986, 7701205812, 43210AX000, 43210AX000WB, 43210AZ300, 43210AZ300WB, 6001547700, 6001548986, 7701205812, 7701208767, 7701462217, 7701463523, 7701465735, 7703090253, 7703090313, 7703090433; Py\u00f6r\u00e4nlaakerisarja<\/p>\n","protected":false},"excerpt":{"rendered":"<p>FAG Py\u00f6r\u00e4nlaakerit 713 6303 00 Py\u00f6r\u00e4nlaakerisarja CHEVROLET,NISSAN,DACIA,SPARK M300,MICRA III K12,NOTE E11,MICRA C+C K12,SANDERO,LOGAN MCV KS_<\/p>\n","protected":false},"featured_media":0,"template":"","meta":{"site-sidebar-layout":"default","site-content-layout":"default","ast-global-header-display":"","ast-main-header-display":"","ast-hfb-above-header-display":"","ast-hfb-below-header-display":"","ast-hfb-mobile-header-display":"","site-post-title":"","ast-breadcrumbs-content":"","ast-featured-img":"","footer-sml-layout":"","theme-transparent-header-meta":"","adv-header-id-meta":"","stick-header-meta":"","header-above-stick-meta":"","header-main-stick-meta":"","header-below-stick-meta":""},"pwb-brand":[566],"product_cat":[83],"product_tag":[],"class_list":{"0":"post-106537","1":"product","2":"type-product","3":"status-publish","5":"pwb-brand-fag","6":"product_cat-pyoranlaakerit","7":"desktop-align-left","8":"tablet-align-left","9":"mobile-align-left","11":"first","12":"instock","13":"product-type-external"},"brands":[{"id":566,"name":"FAG","slug":"fag"}],"_links":{"self":[{"href":"https:\/\/www.autonvaraosahaku.fi\/index.php?rest_route=\/wp\/v2\/product\/106537","targetHints":{"allow":["GET"]}}],"collection":[{"href":"https:\/\/www.autonvaraosahaku.fi\/index.php?rest_route=\/wp\/v2\/product"}],"about":[{"href":"https:\/\/www.autonvaraosahaku.fi\/index.php?rest_route=\/wp\/v2\/types\/product"}],"wp:attachment":[{"href":"https:\/\/www.autonvaraosahaku.fi\/index.php?rest_route=%2Fwp%2Fv2%2Fmedia&parent=106537"}],"wp:term":[{"taxonomy":"pwb-brand","embeddable":true,"href":"https:\/\/www.autonvaraosahaku.fi\/index.php?rest_route=%2Fwp%2Fv2%2Fpwb-brand&post=106537"},{"taxonomy":"product_cat","embeddable":true,"href":"https:\/\/www.autonvaraosahaku.fi\/index.php?rest_route=%2Fwp%2Fv2%2Fproduct_cat&post=106537"},{"taxonomy":"product_tag","embeddable":true,"href":"https:\/\/www.autonvaraosahaku.fi\/index.php?rest_route=%2Fwp%2Fv2%2Fproduct_tag&post=106537"}],"curies":[{"name":"wp","href":"https:\/\/api.w.org\/{rel}","templated":true}]}}