{"id":106538,"date":"2021-02-21T23:13:48","date_gmt":"2021-02-21T23:13:48","guid":{"rendered":"https:\/\/www.autonvaraosahaku.fi\/?product=fag-713-6109-90-pyoranlaakerit"},"modified":"2021-02-21T23:13:51","modified_gmt":"2021-02-21T23:13:51","slug":"fag-713-6109-90-pyoranlaakerit","status":"publish","type":"product","link":"https:\/\/www.autonvaraosahaku.fi\/?product=fag-713-6109-90-pyoranlaakerit","title":{"rendered":"FAG 713 6109 90 Py\u00f6r\u00e4nlaakerit"},"content":{"rendered":"<p>Ulkol\u00e4pimitta [mm]: 136,40; Ulkol\u00e4pimitta 2 [mm]: 65,00; Ulkol\u00e4pimitta 1 [mm]: 80,00; Leveys 2 (mm): 48,10; Kiinnitysreikien lukum\u00e4\u00e4r\u00e4: 3; Asennuspuoli: Vorderachse; VW: GOLF V 1K1,GOLF VI 5K1,GOLF PLUS 5M1, 521,GOLF VII 5G1, BE1,CADDY III Kombi 2KB, 2KJ, 2CB, 2CJ,CADDY III Kasten 2KA, 2KH, 2CA, 2CH,GOLF VII Kombi BA5,GOLF SPORTSVAN AM1,GOLF ALLTRACK BA5; AUDI: A3 8P1,A3 Sportback 8PA,A3 Sportback 8VA,A3 Limousine 8VS,A3 8V1,A3 Cabriolet 8P7,A3 Cabriolet 8V7; SKODA: OCTAVIA Combi 1Z5,OCTAVIA Combi 5E5,YETI 5L,OCTAVIA 1Z3,OCTAVIA 5E3; SEAT: LEON 1P1,ALTEA 5P1,LEON 5F1,ALTEA XL 5P5, 5P8,LEON ST 5F8,LEON SC 5F5,TOLEDO III 5P2; 1K0407621E, 1K0498621, 5K0498621A, 5Q0407621B, 5Q0407621C, 8V0498625, 8V0498625B, 8V0598625, 8V0598625B, 1K0407621E, 1K0498621, 5K0498621A, 5Q0407621B, 5Q0407621C, 8V0498625, 8V0498625B, 8V0598625, 8V0598625B, 1K0407621E, 1K0498621, 5K0498621A, 5Q0407621B, 5Q0407621C, 8V0498625, 8V0498625B, 8V0598625, 8V0598625B, 1K0407621E, 1K0498621, 5K0498621A, 5Q0407621B, 5Q0407621C, 8V0498625, 8V0498625B, 8V0598625, 8V0598625B; Py\u00f6r\u00e4nlaakerisarja<\/p>\n","protected":false},"excerpt":{"rendered":"<p>FAG Py\u00f6r\u00e4nlaakerit 713 6109 90 Py\u00f6r\u00e4nlaakerisarja VW,AUDI,SKODA,GOLF V 1K1,GOLF VI 5K1,GOLF PLUS 5M1, 521,GOLF VII 5G1, BE1<\/p>\n","protected":false},"featured_media":0,"template":"","meta":{"site-sidebar-layout":"default","site-content-layout":"default","ast-global-header-display":"","ast-main-header-display":"","ast-hfb-above-header-display":"","ast-hfb-below-header-display":"","ast-hfb-mobile-header-display":"","site-post-title":"","ast-breadcrumbs-content":"","ast-featured-img":"","footer-sml-layout":"","theme-transparent-header-meta":"","adv-header-id-meta":"","stick-header-meta":"","header-above-stick-meta":"","header-main-stick-meta":"","header-below-stick-meta":""},"pwb-brand":[566],"product_cat":[83],"product_tag":[],"class_list":{"0":"post-106538","1":"product","2":"type-product","3":"status-publish","5":"pwb-brand-fag","6":"product_cat-pyoranlaakerit","7":"desktop-align-left","8":"tablet-align-left","9":"mobile-align-left","11":"first","12":"instock","13":"product-type-external"},"brands":[{"id":566,"name":"FAG","slug":"fag"}],"_links":{"self":[{"href":"https:\/\/www.autonvaraosahaku.fi\/index.php?rest_route=\/wp\/v2\/product\/106538","targetHints":{"allow":["GET"]}}],"collection":[{"href":"https:\/\/www.autonvaraosahaku.fi\/index.php?rest_route=\/wp\/v2\/product"}],"about":[{"href":"https:\/\/www.autonvaraosahaku.fi\/index.php?rest_route=\/wp\/v2\/types\/product"}],"wp:attachment":[{"href":"https:\/\/www.autonvaraosahaku.fi\/index.php?rest_route=%2Fwp%2Fv2%2Fmedia&parent=106538"}],"wp:term":[{"taxonomy":"pwb-brand","embeddable":true,"href":"https:\/\/www.autonvaraosahaku.fi\/index.php?rest_route=%2Fwp%2Fv2%2Fpwb-brand&post=106538"},{"taxonomy":"product_cat","embeddable":true,"href":"https:\/\/www.autonvaraosahaku.fi\/index.php?rest_route=%2Fwp%2Fv2%2Fproduct_cat&post=106538"},{"taxonomy":"product_tag","embeddable":true,"href":"https:\/\/www.autonvaraosahaku.fi\/index.php?rest_route=%2Fwp%2Fv2%2Fproduct_tag&post=106538"}],"curies":[{"name":"wp","href":"https:\/\/api.w.org\/{rel}","templated":true}]}}