{"id":10654,"date":"2021-02-21T14:09:25","date_gmt":"2021-02-21T14:09:25","guid":{"rendered":"https:\/\/www.autonvaraosahaku.fi\/?product=sasic-5950005-muut-luokat"},"modified":"2021-02-21T14:09:27","modified_gmt":"2021-02-21T14:09:27","slug":"sasic-5950005-muut-luokat","status":"publish","type":"product","link":"https:\/\/www.autonvaraosahaku.fi\/?product=sasic-5950005-muut-luokat","title":{"rendered":"SASIC 5950005 Muut luokat"},"content":{"rendered":"<p>Sis\u00e4l\u00e4pimitta [mm]: 22; Ulkol\u00e4pimitta [mm]: 47; Pituus (mm): 64; OE-numerolle: 210535; Vaihteistomalli: BVM BE4R; LANCIA: PHEDRA 179,ZETA 220; FIAT: ULYSSE 179AX,SCUDO Kasten 270_,ULYSSE 220,SCUDO Kasten 220L,SCUDO Combinato 220P,SCUDO Pritsche\/Fahrgestell 220_; CITRO\u00cbN: BERLINGO MF,XSARA PICASSO N68,C2 JM_,C3 I FC_,BERLINGO B9,C5 III Break TD_,C4 Picasso I UD_,C4 Grand Picasso I UA_,C8 EA_, EB_,C4 I LC_,DS3,BERLINGO Kasten M_,C5 II Break RE_,C3 Picasso,C5 I DC_,C5 I Break DE_,C5 III RD_,C3 II,XSARA N1,C4 Coupe LA_,C4 II B7,C5 II RC_,XSARA Break N2,JUMPY,BERLINGO Kasten B9,JUMPY Kasten,C4 Grand Picasso II,C4 Picasso II,XM Y4,XANTIA X2,DS4,XSARA Coupe N0,XANTIA X1,EVASION 22, U6,C4 Stufenheck L,XANTIA Break X2,ZX N2,BX XB-_,JUMPY U6U,JUMPY Kasten BS_, BT_, BY_, BZ_,XM Y3,DS3 Cabriolet,XANTIA Break X1,ZX Break N2,XM Break Y4,BX Break XB-_,C15 VD-_,BERLINGO Pritsche\/Fahrgestell B9,JUMPY Pritsche\/Fahrgestell BU_, BV_, BW_, BX_,C-ELYSEE,XM Break Y3,C4 CACTUS,C15 Kombi,SPACETOURER,C3 III SX,C3 AIRCROSS II; PEUGEOT: 206 Schr\u00e4gheck 2A\/C,206 CC 2D,207 WA_, WC_,307 SW 3H,207 CC WD_,307 CC 3B,407 SW 6E_,307 3A\/C,207 SW WK_,308 SW,206 SW 2E\/K,208,807 E,308 4A_, 4C_,5008,307 Break 3E,508 SW,306 Schr\u00e4gheck 7A, 7C, N3, N5,306 Cabriolet 7D, N3, N5,407 6D_,3008,406 Break 8E\/F,PARTNER Tepee,308 CC,1007 KM_,PARTNER Combispace 5F,205 II 20A\/C,2008,PARTNER Kasten 5,406 Coupe 8C,306 Break 7E, N3, N5,406 8B,806 221,508,EXPERT Tepee VF3V_,EXPERT Kasten VF3A_, VF3U_, VF3X_,306 7B, N3, N5,205 I Cabriolet 741B, 20D,PARTNER Kasten,EXPERT Kasten 222,308 II,309 II 3C, 3A,205 I 741A\/C,206 Van,605 6B,EXPERT 224,405 II 4B,309 I 10C, 10A,405 II Break 4E,405 I Break 15E,301,EXPERT Pritsche\/Fahrgestell 223,308 SW II,205 Kasten,EXPERT Pritsche\/Fahrgestell,PARTNER Pritsche\/Fahrgestell,3008 SUV,EXPERT Kasten,TRAVELLER; DS: DS 3,DS 4 \/ DS 4 CROSSBACK,DS 3 Cabriolet; 210535, 210535, 9629860480, 9629860480, 210535<\/p>\n","protected":false},"excerpt":{"rendered":"<p>SASIC Ohjainhylsy, Kytkin 5950005  LANCIA,FIAT,CITRO\u00cbN,PHEDRA 179,ZETA 220,ULYSSE 179AX,SCUDO Kasten 270_,ULYSSE 220,SCUDO Kasten 220L<\/p>\n","protected":false},"featured_media":0,"template":"","meta":{"site-sidebar-layout":"default","site-content-layout":"default","ast-global-header-display":"","ast-main-header-display":"","ast-hfb-above-header-display":"","ast-hfb-below-header-display":"","ast-hfb-mobile-header-display":"","site-post-title":"","ast-breadcrumbs-content":"","ast-featured-img":"","footer-sml-layout":"","theme-transparent-header-meta":"","adv-header-id-meta":"","stick-header-meta":"","header-above-stick-meta":"","header-main-stick-meta":"","header-below-stick-meta":""},"pwb-brand":[110],"product_cat":[37],"product_tag":[],"class_list":{"0":"post-10654","1":"product","2":"type-product","3":"status-publish","5":"pwb-brand-sasic","6":"product_cat-muut-luokat","7":"desktop-align-left","8":"tablet-align-left","9":"mobile-align-left","11":"first","12":"instock","13":"product-type-external"},"brands":[{"id":110,"name":"SASIC","slug":"sasic"}],"_links":{"self":[{"href":"https:\/\/www.autonvaraosahaku.fi\/index.php?rest_route=\/wp\/v2\/product\/10654","targetHints":{"allow":["GET"]}}],"collection":[{"href":"https:\/\/www.autonvaraosahaku.fi\/index.php?rest_route=\/wp\/v2\/product"}],"about":[{"href":"https:\/\/www.autonvaraosahaku.fi\/index.php?rest_route=\/wp\/v2\/types\/product"}],"wp:attachment":[{"href":"https:\/\/www.autonvaraosahaku.fi\/index.php?rest_route=%2Fwp%2Fv2%2Fmedia&parent=10654"}],"wp:term":[{"taxonomy":"pwb-brand","embeddable":true,"href":"https:\/\/www.autonvaraosahaku.fi\/index.php?rest_route=%2Fwp%2Fv2%2Fpwb-brand&post=10654"},{"taxonomy":"product_cat","embeddable":true,"href":"https:\/\/www.autonvaraosahaku.fi\/index.php?rest_route=%2Fwp%2Fv2%2Fproduct_cat&post=10654"},{"taxonomy":"product_tag","embeddable":true,"href":"https:\/\/www.autonvaraosahaku.fi\/index.php?rest_route=%2Fwp%2Fv2%2Fproduct_tag&post=10654"}],"curies":[{"name":"wp","href":"https:\/\/api.w.org\/{rel}","templated":true}]}}