{"id":106544,"date":"2021-02-21T23:13:48","date_gmt":"2021-02-21T23:13:48","guid":{"rendered":"https:\/\/www.autonvaraosahaku.fi\/?product=fag-713-6195-10-pyoranlaakerit"},"modified":"2021-02-21T23:13:52","modified_gmt":"2021-02-21T23:13:52","slug":"fag-713-6195-10-pyoranlaakerit","status":"publish","type":"product","link":"https:\/\/www.autonvaraosahaku.fi\/?product=fag-713-6195-10-pyoranlaakerit","title":{"rendered":"FAG 713 6195 10 Py\u00f6r\u00e4nlaakerit"},"content":{"rendered":"<p>Sis\u00e4l\u00e4pimitta [mm]: 38,00; Ulkol\u00e4pimitta [mm]: 70,00; Leveys (mm): 37,00; Asennuspuoli: Vorderachse; KIA: PICANTO BA,RIO II JB,RIO II Stufenheck JB; HYUNDAI: GETZ TB,i10 PA,i20 PB, PBT,ATOS MX,ACCENT II LC,COUPE RD,ACCENT III MC,ACCENT III Stufenheck MC,ACCENT II Stufenheck LC,LANTRA II Wagon J-2,LANTRA II J-2,ACCENT IV RB; 5172002000, 517201C000, 517201C000WB, 5172029100, 5172029150, 5172029150WB, 5172029300, 5172029400, 5172029400WB, 5172002000, 5172002000WB, 5172025000, 5172025000WB; Py\u00f6r\u00e4nlaakerisarja<\/p>\n","protected":false},"excerpt":{"rendered":"<p>FAG Py\u00f6r\u00e4nlaakerit 713 6195 10 Py\u00f6r\u00e4nlaakerisarja KIA,HYUNDAI,PICANTO BA,RIO II JB,RIO II Stufenheck JB,GETZ TB,i10 PA,i20 PB, PBT,ATOS MX<\/p>\n","protected":false},"featured_media":0,"template":"","meta":{"site-sidebar-layout":"default","site-content-layout":"default","ast-global-header-display":"","ast-main-header-display":"","ast-hfb-above-header-display":"","ast-hfb-below-header-display":"","ast-hfb-mobile-header-display":"","site-post-title":"","ast-breadcrumbs-content":"","ast-featured-img":"","footer-sml-layout":"","theme-transparent-header-meta":"","adv-header-id-meta":"","stick-header-meta":"","header-above-stick-meta":"","header-main-stick-meta":"","header-below-stick-meta":""},"pwb-brand":[566],"product_cat":[83],"product_tag":[],"class_list":{"0":"post-106544","1":"product","2":"type-product","3":"status-publish","5":"pwb-brand-fag","6":"product_cat-pyoranlaakerit","7":"desktop-align-left","8":"tablet-align-left","9":"mobile-align-left","11":"first","12":"instock","13":"product-type-external"},"brands":[{"id":566,"name":"FAG","slug":"fag"}],"_links":{"self":[{"href":"https:\/\/www.autonvaraosahaku.fi\/index.php?rest_route=\/wp\/v2\/product\/106544","targetHints":{"allow":["GET"]}}],"collection":[{"href":"https:\/\/www.autonvaraosahaku.fi\/index.php?rest_route=\/wp\/v2\/product"}],"about":[{"href":"https:\/\/www.autonvaraosahaku.fi\/index.php?rest_route=\/wp\/v2\/types\/product"}],"wp:attachment":[{"href":"https:\/\/www.autonvaraosahaku.fi\/index.php?rest_route=%2Fwp%2Fv2%2Fmedia&parent=106544"}],"wp:term":[{"taxonomy":"pwb-brand","embeddable":true,"href":"https:\/\/www.autonvaraosahaku.fi\/index.php?rest_route=%2Fwp%2Fv2%2Fpwb-brand&post=106544"},{"taxonomy":"product_cat","embeddable":true,"href":"https:\/\/www.autonvaraosahaku.fi\/index.php?rest_route=%2Fwp%2Fv2%2Fproduct_cat&post=106544"},{"taxonomy":"product_tag","embeddable":true,"href":"https:\/\/www.autonvaraosahaku.fi\/index.php?rest_route=%2Fwp%2Fv2%2Fproduct_tag&post=106544"}],"curies":[{"name":"wp","href":"https:\/\/api.w.org\/{rel}","templated":true}]}}