{"id":106563,"date":"2021-02-21T23:13:54","date_gmt":"2021-02-21T23:13:54","guid":{"rendered":"https:\/\/www.autonvaraosahaku.fi\/?product=fag-713-6500-70-pyoranlaakerit"},"modified":"2021-02-21T23:13:58","modified_gmt":"2021-02-21T23:13:58","slug":"fag-713-6500-70-pyoranlaakerit","status":"publish","type":"product","link":"https:\/\/www.autonvaraosahaku.fi\/?product=fag-713-6500-70-pyoranlaakerit","title":{"rendered":"FAG 713 6500 70 Py\u00f6r\u00e4nlaakerit"},"content":{"rendered":"<p>Sis\u00e4l\u00e4pimitta [mm]: 25,00; Ulkol\u00e4pimitta [mm]: 52,00; Leveys (mm): 37,00; Asennuspuoli: Hinterachse; CITRO\u00cbN: C2 JM_,C3 I FC_,SAXO S0, S1,C3 II,XSARA N1,C3 Pluriel HB_,XSARA Break N2,XSARA Coupe N0,C2 ENTERPRISE; PEUGEOT: 206 Schr\u00e4gheck 2A\/C,206 SW 2E\/K,106 II 1,206+ T3E,306 Schr\u00e4gheck 7A, 7C, N3, N5,306 Cabriolet 7D, N3, N5,1007 KM_,306 7B, N3, N5,206 Stufenheck,206 Van; 373021, 373021WB, 374839, 374877, C95592226, C95592226WB, 373021, 373021WB, 374839, 374877; Py\u00f6r\u00e4nlaakerisarja<\/p>\n","protected":false},"excerpt":{"rendered":"<p>FAG Py\u00f6r\u00e4nlaakerit 713 6500 70 Py\u00f6r\u00e4nlaakerisarja CITRO\u00cbN,PEUGEOT,C2 JM_,C3 I FC_,SAXO S0, S1,C3 II,XSARA N1,C3 Pluriel HB_,XSARA Break N2<\/p>\n","protected":false},"featured_media":0,"template":"","meta":{"site-sidebar-layout":"default","site-content-layout":"default","ast-global-header-display":"","ast-main-header-display":"","ast-hfb-above-header-display":"","ast-hfb-below-header-display":"","ast-hfb-mobile-header-display":"","site-post-title":"","ast-breadcrumbs-content":"","ast-featured-img":"","footer-sml-layout":"","theme-transparent-header-meta":"","adv-header-id-meta":"","stick-header-meta":"","header-above-stick-meta":"","header-main-stick-meta":"","header-below-stick-meta":""},"pwb-brand":[566],"product_cat":[83],"product_tag":[],"class_list":{"0":"post-106563","1":"product","2":"type-product","3":"status-publish","5":"pwb-brand-fag","6":"product_cat-pyoranlaakerit","7":"desktop-align-left","8":"tablet-align-left","9":"mobile-align-left","11":"first","12":"instock","13":"product-type-external"},"brands":[{"id":566,"name":"FAG","slug":"fag"}],"_links":{"self":[{"href":"https:\/\/www.autonvaraosahaku.fi\/index.php?rest_route=\/wp\/v2\/product\/106563","targetHints":{"allow":["GET"]}}],"collection":[{"href":"https:\/\/www.autonvaraosahaku.fi\/index.php?rest_route=\/wp\/v2\/product"}],"about":[{"href":"https:\/\/www.autonvaraosahaku.fi\/index.php?rest_route=\/wp\/v2\/types\/product"}],"wp:attachment":[{"href":"https:\/\/www.autonvaraosahaku.fi\/index.php?rest_route=%2Fwp%2Fv2%2Fmedia&parent=106563"}],"wp:term":[{"taxonomy":"pwb-brand","embeddable":true,"href":"https:\/\/www.autonvaraosahaku.fi\/index.php?rest_route=%2Fwp%2Fv2%2Fpwb-brand&post=106563"},{"taxonomy":"product_cat","embeddable":true,"href":"https:\/\/www.autonvaraosahaku.fi\/index.php?rest_route=%2Fwp%2Fv2%2Fproduct_cat&post=106563"},{"taxonomy":"product_tag","embeddable":true,"href":"https:\/\/www.autonvaraosahaku.fi\/index.php?rest_route=%2Fwp%2Fv2%2Fproduct_tag&post=106563"}],"curies":[{"name":"wp","href":"https:\/\/api.w.org\/{rel}","templated":true}]}}