{"id":106588,"date":"2021-02-21T23:14:01","date_gmt":"2021-02-21T23:14:01","guid":{"rendered":"https:\/\/www.autonvaraosahaku.fi\/?product=fag-713-6789-60-pyoranlaakerit"},"modified":"2021-02-21T23:14:06","modified_gmt":"2021-02-21T23:14:06","slug":"fag-713-6789-60-pyoranlaakerit","status":"publish","type":"product","link":"https:\/\/www.autonvaraosahaku.fi\/?product=fag-713-6789-60-pyoranlaakerit","title":{"rendered":"FAG 713 6789 60 Py\u00f6r\u00e4nlaakerit"},"content":{"rendered":"<p>Sis\u00e4l\u00e4pimitta 1 [mm]: 29,00; Ulkol\u00e4pimitta 1 [mm]: 50,30; Leveys 1 (mm): 17,50; Sis\u00e4l\u00e4pimitta 2 [mm]: 29,00; Ulkol\u00e4pimitta 2 [mm]: 50,30; Leveys 2 (mm): 17,50; Asennuspuoli: Hinterachse; FORD: FIESTA IV JA_, JB_,KA RB_,STREET KA RL2,PUMA EC_,ESCORT VII GAL, AAL, ABL,ESCORT VII Kombi GAL, ANL,ESCORT VII Cabriolet ALL,ESCORT VII Stufenheck GAL, AFL,FIESTA Kasten JV_,ESCORT CLASSIC AAL, ABL,ESCORT CLASSIC Turnier ANL; 1137830, 1375743, 5U7J1A049AA, 7220658, 7220658WB, 89FB1238AB, 89FB1238ABWB, 89FB1238AD, 89FB1238ADWB; Py\u00f6r\u00e4nlaakerisarja<\/p>\n","protected":false},"excerpt":{"rendered":"<p>FAG Py\u00f6r\u00e4nlaakerit 713 6789 60 Py\u00f6r\u00e4nlaakerisarja FORD,FIESTA IV JA_, JB_,KA RB_,STREET KA RL2,PUMA EC_,ESCORT VII GAL, AAL, ABL<\/p>\n","protected":false},"featured_media":0,"template":"","meta":{"site-sidebar-layout":"default","site-content-layout":"default","ast-global-header-display":"","ast-main-header-display":"","ast-hfb-above-header-display":"","ast-hfb-below-header-display":"","ast-hfb-mobile-header-display":"","site-post-title":"","ast-breadcrumbs-content":"","ast-featured-img":"","footer-sml-layout":"","theme-transparent-header-meta":"","adv-header-id-meta":"","stick-header-meta":"","header-above-stick-meta":"","header-main-stick-meta":"","header-below-stick-meta":""},"pwb-brand":[566],"product_cat":[83],"product_tag":[],"class_list":{"0":"post-106588","1":"product","2":"type-product","3":"status-publish","5":"pwb-brand-fag","6":"product_cat-pyoranlaakerit","7":"desktop-align-left","8":"tablet-align-left","9":"mobile-align-left","11":"first","12":"instock","13":"product-type-external"},"brands":[{"id":566,"name":"FAG","slug":"fag"}],"_links":{"self":[{"href":"https:\/\/www.autonvaraosahaku.fi\/index.php?rest_route=\/wp\/v2\/product\/106588","targetHints":{"allow":["GET"]}}],"collection":[{"href":"https:\/\/www.autonvaraosahaku.fi\/index.php?rest_route=\/wp\/v2\/product"}],"about":[{"href":"https:\/\/www.autonvaraosahaku.fi\/index.php?rest_route=\/wp\/v2\/types\/product"}],"wp:attachment":[{"href":"https:\/\/www.autonvaraosahaku.fi\/index.php?rest_route=%2Fwp%2Fv2%2Fmedia&parent=106588"}],"wp:term":[{"taxonomy":"pwb-brand","embeddable":true,"href":"https:\/\/www.autonvaraosahaku.fi\/index.php?rest_route=%2Fwp%2Fv2%2Fpwb-brand&post=106588"},{"taxonomy":"product_cat","embeddable":true,"href":"https:\/\/www.autonvaraosahaku.fi\/index.php?rest_route=%2Fwp%2Fv2%2Fproduct_cat&post=106588"},{"taxonomy":"product_tag","embeddable":true,"href":"https:\/\/www.autonvaraosahaku.fi\/index.php?rest_route=%2Fwp%2Fv2%2Fproduct_tag&post=106588"}],"curies":[{"name":"wp","href":"https:\/\/api.w.org\/{rel}","templated":true}]}}