{"id":106592,"date":"2021-02-21T23:14:07","date_gmt":"2021-02-21T23:14:07","guid":{"rendered":"https:\/\/www.autonvaraosahaku.fi\/?product=fag-713-6189-90-pyoranlaakerit"},"modified":"2021-02-21T23:14:08","modified_gmt":"2021-02-21T23:14:08","slug":"fag-713-6189-90-pyoranlaakerit","status":"publish","type":"product","link":"https:\/\/www.autonvaraosahaku.fi\/?product=fag-713-6189-90-pyoranlaakerit","title":{"rendered":"FAG 713 6189 90 Py\u00f6r\u00e4nlaakerit"},"content":{"rendered":"<p>Ulkol\u00e4pimitta [mm]: 135,00; Ulkol\u00e4pimitta 2 [mm]: 54,80; Ulkol\u00e4pimitta 1 [mm]: 73,80; Leveys 2 (mm): 59,90; Asennuspuoli: Hinterachse; TOYOTA: YARIS SCP9_, NSP9_, KSP9_, NCP9_, ZSP9_,YARIS NHP13_, NSP13_, NCP13_, KSP13_, NLP13_,STARLET EP91,VIOS\/YARIS Stufenheck ZSP9_, NCP9_,YARIS NCP15_,VIOS\/YARIS Stufenheck NCP15_,COROLLA Stufenheck NRE18_, ZRE17_, ZRE18_, NDE18_,PRIUS C NHP10_; 4241052070, 4241052070WB, 424500D050, 424500D050WB, 4245052060, 4245052060WB, 4245052061, 4245052070, 4245074020; Py\u00f6r\u00e4nlaakerisarja<\/p>\n","protected":false},"excerpt":{"rendered":"<p>FAG Py\u00f6r\u00e4nlaakerit 713 6189 90 Py\u00f6r\u00e4nlaakerisarja TOYOTA,YARIS SCP9_, NSP9_, KSP9_, NCP9_, ZSP9_,YARIS NHP13_, NSP13_, NCP13_, KSP13_, NLP13_<\/p>\n","protected":false},"featured_media":0,"template":"","meta":{"site-sidebar-layout":"default","site-content-layout":"default","ast-global-header-display":"","ast-main-header-display":"","ast-hfb-above-header-display":"","ast-hfb-below-header-display":"","ast-hfb-mobile-header-display":"","site-post-title":"","ast-breadcrumbs-content":"","ast-featured-img":"","footer-sml-layout":"","theme-transparent-header-meta":"","adv-header-id-meta":"","stick-header-meta":"","header-above-stick-meta":"","header-main-stick-meta":"","header-below-stick-meta":""},"pwb-brand":[566],"product_cat":[83],"product_tag":[],"class_list":{"0":"post-106592","1":"product","2":"type-product","3":"status-publish","5":"pwb-brand-fag","6":"product_cat-pyoranlaakerit","7":"desktop-align-left","8":"tablet-align-left","9":"mobile-align-left","11":"first","12":"instock","13":"product-type-external"},"brands":[{"id":566,"name":"FAG","slug":"fag"}],"_links":{"self":[{"href":"https:\/\/www.autonvaraosahaku.fi\/index.php?rest_route=\/wp\/v2\/product\/106592","targetHints":{"allow":["GET"]}}],"collection":[{"href":"https:\/\/www.autonvaraosahaku.fi\/index.php?rest_route=\/wp\/v2\/product"}],"about":[{"href":"https:\/\/www.autonvaraosahaku.fi\/index.php?rest_route=\/wp\/v2\/types\/product"}],"wp:attachment":[{"href":"https:\/\/www.autonvaraosahaku.fi\/index.php?rest_route=%2Fwp%2Fv2%2Fmedia&parent=106592"}],"wp:term":[{"taxonomy":"pwb-brand","embeddable":true,"href":"https:\/\/www.autonvaraosahaku.fi\/index.php?rest_route=%2Fwp%2Fv2%2Fpwb-brand&post=106592"},{"taxonomy":"product_cat","embeddable":true,"href":"https:\/\/www.autonvaraosahaku.fi\/index.php?rest_route=%2Fwp%2Fv2%2Fproduct_cat&post=106592"},{"taxonomy":"product_tag","embeddable":true,"href":"https:\/\/www.autonvaraosahaku.fi\/index.php?rest_route=%2Fwp%2Fv2%2Fproduct_tag&post=106592"}],"curies":[{"name":"wp","href":"https:\/\/api.w.org\/{rel}","templated":true}]}}