{"id":106595,"date":"2021-02-21T23:14:07","date_gmt":"2021-02-21T23:14:07","guid":{"rendered":"https:\/\/www.autonvaraosahaku.fi\/?product=fag-713-6678-20-pyoranlaakerit"},"modified":"2021-02-21T23:14:09","modified_gmt":"2021-02-21T23:14:09","slug":"fag-713-6678-20-pyoranlaakerit","status":"publish","type":"product","link":"https:\/\/www.autonvaraosahaku.fi\/?product=fag-713-6678-20-pyoranlaakerit","title":{"rendered":"FAG 713 6678 20 Py\u00f6r\u00e4nlaakerit"},"content":{"rendered":"<p>Sis\u00e4l\u00e4pimitta 1 [mm]: 35,00; Ulkol\u00e4pimitta 1 [mm]: 62,00; Leveys 1 (mm): 19,00; Sis\u00e4l\u00e4pimitta 2 [mm]: 22,00; Ulkol\u00e4pimitta 2 [mm]: 50,00; Leveys 2 (mm): 18,40; Asennuspuoli: Vorderachse; MERCEDES-BENZ: C-CLASS W203,C-CLASS W204,C-CLASS T-Model S204,C-CLASS T-Model S203,C-CLASS Coupe CL203,SLK R171,CLK C209,E-CLASS Coupe C207,CLK Cabriolet A209,C-CLASS Coupe C204,SLK R172,E-CLASS Cabriolet A207,CLC-CLASS CL203; 0029803002, 0029803002WB, 0029803102, 0029803102WB, 2033300051, A0029803002, A0029803102, A0029803102WB, A2033300051; Py\u00f6r\u00e4nlaakerisarja<\/p>\n","protected":false},"excerpt":{"rendered":"<p>FAG Py\u00f6r\u00e4nlaakerit 713 6678 20 Py\u00f6r\u00e4nlaakerisarja MERCEDES-BENZ,C-CLASS W203,C-CLASS W204,C-CLASS T-Model S204,C-CLASS T-Model S203<\/p>\n","protected":false},"featured_media":0,"template":"","meta":{"site-sidebar-layout":"default","site-content-layout":"default","ast-global-header-display":"","ast-main-header-display":"","ast-hfb-above-header-display":"","ast-hfb-below-header-display":"","ast-hfb-mobile-header-display":"","site-post-title":"","ast-breadcrumbs-content":"","ast-featured-img":"","footer-sml-layout":"","theme-transparent-header-meta":"","adv-header-id-meta":"","stick-header-meta":"","header-above-stick-meta":"","header-main-stick-meta":"","header-below-stick-meta":""},"pwb-brand":[566],"product_cat":[83],"product_tag":[],"class_list":{"0":"post-106595","1":"product","2":"type-product","3":"status-publish","5":"pwb-brand-fag","6":"product_cat-pyoranlaakerit","7":"desktop-align-left","8":"tablet-align-left","9":"mobile-align-left","11":"first","12":"instock","13":"product-type-external"},"brands":[{"id":566,"name":"FAG","slug":"fag"}],"_links":{"self":[{"href":"https:\/\/www.autonvaraosahaku.fi\/index.php?rest_route=\/wp\/v2\/product\/106595","targetHints":{"allow":["GET"]}}],"collection":[{"href":"https:\/\/www.autonvaraosahaku.fi\/index.php?rest_route=\/wp\/v2\/product"}],"about":[{"href":"https:\/\/www.autonvaraosahaku.fi\/index.php?rest_route=\/wp\/v2\/types\/product"}],"wp:attachment":[{"href":"https:\/\/www.autonvaraosahaku.fi\/index.php?rest_route=%2Fwp%2Fv2%2Fmedia&parent=106595"}],"wp:term":[{"taxonomy":"pwb-brand","embeddable":true,"href":"https:\/\/www.autonvaraosahaku.fi\/index.php?rest_route=%2Fwp%2Fv2%2Fpwb-brand&post=106595"},{"taxonomy":"product_cat","embeddable":true,"href":"https:\/\/www.autonvaraosahaku.fi\/index.php?rest_route=%2Fwp%2Fv2%2Fproduct_cat&post=106595"},{"taxonomy":"product_tag","embeddable":true,"href":"https:\/\/www.autonvaraosahaku.fi\/index.php?rest_route=%2Fwp%2Fv2%2Fproduct_tag&post=106595"}],"curies":[{"name":"wp","href":"https:\/\/api.w.org\/{rel}","templated":true}]}}