{"id":106602,"date":"2021-02-21T23:14:07","date_gmt":"2021-02-21T23:14:07","guid":{"rendered":"https:\/\/www.autonvaraosahaku.fi\/?product=fag-713-6266-40-pyoranlaakerit"},"modified":"2021-02-21T23:14:11","modified_gmt":"2021-02-21T23:14:11","slug":"fag-713-6266-40-pyoranlaakerit","status":"publish","type":"product","link":"https:\/\/www.autonvaraosahaku.fi\/?product=fag-713-6266-40-pyoranlaakerit","title":{"rendered":"FAG 713 6266 40 Py\u00f6r\u00e4nlaakerit"},"content":{"rendered":"<p>Ulkol\u00e4pimitta [mm]: 139,10; Ulkol\u00e4pimitta 2 [mm]: 68,80; Ulkol\u00e4pimitta 1 [mm]: 91,70; Leveys 2 (mm): 53,50; Asennuspuoli: Vorderachse; KIA: SORENTO II XM; HYUNDAI: SANTA F\u00c9 I SM,SANTA F\u00c9 II CM,ix55,SANTA F\u00c9 III DM,GRAND SANTA F\u00c9; 517502B010, 517502B010WB, 517503J000, 517503J000WB, 517502B010, 517502B010WB, 517503J000, 517503J000WB; Py\u00f6r\u00e4nlaakerisarja<\/p>\n","protected":false},"excerpt":{"rendered":"<p>FAG Py\u00f6r\u00e4nlaakerit 713 6266 40 Py\u00f6r\u00e4nlaakerisarja KIA,HYUNDAI,SORENTO II XM,SANTA F\u00c9 I SM,SANTA F\u00c9 II CM,ix55,SANTA F\u00c9 III DM,GRAND SANTA F\u00c9<\/p>\n","protected":false},"featured_media":0,"template":"","meta":{"site-sidebar-layout":"default","site-content-layout":"default","ast-global-header-display":"","ast-main-header-display":"","ast-hfb-above-header-display":"","ast-hfb-below-header-display":"","ast-hfb-mobile-header-display":"","site-post-title":"","ast-breadcrumbs-content":"","ast-featured-img":"","footer-sml-layout":"","theme-transparent-header-meta":"","adv-header-id-meta":"","stick-header-meta":"","header-above-stick-meta":"","header-main-stick-meta":"","header-below-stick-meta":""},"pwb-brand":[566],"product_cat":[83],"product_tag":[],"class_list":{"0":"post-106602","1":"product","2":"type-product","3":"status-publish","5":"pwb-brand-fag","6":"product_cat-pyoranlaakerit","7":"desktop-align-left","8":"tablet-align-left","9":"mobile-align-left","11":"first","12":"instock","13":"product-type-external"},"brands":[{"id":566,"name":"FAG","slug":"fag"}],"_links":{"self":[{"href":"https:\/\/www.autonvaraosahaku.fi\/index.php?rest_route=\/wp\/v2\/product\/106602","targetHints":{"allow":["GET"]}}],"collection":[{"href":"https:\/\/www.autonvaraosahaku.fi\/index.php?rest_route=\/wp\/v2\/product"}],"about":[{"href":"https:\/\/www.autonvaraosahaku.fi\/index.php?rest_route=\/wp\/v2\/types\/product"}],"wp:attachment":[{"href":"https:\/\/www.autonvaraosahaku.fi\/index.php?rest_route=%2Fwp%2Fv2%2Fmedia&parent=106602"}],"wp:term":[{"taxonomy":"pwb-brand","embeddable":true,"href":"https:\/\/www.autonvaraosahaku.fi\/index.php?rest_route=%2Fwp%2Fv2%2Fpwb-brand&post=106602"},{"taxonomy":"product_cat","embeddable":true,"href":"https:\/\/www.autonvaraosahaku.fi\/index.php?rest_route=%2Fwp%2Fv2%2Fproduct_cat&post=106602"},{"taxonomy":"product_tag","embeddable":true,"href":"https:\/\/www.autonvaraosahaku.fi\/index.php?rest_route=%2Fwp%2Fv2%2Fproduct_tag&post=106602"}],"curies":[{"name":"wp","href":"https:\/\/api.w.org\/{rel}","templated":true}]}}