{"id":106615,"date":"2021-02-21T23:14:13","date_gmt":"2021-02-21T23:14:13","guid":{"rendered":"https:\/\/www.autonvaraosahaku.fi\/?product=fag-713-6104-80-pyoranlaakerit"},"modified":"2021-02-21T23:14:15","modified_gmt":"2021-02-21T23:14:15","slug":"fag-713-6104-80-pyoranlaakerit","status":"publish","type":"product","link":"https:\/\/www.autonvaraosahaku.fi\/?product=fag-713-6104-80-pyoranlaakerit","title":{"rendered":"FAG 713 6104 80 Py\u00f6r\u00e4nlaakerit"},"content":{"rendered":"<p>Ulkol\u00e4pimitta 1 [mm]: 91,75; Sis\u00e4l\u00e4pimitta [mm]: 45,00; Leveys (mm): 42,40; Asennuspuoli: Hinterachse; VW: PHAETON 3D_; AUDI: A6 Avant 4F5, C6,A6 4F2, C6,A8 4E_,A6 Allroad 4FH, C6,R8 42,R8 Spyder,R8 4S; 4D0498625, 4E0407625D, 4E0407625DWB, 4E0498625, 4E0498625A, 4E0498625B, 4E0498625C, 4F0498625A, 4F0598625, 4F0598625A, 4F0598625B, 3D0498607, 3D0498607A; Py\u00f6r\u00e4nlaakerisarja<\/p>\n","protected":false},"excerpt":{"rendered":"<p>FAG Py\u00f6r\u00e4nlaakerit 713 6104 80 Py\u00f6r\u00e4nlaakerisarja VW,AUDI,PHAETON 3D_,A6 Avant 4F5, C6,A6 4F2, C6,A8 4E_,A6 Allroad 4FH, C6,R8 42,R8 Spyder,R8 4S<\/p>\n","protected":false},"featured_media":0,"template":"","meta":{"site-sidebar-layout":"default","site-content-layout":"default","ast-global-header-display":"","ast-main-header-display":"","ast-hfb-above-header-display":"","ast-hfb-below-header-display":"","ast-hfb-mobile-header-display":"","site-post-title":"","ast-breadcrumbs-content":"","ast-featured-img":"","footer-sml-layout":"","theme-transparent-header-meta":"","adv-header-id-meta":"","stick-header-meta":"","header-above-stick-meta":"","header-main-stick-meta":"","header-below-stick-meta":""},"pwb-brand":[566],"product_cat":[83],"product_tag":[],"class_list":{"0":"post-106615","1":"product","2":"type-product","3":"status-publish","5":"pwb-brand-fag","6":"product_cat-pyoranlaakerit","7":"desktop-align-left","8":"tablet-align-left","9":"mobile-align-left","11":"first","12":"instock","13":"product-type-external"},"brands":[{"id":566,"name":"FAG","slug":"fag"}],"_links":{"self":[{"href":"https:\/\/www.autonvaraosahaku.fi\/index.php?rest_route=\/wp\/v2\/product\/106615","targetHints":{"allow":["GET"]}}],"collection":[{"href":"https:\/\/www.autonvaraosahaku.fi\/index.php?rest_route=\/wp\/v2\/product"}],"about":[{"href":"https:\/\/www.autonvaraosahaku.fi\/index.php?rest_route=\/wp\/v2\/types\/product"}],"wp:attachment":[{"href":"https:\/\/www.autonvaraosahaku.fi\/index.php?rest_route=%2Fwp%2Fv2%2Fmedia&parent=106615"}],"wp:term":[{"taxonomy":"pwb-brand","embeddable":true,"href":"https:\/\/www.autonvaraosahaku.fi\/index.php?rest_route=%2Fwp%2Fv2%2Fpwb-brand&post=106615"},{"taxonomy":"product_cat","embeddable":true,"href":"https:\/\/www.autonvaraosahaku.fi\/index.php?rest_route=%2Fwp%2Fv2%2Fproduct_cat&post=106615"},{"taxonomy":"product_tag","embeddable":true,"href":"https:\/\/www.autonvaraosahaku.fi\/index.php?rest_route=%2Fwp%2Fv2%2Fproduct_tag&post=106615"}],"curies":[{"name":"wp","href":"https:\/\/api.w.org\/{rel}","templated":true}]}}