{"id":106618,"date":"2021-02-21T23:14:13","date_gmt":"2021-02-21T23:14:13","guid":{"rendered":"https:\/\/www.autonvaraosahaku.fi\/?product=fag-32011x-pyoranlaakerit"},"modified":"2021-02-21T23:14:16","modified_gmt":"2021-02-21T23:14:16","slug":"fag-32011x-pyoranlaakerit","status":"publish","type":"product","link":"https:\/\/www.autonvaraosahaku.fi\/?product=fag-32011x-pyoranlaakerit","title":{"rendered":"FAG 32011X Py\u00f6r\u00e4nlaakerit"},"content":{"rendered":"<p>Sis\u00e4l\u00e4pimitta [mm]: 55,00; Ulkol\u00e4pimitta [mm]: 90,00; Leveys (mm): 24,00; Asennuspuoli: au\u00dfen; MERCEDES-BENZ: LK\/LN2; RENAULT TRUCKS: MASCOTT Pritsche\/Fahrgestell,MASCOTT Kasten\/Kombi,B Pritsche\/Fahrgestell,B Kasten\/Kombi,MESSENGER Kasten\/Kombi,MESSENGER Pritsche\/Fahrgestell,MESSENGER Kipper; 9597066, 3C111A049AA, 1101597, 42470854, 7162191, 8169268, K996032011, 65934206000, 81934200295, 0009809002, 0029811305, 0029816605, 0069815605, 0069819002, 0079810405, 0099814505, 0099814805, 0099816105, 0099817005, 29816605, 69815605, 99814805, A0009809002, A0029811305, A0029816605, A0069815605, A0069819002, A0079810405, A0099814505, A0099814805, A0099816105, A0099817005, MH043164, 432109X501, 4321500Q0A, 5000392237, 293501319, 2D0501319B, 2N0501319A<\/p>\n","protected":false},"excerpt":{"rendered":"<p>FAG Py\u00f6r\u00e4nlaakeri 32011X  MERCEDES-BENZ,RENAULT TRUCKS,LK\/LN2,MASCOTT Pritsche\/Fahrgestell,MASCOTT Kasten\/Kombi,B Pritsche\/Fahrgestell,B Kasten\/Kombi<\/p>\n","protected":false},"featured_media":0,"template":"","meta":{"site-sidebar-layout":"default","site-content-layout":"default","ast-global-header-display":"","ast-main-header-display":"","ast-hfb-above-header-display":"","ast-hfb-below-header-display":"","ast-hfb-mobile-header-display":"","site-post-title":"","ast-breadcrumbs-content":"","ast-featured-img":"","footer-sml-layout":"","theme-transparent-header-meta":"","adv-header-id-meta":"","stick-header-meta":"","header-above-stick-meta":"","header-main-stick-meta":"","header-below-stick-meta":""},"pwb-brand":[566],"product_cat":[83],"product_tag":[],"class_list":{"0":"post-106618","1":"product","2":"type-product","3":"status-publish","5":"pwb-brand-fag","6":"product_cat-pyoranlaakerit","7":"desktop-align-left","8":"tablet-align-left","9":"mobile-align-left","11":"first","12":"instock","13":"product-type-external"},"brands":[{"id":566,"name":"FAG","slug":"fag"}],"_links":{"self":[{"href":"https:\/\/www.autonvaraosahaku.fi\/index.php?rest_route=\/wp\/v2\/product\/106618","targetHints":{"allow":["GET"]}}],"collection":[{"href":"https:\/\/www.autonvaraosahaku.fi\/index.php?rest_route=\/wp\/v2\/product"}],"about":[{"href":"https:\/\/www.autonvaraosahaku.fi\/index.php?rest_route=\/wp\/v2\/types\/product"}],"wp:attachment":[{"href":"https:\/\/www.autonvaraosahaku.fi\/index.php?rest_route=%2Fwp%2Fv2%2Fmedia&parent=106618"}],"wp:term":[{"taxonomy":"pwb-brand","embeddable":true,"href":"https:\/\/www.autonvaraosahaku.fi\/index.php?rest_route=%2Fwp%2Fv2%2Fpwb-brand&post=106618"},{"taxonomy":"product_cat","embeddable":true,"href":"https:\/\/www.autonvaraosahaku.fi\/index.php?rest_route=%2Fwp%2Fv2%2Fproduct_cat&post=106618"},{"taxonomy":"product_tag","embeddable":true,"href":"https:\/\/www.autonvaraosahaku.fi\/index.php?rest_route=%2Fwp%2Fv2%2Fproduct_tag&post=106618"}],"curies":[{"name":"wp","href":"https:\/\/api.w.org\/{rel}","templated":true}]}}