{"id":10698,"date":"2021-02-21T14:09:32","date_gmt":"2021-02-21T14:09:32","guid":{"rendered":"https:\/\/www.autonvaraosahaku.fi\/?product=master-sport-17863-pcs-ms-alatukivarsi"},"modified":"2021-02-21T14:09:34","modified_gmt":"2021-02-21T14:09:34","slug":"master-sport-17863-pcs-ms-alatukivarsi","status":"publish","type":"product","link":"https:\/\/www.autonvaraosahaku.fi\/?product=master-sport-17863-pcs-ms-alatukivarsi","title":{"rendered":"MASTER-SPORT 17863-PCS-MS Alatukivarsi"},"content":{"rendered":"<p>Asennuspuoli: Etuakseli, Alla, Oikea; Materiaali: Ter\u00e4slevy; Ohjausmalli: Poikittaistukivarsi; parilliset tuotenumerot: 17864-PCS-MS; Lukum\u00e4\u00e4r\u00e4 akselille: 1; Nettopaino [kg]: 2,7; Bruttopaino [kg]: 2,75; FORD: MONDEO II Kombi BNP,MONDEO II BAP,MONDEO II Stufenheck BFP,MONDEO I Kombi BNP,MONDEO I GBP,MONDEO I Stufenheck GBP; 1023026, 1030277, 1043159, 1102948, 1141293, 6954470, 93BB3042BC, 95BG3042AA, 97BG3042AA, 97BG3042CA, YS713042AA, YS713042AB; Tukivarsi,Tukivarsi, Py\u00f6r\u00e4ntuenta<\/p>\n","protected":false},"excerpt":{"rendered":"<p>MASTER-SPORT Alatukivarsi 17863-PCS-MS Tukivarsi,Tukivarsi, Py\u00f6r\u00e4ntuenta FORD,MONDEO II Kombi BNP,MONDEO II BAP,MONDEO II Stufenheck BFP<\/p>\n","protected":false},"featured_media":0,"template":"","meta":{"site-sidebar-layout":"default","site-content-layout":"default","ast-global-header-display":"","ast-main-header-display":"","ast-hfb-above-header-display":"","ast-hfb-below-header-display":"","ast-hfb-mobile-header-display":"","site-post-title":"","ast-breadcrumbs-content":"","ast-featured-img":"","footer-sml-layout":"","theme-transparent-header-meta":"","adv-header-id-meta":"","stick-header-meta":"","header-above-stick-meta":"","header-main-stick-meta":"","header-below-stick-meta":""},"pwb-brand":[61],"product_cat":[62],"product_tag":[],"class_list":{"0":"post-10698","1":"product","2":"type-product","3":"status-publish","5":"pwb-brand-master-sport","6":"product_cat-alatukivarsi","7":"desktop-align-left","8":"tablet-align-left","9":"mobile-align-left","11":"first","12":"instock","13":"product-type-external"},"brands":[{"id":61,"name":"MASTER-SPORT","slug":"master-sport"}],"_links":{"self":[{"href":"https:\/\/www.autonvaraosahaku.fi\/index.php?rest_route=\/wp\/v2\/product\/10698","targetHints":{"allow":["GET"]}}],"collection":[{"href":"https:\/\/www.autonvaraosahaku.fi\/index.php?rest_route=\/wp\/v2\/product"}],"about":[{"href":"https:\/\/www.autonvaraosahaku.fi\/index.php?rest_route=\/wp\/v2\/types\/product"}],"wp:attachment":[{"href":"https:\/\/www.autonvaraosahaku.fi\/index.php?rest_route=%2Fwp%2Fv2%2Fmedia&parent=10698"}],"wp:term":[{"taxonomy":"pwb-brand","embeddable":true,"href":"https:\/\/www.autonvaraosahaku.fi\/index.php?rest_route=%2Fwp%2Fv2%2Fpwb-brand&post=10698"},{"taxonomy":"product_cat","embeddable":true,"href":"https:\/\/www.autonvaraosahaku.fi\/index.php?rest_route=%2Fwp%2Fv2%2Fproduct_cat&post=10698"},{"taxonomy":"product_tag","embeddable":true,"href":"https:\/\/www.autonvaraosahaku.fi\/index.php?rest_route=%2Fwp%2Fv2%2Fproduct_tag&post=10698"}],"curies":[{"name":"wp","href":"https:\/\/api.w.org\/{rel}","templated":true}]}}