{"id":10704,"date":"2021-02-21T14:09:36","date_gmt":"2021-02-21T14:09:36","guid":{"rendered":"https:\/\/www.autonvaraosahaku.fi\/?product=maxgear-39-0119-pyyhkijansulat"},"modified":"2021-02-21T14:09:36","modified_gmt":"2021-02-21T14:09:36","slug":"maxgear-39-0119-pyyhkijansulat","status":"publish","type":"product","link":"https:\/\/www.autonvaraosahaku.fi\/?product=maxgear-39-0119-pyyhkijansulat","title":{"rendered":"MAXGEAR 39-0119 Pyyhkij\u00e4nsulat"},"content":{"rendered":"<p>Asennuspuoli: Takana; M\u00e4\u00e4r\u00e4: 1; Pituus (mm): 300; Pituus (tuumaa): 12; Paino [kg]: 0,095; Valmistusvuoteen: 10\/2009; MERCEDES-BENZ: A-CLASS W169,B-CLASS W245,M-CLASS W164,E-CLASS T-Model S212,GLK-CLASS X204,R-CLASS W251, V251,M-CLASS W166,GL-CLASS X164,GL-CLASS X166,GLE W166,GLS X166; OPEL: CORSA D,INSIGNIA Caravan,CORSA D Van,CORSA E,INSIGNIA A Country Tourer G09; FORD: C-MAX II,GRAND C-MAX,B-MAX JK; RENAULT: CLIO II BB0\/1\/2_, CB0\/1\/2_,TWINGO II CN0_,MODUS \/ GRAND MODUS F\/JP0_,CLIO Grandtour KR0\/1_,CLIO II Kasten SB0\/1\/2_,AVANTIME DE0_; FIAT: GRANDE PUNTO 199,PUNTO EVO 199,PUNTO 199,PUNTO Van 199,PUNTO EVO Van 199_; PEUGEOT: 207 SW WK_,508 SW,3008,1007 KM_; CITRO\u00cbN: C3 II,C3 III SX; NISSAN: MICRA III K12,JUKE F15,QASHQAI J11, J11_,X-TRAIL T32; HONDA: CIVIC VII Hatchback EU, EP, EV,CIVIC VII Stufenheck ES; DACIA: DUSTER; 6423E2, 76730S6DE01, 6423C3; Tuulilasinpyyhkimet,Pyyhkij\u00e4t,Pyyhkij\u00e4nsulka<\/p>\n","protected":false},"excerpt":{"rendered":"<p>MAXGEAR Pyyhkij\u00e4nsulat 39-0119 Tuulilasinpyyhkimet,Pyyhkij\u00e4t MERCEDES-BENZ,OPEL,FORD,A-CLASS W169,B-CLASS W245,M-CLASS W164,E-CLASS T-Model S212<\/p>\n","protected":false},"featured_media":0,"template":"","meta":{"site-sidebar-layout":"default","site-content-layout":"default","ast-global-header-display":"","ast-main-header-display":"","ast-hfb-above-header-display":"","ast-hfb-below-header-display":"","ast-hfb-mobile-header-display":"","site-post-title":"","ast-breadcrumbs-content":"","ast-featured-img":"","footer-sml-layout":"","theme-transparent-header-meta":"","adv-header-id-meta":"","stick-header-meta":"","header-above-stick-meta":"","header-main-stick-meta":"","header-below-stick-meta":""},"pwb-brand":[48],"product_cat":[33],"product_tag":[],"class_list":{"0":"post-10704","1":"product","2":"type-product","3":"status-publish","5":"pwb-brand-maxgear","6":"product_cat-pyyhkijansulat","7":"desktop-align-left","8":"tablet-align-left","9":"mobile-align-left","11":"first","12":"instock","13":"product-type-external"},"brands":[{"id":48,"name":"MAXGEAR","slug":"maxgear"}],"_links":{"self":[{"href":"https:\/\/www.autonvaraosahaku.fi\/index.php?rest_route=\/wp\/v2\/product\/10704","targetHints":{"allow":["GET"]}}],"collection":[{"href":"https:\/\/www.autonvaraosahaku.fi\/index.php?rest_route=\/wp\/v2\/product"}],"about":[{"href":"https:\/\/www.autonvaraosahaku.fi\/index.php?rest_route=\/wp\/v2\/types\/product"}],"wp:attachment":[{"href":"https:\/\/www.autonvaraosahaku.fi\/index.php?rest_route=%2Fwp%2Fv2%2Fmedia&parent=10704"}],"wp:term":[{"taxonomy":"pwb-brand","embeddable":true,"href":"https:\/\/www.autonvaraosahaku.fi\/index.php?rest_route=%2Fwp%2Fv2%2Fpwb-brand&post=10704"},{"taxonomy":"product_cat","embeddable":true,"href":"https:\/\/www.autonvaraosahaku.fi\/index.php?rest_route=%2Fwp%2Fv2%2Fproduct_cat&post=10704"},{"taxonomy":"product_tag","embeddable":true,"href":"https:\/\/www.autonvaraosahaku.fi\/index.php?rest_route=%2Fwp%2Fv2%2Fproduct_tag&post=10704"}],"curies":[{"name":"wp","href":"https:\/\/api.w.org\/{rel}","templated":true}]}}