{"id":10789,"date":"2021-02-21T14:09:49","date_gmt":"2021-02-21T14:09:49","guid":{"rendered":"https:\/\/www.autonvaraosahaku.fi\/?product=topran-114-263-valokatkaisin"},"modified":"2021-02-21T14:09:50","modified_gmt":"2021-02-21T14:09:50","slug":"topran-114-263-valokatkaisin","status":"publish","type":"product","link":"https:\/\/www.autonvaraosahaku.fi\/?product=topran-114-263-valokatkaisin","title":{"rendered":"TOPRAN 114 263 Valokatkaisin"},"content":{"rendered":"<p>K\u00e4ytt\u00f6tapa: K\u00e4\u00e4nt\u00f6kytkin; Yhdistelm\u00e4kytkintoiminto: Sumuvalolla, Sumutakavalotoiminnolla, P\u00e4\u00e4lle\/pois-katkaisija; Varusteet: Sumuvaloilla vasrustetuille autoille, Valonsuuntaimella varustetuile (s\u00e4hk\u00f6); Vasen \/ oikea liikenne: Ohjaus vasemmalla; V\u00e4ri: Musta; V\u00e4rikoodi: JDY; Kytkin: himmennyskatkaisijalla; Lis\u00e4tarvike\/lis\u00e4tieto: Integroidulla s\u00e4\u00e4timell\u00e4; Kotelomateriaali: Muovi; Katkaisijavalaistus: Vihre\u00e4; Alustanumeroon: 6Y-54237711; SKODA: FABIA Combi 6Y5,FABIA 6Y2,FABIA Stufenheck 6Y3,FABIA Praktik; 6Y1941531H, 6Y1941531HJDY; Ajovalokytkin,Kytkin, Ajovalo<\/p>\n","protected":false},"excerpt":{"rendered":"<p>TOPRAN Valokatkaisin 114 263 Ajovalokytkin,Kytkin, Ajovalo SKODA,FABIA Combi 6Y5,FABIA 6Y2,FABIA Stufenheck 6Y3,FABIA Praktik<\/p>\n","protected":false},"featured_media":0,"template":"","meta":{"site-sidebar-layout":"default","site-content-layout":"default","ast-global-header-display":"","ast-main-header-display":"","ast-hfb-above-header-display":"","ast-hfb-below-header-display":"","ast-hfb-mobile-header-display":"","site-post-title":"","ast-breadcrumbs-content":"","ast-featured-img":"","footer-sml-layout":"","theme-transparent-header-meta":"","adv-header-id-meta":"","stick-header-meta":"","header-above-stick-meta":"","header-main-stick-meta":"","header-below-stick-meta":""},"pwb-brand":[18],"product_cat":[136],"product_tag":[],"class_list":{"0":"post-10789","1":"product","2":"type-product","3":"status-publish","5":"pwb-brand-topran","6":"product_cat-valokatkaisin","7":"desktop-align-left","8":"tablet-align-left","9":"mobile-align-left","11":"first","12":"instock","13":"product-type-external"},"brands":[{"id":18,"name":"TOPRAN","slug":"topran"}],"_links":{"self":[{"href":"https:\/\/www.autonvaraosahaku.fi\/index.php?rest_route=\/wp\/v2\/product\/10789","targetHints":{"allow":["GET"]}}],"collection":[{"href":"https:\/\/www.autonvaraosahaku.fi\/index.php?rest_route=\/wp\/v2\/product"}],"about":[{"href":"https:\/\/www.autonvaraosahaku.fi\/index.php?rest_route=\/wp\/v2\/types\/product"}],"wp:attachment":[{"href":"https:\/\/www.autonvaraosahaku.fi\/index.php?rest_route=%2Fwp%2Fv2%2Fmedia&parent=10789"}],"wp:term":[{"taxonomy":"pwb-brand","embeddable":true,"href":"https:\/\/www.autonvaraosahaku.fi\/index.php?rest_route=%2Fwp%2Fv2%2Fpwb-brand&post=10789"},{"taxonomy":"product_cat","embeddable":true,"href":"https:\/\/www.autonvaraosahaku.fi\/index.php?rest_route=%2Fwp%2Fv2%2Fproduct_cat&post=10789"},{"taxonomy":"product_tag","embeddable":true,"href":"https:\/\/www.autonvaraosahaku.fi\/index.php?rest_route=%2Fwp%2Fv2%2Fproduct_tag&post=10789"}],"curies":[{"name":"wp","href":"https:\/\/api.w.org\/{rel}","templated":true}]}}