{"id":10794,"date":"2021-02-21T14:09:49","date_gmt":"2021-02-21T14:09:49","guid":{"rendered":"https:\/\/www.autonvaraosahaku.fi\/?product=topran-113-662-kampiakselin-hihnapyora"},"modified":"2021-02-21T14:09:51","modified_gmt":"2021-02-21T14:09:51","slug":"topran-113-662-kampiakselin-hihnapyora","status":"publish","type":"product","link":"https:\/\/www.autonvaraosahaku.fi\/?product=topran-113-662-kampiakselin-hihnapyora","title":{"rendered":"TOPRAN 113 662 Kampiakselin hihnapy\u00f6r\u00e4"},"content":{"rendered":"<p>Hihnapy\u00f6r\u00e4t: Moniurahihnapy\u00f6r\u00e4; Materiaali: Kumi-metalli; Korvaava tuote\/korvaava tiedote 2: kytketty; T\u00e4ristys: V\u00e4r\u00e4htelynvaimentimella; Moottorinumero: CDUC; VW: TOUAREG 7LA, 7L6, 7L7,TOUAREG 7P5; AUDI: A4 Avant 8K5, B8,A6 Avant 4F5, C6,A4 Avant 8ED, B7,A4 8K2, B8,Q5 8R,A6 4F2, C6,A6 Avant 4G5, C7, 4GD,A5 8T3,A5 Sportback 8TA,A4 8EC, B7,Q7 4L,A8 4E_,A6 4G2, C7, 4GC; 059105251AA, 059105251AB, 059105251AD, 059105251AF, 059105251AG, 059105251AH, 059105251AJ, 059105251AQ, 059105251AR, 059105251AS, 059105251AT, 059105251BB, 059105251BN, 059105251BP, 059105251BQ, 059105251DB, 059105251DJ, 059105251S, 059105251AA, 059105251AB, 059105251AD, 059105251AF, 059105251AG, 059105251AH, 059105251AJ, 059105251AQ, 059105251AR, 059105251AS, 059105251AT, 059105251BB, 059105251BN, 059105251BP, 059105251BQ, 059105251DB, 059105251DJ, 059105251S; Hihnapy\u00f6r\u00e4, Kampiakseli<\/p>\n","protected":false},"excerpt":{"rendered":"<p>TOPRAN Kampiakselin Hihnapy\u00f6r\u00e4 113 662 Hihnapy\u00f6r\u00e4, Kampiakseli VW,AUDI,TOUAREG 7LA, 7L6, 7L7,TOUAREG 7P5,A4 Avant 8K5, B8,A6 Avant 4F5, C6<\/p>\n","protected":false},"featured_media":0,"template":"","meta":{"site-sidebar-layout":"default","site-content-layout":"default","ast-global-header-display":"","ast-main-header-display":"","ast-hfb-above-header-display":"","ast-hfb-below-header-display":"","ast-hfb-mobile-header-display":"","site-post-title":"","ast-breadcrumbs-content":"","ast-featured-img":"","footer-sml-layout":"","theme-transparent-header-meta":"","adv-header-id-meta":"","stick-header-meta":"","header-above-stick-meta":"","header-main-stick-meta":"","header-below-stick-meta":""},"pwb-brand":[18],"product_cat":[219],"product_tag":[],"class_list":{"0":"post-10794","1":"product","2":"type-product","3":"status-publish","5":"pwb-brand-topran","6":"product_cat-kampiakselin-hihnapyora","7":"desktop-align-left","8":"tablet-align-left","9":"mobile-align-left","11":"first","12":"instock","13":"product-type-external"},"brands":[{"id":18,"name":"TOPRAN","slug":"topran"}],"_links":{"self":[{"href":"https:\/\/www.autonvaraosahaku.fi\/index.php?rest_route=\/wp\/v2\/product\/10794","targetHints":{"allow":["GET"]}}],"collection":[{"href":"https:\/\/www.autonvaraosahaku.fi\/index.php?rest_route=\/wp\/v2\/product"}],"about":[{"href":"https:\/\/www.autonvaraosahaku.fi\/index.php?rest_route=\/wp\/v2\/types\/product"}],"wp:attachment":[{"href":"https:\/\/www.autonvaraosahaku.fi\/index.php?rest_route=%2Fwp%2Fv2%2Fmedia&parent=10794"}],"wp:term":[{"taxonomy":"pwb-brand","embeddable":true,"href":"https:\/\/www.autonvaraosahaku.fi\/index.php?rest_route=%2Fwp%2Fv2%2Fpwb-brand&post=10794"},{"taxonomy":"product_cat","embeddable":true,"href":"https:\/\/www.autonvaraosahaku.fi\/index.php?rest_route=%2Fwp%2Fv2%2Fproduct_cat&post=10794"},{"taxonomy":"product_tag","embeddable":true,"href":"https:\/\/www.autonvaraosahaku.fi\/index.php?rest_route=%2Fwp%2Fv2%2Fproduct_tag&post=10794"}],"curies":[{"name":"wp","href":"https:\/\/api.w.org\/{rel}","templated":true}]}}