{"id":10809,"date":"2021-02-21T14:09:53","date_gmt":"2021-02-21T14:09:53","guid":{"rendered":"https:\/\/www.autonvaraosahaku.fi\/?product=seim-116925-pissapojan-pumppu"},"modified":"2021-02-21T14:09:54","modified_gmt":"2021-02-21T14:09:54","slug":"seim-116925-pissapojan-pumppu","status":"publish","type":"product","link":"https:\/\/www.autonvaraosahaku.fi\/?product=seim-116925-pissapojan-pumppu","title":{"rendered":"SEIM 116925 Pissapojan pumppu"},"content":{"rendered":"<p>J\u00e4nnite (V): 12; Asennuspuoli: Edess\u00e4; K\u00e4ytt\u00f6: S\u00e4hk\u00f6inen; Varusteet: Autoihin, joissa takalasin pyyhkij\u00e4; Pumpputyyppi: Kaksoispumppu; Organisaationumerosta: 08821; NISSAN: PRIMASTAR Bus X83,PRIMASTAR Kasten X83,PRIMASTAR Pritsche\/Fahrgestell; OPEL: VIVARO Kasten F7,VIVARO Combi J7,VIVARO Pritsche\/Fahrgestell E7; LANCIA: PHEDRA 179; FIAT: SCUDO 270_,ULYSSE 179AX,SCUDO Kasten 270_,SCUDO Pritsche\/Fahrgestell 270_; CITRO\u00cbN: BERLINGO MF,XSARA PICASSO N68,C2 JM_,C3 I FC_,BERLINGO B9,C8 EA_, EB_,C4 I LC_,SAXO S0, S1,DS3,BERLINGO Kasten M_,C5 II Break RE_,C3 Picasso,C5 I DC_,C5 I Break DE_,C3 II,XSARA N1,C4 Coupe LA_,C4 II B7,C5 II RC_,XSARA Break N2,JUMPY,BERLINGO Kasten B9,JUMPY Kasten,XSARA Coupe N0,C4 Stufenheck L,DS3 Cabriolet,C2 ENTERPRISE,BERLINGO Pritsche\/Fahrgestell B9,XSARA Kasten; PEUGEOT: 207 WA_, WC_,307 SW 3H,207 CC WD_,307 CC 3B,307 3A\/C,207 SW WK_,308 SW,807 E,106 II 1,308 4A_, 4C_,307 Break 3E,308 CC,1007 KM_,PARTNER Combispace 5F,PARTNER Kasten 5,EXPERT Tepee VF3V_,EXPERT Kasten VF3A_, VF3U_, VF3X_,207 Stufenheck,EXPERT Kasten 222,EXPERT 224,106 Van 1_,EXPERT Pritsche\/Fahrgestell 223,207 Van,EXPERT Pritsche\/Fahrgestell,PARTNER Pritsche\/Fahrgestell; RENAULT: CLIO III BR0\/1, CR0\/1,SC\u00c9NIC II JM0\/1_,MODUS \/ GRAND MODUS F\/JP0_,MEGANE II Kombi KM0\/1_,MEGANE II Coup\u00e9-Cabriolet EM0\/1_,CLIO IV,MEGANE II BM0\/1_, CM0\/1_,TRAFIC II Bus JL,TRAFIC II Kasten FL,CLIO Grandtour KR0\/1_,GRAND SC\u00c9NIC II JM0\/1_,CAPTUR,MEGANE II Stufenheck LM0\/1_,CLIO Grandtour IV,CLIO III Kasten SB_, SR_,TRAFIC II Pritsche\/Fahrgestell EL,CLIO IV Kasten; VAUXHALL: VIVARO Combi J7; 1609930380, 16099303809643447980, 643475, 9643447980, 9641553980, 9641553980, 2749000QAC, 7700428386, 93160293, 093160293, 4410722, 643475, 7700428386; Pesurin Pumppu,Lasinpesurin Pumppu,Pesunestepumppu, Lasinpesu<\/p>\n","protected":false},"excerpt":{"rendered":"<p>SEIM Pissapojan Pumppu 116925 Pesurin Pumppu,Lasinpesurin Pumppu NISSAN,OPEL,LANCIA,PRIMASTAR Bus X83,PRIMASTAR Kasten X83<\/p>\n","protected":false},"featured_media":0,"template":"","meta":{"site-sidebar-layout":"default","site-content-layout":"default","ast-global-header-display":"","ast-main-header-display":"","ast-hfb-above-header-display":"","ast-hfb-below-header-display":"","ast-hfb-mobile-header-display":"","site-post-title":"","ast-breadcrumbs-content":"","ast-featured-img":"","footer-sml-layout":"","theme-transparent-header-meta":"","adv-header-id-meta":"","stick-header-meta":"","header-above-stick-meta":"","header-main-stick-meta":"","header-below-stick-meta":""},"pwb-brand":[191],"product_cat":[182],"product_tag":[],"class_list":{"0":"post-10809","1":"product","2":"type-product","3":"status-publish","5":"pwb-brand-seim","6":"product_cat-pissapojan-pumppu","7":"desktop-align-left","8":"tablet-align-left","9":"mobile-align-left","11":"first","12":"instock","13":"product-type-external"},"brands":[{"id":191,"name":"SEIM","slug":"seim"}],"_links":{"self":[{"href":"https:\/\/www.autonvaraosahaku.fi\/index.php?rest_route=\/wp\/v2\/product\/10809","targetHints":{"allow":["GET"]}}],"collection":[{"href":"https:\/\/www.autonvaraosahaku.fi\/index.php?rest_route=\/wp\/v2\/product"}],"about":[{"href":"https:\/\/www.autonvaraosahaku.fi\/index.php?rest_route=\/wp\/v2\/types\/product"}],"wp:attachment":[{"href":"https:\/\/www.autonvaraosahaku.fi\/index.php?rest_route=%2Fwp%2Fv2%2Fmedia&parent=10809"}],"wp:term":[{"taxonomy":"pwb-brand","embeddable":true,"href":"https:\/\/www.autonvaraosahaku.fi\/index.php?rest_route=%2Fwp%2Fv2%2Fpwb-brand&post=10809"},{"taxonomy":"product_cat","embeddable":true,"href":"https:\/\/www.autonvaraosahaku.fi\/index.php?rest_route=%2Fwp%2Fv2%2Fproduct_cat&post=10809"},{"taxonomy":"product_tag","embeddable":true,"href":"https:\/\/www.autonvaraosahaku.fi\/index.php?rest_route=%2Fwp%2Fv2%2Fproduct_tag&post=10809"}],"curies":[{"name":"wp","href":"https:\/\/api.w.org\/{rel}","templated":true}]}}