{"id":10825,"date":"2021-02-21T14:09:56","date_gmt":"2021-02-21T14:09:56","guid":{"rendered":"https:\/\/www.autonvaraosahaku.fi\/?product=magneti-marelli-062900122304-hehkutulppa"},"modified":"2021-02-21T14:09:57","modified_gmt":"2021-02-21T14:09:57","slug":"magneti-marelli-062900122304-hehkutulppa","status":"publish","type":"product","link":"https:\/\/www.autonvaraosahaku.fi\/?product=magneti-marelli-062900122304-hehkutulppa","title":{"rendered":"MAGNETI MARELLI 062900122304 Hehkutulppa"},"content":{"rendered":"<p>Kiristysmomentti enint\u00e4\u00e4n [Nm]: 15; Virta (A): 10; Kiristysmomentti > [Nm]: 10; Liittimet: PIN; Hehkutulppatyyppi: Metallihehkutulppa; Asennuskulma: 93; J\u00e4nnite (V): 11; Pituus 1 (mm): 111; Pituus 2 (mm): 28; Kokonaispituus (mm): 156; Kierremitta: M10X1; Avainv\u00e4li: 10; L\u00e4mmitysaika [min]: 2; TECDOC-moottorinumero: 20362; MERCEDES-BENZ: E-CLASS W211,C-CLASS W204,C-CLASS T-Model S204,E-CLASS T-Model S211; 0011595601, 0011595801, 0011596801, A0011595601, A0011595801, A0011596801<\/p>\n","protected":false},"excerpt":{"rendered":"<p>MAGNETI MARELLI Hehkutulppa 062900122304  MERCEDES-BENZ,E-CLASS W211,C-CLASS W204,C-CLASS T-Model S204,E-CLASS T-Model S211<\/p>\n","protected":false},"featured_media":0,"template":"","meta":{"site-sidebar-layout":"default","site-content-layout":"default","ast-global-header-display":"","ast-main-header-display":"","ast-hfb-above-header-display":"","ast-hfb-below-header-display":"","ast-hfb-mobile-header-display":"","site-post-title":"","ast-breadcrumbs-content":"","ast-featured-img":"","footer-sml-layout":"","theme-transparent-header-meta":"","adv-header-id-meta":"","stick-header-meta":"","header-above-stick-meta":"","header-main-stick-meta":"","header-below-stick-meta":""},"pwb-brand":[34],"product_cat":[52],"product_tag":[],"class_list":{"0":"post-10825","1":"product","2":"type-product","3":"status-publish","5":"pwb-brand-magneti-marelli","6":"product_cat-hehkutulppa","7":"desktop-align-left","8":"tablet-align-left","9":"mobile-align-left","11":"first","12":"instock","13":"product-type-external"},"brands":[{"id":34,"name":"MAGNETI MARELLI","slug":"magneti-marelli"}],"_links":{"self":[{"href":"https:\/\/www.autonvaraosahaku.fi\/index.php?rest_route=\/wp\/v2\/product\/10825","targetHints":{"allow":["GET"]}}],"collection":[{"href":"https:\/\/www.autonvaraosahaku.fi\/index.php?rest_route=\/wp\/v2\/product"}],"about":[{"href":"https:\/\/www.autonvaraosahaku.fi\/index.php?rest_route=\/wp\/v2\/types\/product"}],"wp:attachment":[{"href":"https:\/\/www.autonvaraosahaku.fi\/index.php?rest_route=%2Fwp%2Fv2%2Fmedia&parent=10825"}],"wp:term":[{"taxonomy":"pwb-brand","embeddable":true,"href":"https:\/\/www.autonvaraosahaku.fi\/index.php?rest_route=%2Fwp%2Fv2%2Fpwb-brand&post=10825"},{"taxonomy":"product_cat","embeddable":true,"href":"https:\/\/www.autonvaraosahaku.fi\/index.php?rest_route=%2Fwp%2Fv2%2Fproduct_cat&post=10825"},{"taxonomy":"product_tag","embeddable":true,"href":"https:\/\/www.autonvaraosahaku.fi\/index.php?rest_route=%2Fwp%2Fv2%2Fproduct_tag&post=10825"}],"curies":[{"name":"wp","href":"https:\/\/api.w.org\/{rel}","templated":true}]}}