{"id":10830,"date":"2021-02-21T14:09:56","date_gmt":"2021-02-21T14:09:56","guid":{"rendered":"https:\/\/www.autonvaraosahaku.fi\/?product=magneti-marelli-062000780304-sytytystulpat"},"modified":"2021-02-21T14:09:57","modified_gmt":"2021-02-21T14:09:57","slug":"magneti-marelli-062000780304-sytytystulpat","status":"publish","type":"product","link":"https:\/\/www.autonvaraosahaku.fi\/?product=magneti-marelli-062000780304-sytytystulpat","title":{"rendered":"MAGNETI MARELLI 062000780304 Sytytystulpat"},"content":{"rendered":"<p>Sytytystulppa: 1-maaelektroodi, Vastuksella; K\u00e4rkiv\u00e4li (mm): 0,7; Kierremitta: M14; Kierteen pituus (mm): 19; Avainv\u00e4li: 16; Korvaava tuote\/korvaava tiedote 2: suoralla istukalla; TECDOC-moottorinumero: 683; SKODA: FELICIA I Fun 797,FAVORIT 781,FAVORIT Forman 785,FAVORIT Pick-up 787; KIA: CARENS II FJ; HYUNDAI: S COUPE SLC; VOLVO: V70 I LV,V90 Kombi,S90; ROVER: 200 RF; MERCEDES-BENZ: C-CLASS W202,C-CLASS Kombi S202; FIAT: DUCATO Kasten 244,PANDA 141A_,PALIO 178BX; CITRO\u00cbN: AX ZA-_,BX XB-_,BX Break XB-_; PEUGEOT: 306 Schr\u00e4gheck 7A, 7C, N3, N5,306 7B, N3, N5; RENAULT: LAGUNA II Grandtour KG0\/1_,SC\u00c9NIC I JA0\/1_,LAGUNA II BG0\/1_,MEGANE I BA0\/1_,MEGANE I Grandtour KA0\/1_,LAGUNA I B56_, 556_,LAGUNA I Grandtour K56_,MEGANE I Classic LA0\/1_; 723116, 5099775, 5099777, 9009870082, B69518110, B69618110, 2240112E16, 22401KA090, 22401KA100, 9009870082, 3517980; Tulpat,Sytytystulppa<\/p>\n","protected":false},"excerpt":{"rendered":"<p>MAGNETI MARELLI Sytytystulpat 062000780304 Tulpat,Sytytystulppa SKODA,KIA,HYUNDAI,FELICIA I Fun 797,FAVORIT 781,FAVORIT Forman 785,FAVORIT Pick-up 787<\/p>\n","protected":false},"featured_media":0,"template":"","meta":{"site-sidebar-layout":"default","site-content-layout":"default","ast-global-header-display":"","ast-main-header-display":"","ast-hfb-above-header-display":"","ast-hfb-below-header-display":"","ast-hfb-mobile-header-display":"","site-post-title":"","ast-breadcrumbs-content":"","ast-featured-img":"","footer-sml-layout":"","theme-transparent-header-meta":"","adv-header-id-meta":"","stick-header-meta":"","header-above-stick-meta":"","header-main-stick-meta":"","header-below-stick-meta":""},"pwb-brand":[34],"product_cat":[165],"product_tag":[],"class_list":{"0":"post-10830","1":"product","2":"type-product","3":"status-publish","5":"pwb-brand-magneti-marelli","6":"product_cat-sytytystulpat","7":"desktop-align-left","8":"tablet-align-left","9":"mobile-align-left","11":"first","12":"instock","13":"product-type-external"},"brands":[{"id":34,"name":"MAGNETI MARELLI","slug":"magneti-marelli"}],"_links":{"self":[{"href":"https:\/\/www.autonvaraosahaku.fi\/index.php?rest_route=\/wp\/v2\/product\/10830","targetHints":{"allow":["GET"]}}],"collection":[{"href":"https:\/\/www.autonvaraosahaku.fi\/index.php?rest_route=\/wp\/v2\/product"}],"about":[{"href":"https:\/\/www.autonvaraosahaku.fi\/index.php?rest_route=\/wp\/v2\/types\/product"}],"wp:attachment":[{"href":"https:\/\/www.autonvaraosahaku.fi\/index.php?rest_route=%2Fwp%2Fv2%2Fmedia&parent=10830"}],"wp:term":[{"taxonomy":"pwb-brand","embeddable":true,"href":"https:\/\/www.autonvaraosahaku.fi\/index.php?rest_route=%2Fwp%2Fv2%2Fpwb-brand&post=10830"},{"taxonomy":"product_cat","embeddable":true,"href":"https:\/\/www.autonvaraosahaku.fi\/index.php?rest_route=%2Fwp%2Fv2%2Fproduct_cat&post=10830"},{"taxonomy":"product_tag","embeddable":true,"href":"https:\/\/www.autonvaraosahaku.fi\/index.php?rest_route=%2Fwp%2Fv2%2Fproduct_tag&post=10830"}],"curies":[{"name":"wp","href":"https:\/\/api.w.org\/{rel}","templated":true}]}}