{"id":10837,"date":"2021-02-21T14:09:56","date_gmt":"2021-02-21T14:09:56","guid":{"rendered":"https:\/\/www.autonvaraosahaku.fi\/?product=master-sport-24011201261-pcs-ms-jarrulevyt"},"modified":"2021-02-21T14:09:58","modified_gmt":"2021-02-21T14:09:58","slug":"master-sport-24011201261-pcs-ms-jarrulevyt","status":"publish","type":"product","link":"https:\/\/www.autonvaraosahaku.fi\/?product=master-sport-24011201261-pcs-ms-jarrulevyt","title":{"rendered":"MASTER-SPORT 24011201261-PCS-MS Jarrulevyt"},"content":{"rendered":"<p>L\u00e4pimitta [mm]: 286,0; Jarrulevytyyppi: Vakiomalli; Jarrulevyn paksuus (mm): 12,0; Korkeus (mm): 51,5; Reik\u00e4-\u00d8 [mm]: 14,5; V\u00e4himm\u00e4ispaksuus (mm): 10,4; Sis\u00e4l\u00e4pimitta [mm]: 148,0; Reikien m\u00e4\u00e4r\u00e4: 5; keskitt\u00e4misl\u00e4pimitta [mm]: 79,0; Reik\u00e4ympyr\u00e4-\u00d8 [mm]: 120,0; Nettopaino [kg]: 5,05; Bruttopaino [kg]: 5,1; Asennuspuoli: Vorderachse; BMW: 3 Compact E36,3 E36,3 Coupe E36,Z3 E36,3 Cabriolet E36,3 Touring E36; 34111160356, 34111160532, 34111160673, 34111161437, 34111161445, 34111163850, 34111164498, 34111164500, 34111164737, 34111165555, 34111165556, 34111165557, 34112157570, 34112157571, 34116752482, 34116752731, 34116756128, 34116757750, 34116757751, 34116761237, 34116761242, 34116761244, 34119070047; Jarrulevy<\/p>\n","protected":false},"excerpt":{"rendered":"<p>MASTER-SPORT Jarrulevyt 24011201261-PCS-MS Jarrulevy BMW,3 Compact E36,3 E36,3 Coupe E36,Z3 E36,3 Cabriolet E36,3 Touring E36<\/p>\n","protected":false},"featured_media":0,"template":"","meta":{"site-sidebar-layout":"default","site-content-layout":"default","ast-global-header-display":"","ast-main-header-display":"","ast-hfb-above-header-display":"","ast-hfb-below-header-display":"","ast-hfb-mobile-header-display":"","site-post-title":"","ast-breadcrumbs-content":"","ast-featured-img":"","footer-sml-layout":"","theme-transparent-header-meta":"","adv-header-id-meta":"","stick-header-meta":"","header-above-stick-meta":"","header-main-stick-meta":"","header-below-stick-meta":""},"pwb-brand":[61],"product_cat":[66],"product_tag":[],"class_list":{"0":"post-10837","1":"product","2":"type-product","3":"status-publish","5":"pwb-brand-master-sport","6":"product_cat-jarrulevyt","7":"desktop-align-left","8":"tablet-align-left","9":"mobile-align-left","11":"first","12":"instock","13":"product-type-external"},"brands":[{"id":61,"name":"MASTER-SPORT","slug":"master-sport"}],"_links":{"self":[{"href":"https:\/\/www.autonvaraosahaku.fi\/index.php?rest_route=\/wp\/v2\/product\/10837","targetHints":{"allow":["GET"]}}],"collection":[{"href":"https:\/\/www.autonvaraosahaku.fi\/index.php?rest_route=\/wp\/v2\/product"}],"about":[{"href":"https:\/\/www.autonvaraosahaku.fi\/index.php?rest_route=\/wp\/v2\/types\/product"}],"wp:attachment":[{"href":"https:\/\/www.autonvaraosahaku.fi\/index.php?rest_route=%2Fwp%2Fv2%2Fmedia&parent=10837"}],"wp:term":[{"taxonomy":"pwb-brand","embeddable":true,"href":"https:\/\/www.autonvaraosahaku.fi\/index.php?rest_route=%2Fwp%2Fv2%2Fpwb-brand&post=10837"},{"taxonomy":"product_cat","embeddable":true,"href":"https:\/\/www.autonvaraosahaku.fi\/index.php?rest_route=%2Fwp%2Fv2%2Fproduct_cat&post=10837"},{"taxonomy":"product_tag","embeddable":true,"href":"https:\/\/www.autonvaraosahaku.fi\/index.php?rest_route=%2Fwp%2Fv2%2Fproduct_tag&post=10837"}],"curies":[{"name":"wp","href":"https:\/\/api.w.org\/{rel}","templated":true}]}}