{"id":10853,"date":"2021-02-21T14:10:00","date_gmt":"2021-02-21T14:10:00","guid":{"rendered":"https:\/\/www.autonvaraosahaku.fi\/?product=kolbenschmidt-37048600-muut-luokat"},"modified":"2021-02-21T14:10:01","modified_gmt":"2021-02-21T14:10:01","slug":"kolbenschmidt-37048600-muut-luokat","status":"publish","type":"product","link":"https:\/\/www.autonvaraosahaku.fi\/?product=kolbenschmidt-37048600-muut-luokat","title":{"rendered":"KOLBENSCHMIDT 37048600 Muut luokat"},"content":{"rendered":"<p>Vakiomitta (STD): ; Komponenttinumero: 72166600, 72167600; M\u00e4\u00e4r\u00e4: 12; M\u00e4\u00e4r\u00e4yksikk\u00f6: Sarja; TECDOC-moottorinumero: 24893; VW: TOUAREG 7LA, 7L6, 7L7,PHAETON 3D_,TOUAREG 7P5; AUDI: A4 Avant 8K5, B8,A6 Avant 4F5, C6,A4 Avant 8ED, B7,A4 8K2, B8,Q5 8R,A6 4F2, C6,A5 8T3,A4 Cabriolet 8H7, B6, 8HE, B7,A5 Sportback 8TA,A4 8EC, B7,Q7 4L,A8 4E_,A6 Allroad 4FH, C6,A4 Allroad 8KH, B8,A5 Cabriolet 8F7; 059105701AA, 059105701AB, 059105701Q, 059105701R<\/p>\n","protected":false},"excerpt":{"rendered":"<p>KOLBENSCHMIDT Kiertokankilaakerisarja 37048600  VW,AUDI,TOUAREG 7LA, 7L6, 7L7,PHAETON 3D_,TOUAREG 7P5,A4 Avant 8K5, B8,A6 Avant 4F5, C6<\/p>\n","protected":false},"featured_media":0,"template":"","meta":{"site-sidebar-layout":"default","site-content-layout":"default","ast-global-header-display":"","ast-main-header-display":"","ast-hfb-above-header-display":"","ast-hfb-below-header-display":"","ast-hfb-mobile-header-display":"","site-post-title":"","ast-breadcrumbs-content":"","ast-featured-img":"","footer-sml-layout":"","theme-transparent-header-meta":"","adv-header-id-meta":"","stick-header-meta":"","header-above-stick-meta":"","header-main-stick-meta":"","header-below-stick-meta":""},"pwb-brand":[293],"product_cat":[37],"product_tag":[],"class_list":{"0":"post-10853","1":"product","2":"type-product","3":"status-publish","5":"pwb-brand-kolbenschmidt","6":"product_cat-muut-luokat","7":"desktop-align-left","8":"tablet-align-left","9":"mobile-align-left","11":"first","12":"instock","13":"product-type-external"},"brands":[{"id":293,"name":"KOLBENSCHMIDT","slug":"kolbenschmidt"}],"_links":{"self":[{"href":"https:\/\/www.autonvaraosahaku.fi\/index.php?rest_route=\/wp\/v2\/product\/10853","targetHints":{"allow":["GET"]}}],"collection":[{"href":"https:\/\/www.autonvaraosahaku.fi\/index.php?rest_route=\/wp\/v2\/product"}],"about":[{"href":"https:\/\/www.autonvaraosahaku.fi\/index.php?rest_route=\/wp\/v2\/types\/product"}],"wp:attachment":[{"href":"https:\/\/www.autonvaraosahaku.fi\/index.php?rest_route=%2Fwp%2Fv2%2Fmedia&parent=10853"}],"wp:term":[{"taxonomy":"pwb-brand","embeddable":true,"href":"https:\/\/www.autonvaraosahaku.fi\/index.php?rest_route=%2Fwp%2Fv2%2Fpwb-brand&post=10853"},{"taxonomy":"product_cat","embeddable":true,"href":"https:\/\/www.autonvaraosahaku.fi\/index.php?rest_route=%2Fwp%2Fv2%2Fproduct_cat&post=10853"},{"taxonomy":"product_tag","embeddable":true,"href":"https:\/\/www.autonvaraosahaku.fi\/index.php?rest_route=%2Fwp%2Fv2%2Fproduct_tag&post=10853"}],"curies":[{"name":"wp","href":"https:\/\/api.w.org\/{rel}","templated":true}]}}