{"id":10865,"date":"2021-02-21T14:10:03","date_gmt":"2021-02-21T14:10:03","guid":{"rendered":"https:\/\/www.autonvaraosahaku.fi\/?product=abakus-551-1110l-ld-e-ajovaloumpio"},"modified":"2021-02-21T14:10:04","modified_gmt":"2021-02-21T14:10:04","slug":"abakus-551-1110l-ld-e-ajovaloumpio","status":"publish","type":"product","link":"https:\/\/www.autonvaraosahaku.fi\/?product=abakus-551-1110l-ld-e-ajovaloumpio","title":{"rendered":"ABAKUS 551-1110L-LD-E Ajovaloumpio"},"content":{"rendered":"<p>Asennuspuoli: Vasen; Lamppumalli: H4; K\u00e4ytt\u00f6: K\u00e4sik\u00e4ytt\u00f6inen; Valotoiminto: puolivalolla, p\u00e4\u00e4valonheittimell\u00e4, kaukovalolla; Varusteet: Valonsuuntaimella varustetuile (mekaaninen); Vasen \/ oikea liikenne: Oikeanpuoleiselle liikenteelle; Lis\u00e4tarvike\/lis\u00e4tieto: Lampun kannalla, Ilman polttimoa; Rekister\u00f6ity tyyppi: E-hyv\u00e4ksytty; RENAULT: SUPER 5 B\/C40_,SUPER 5 Kasten S40_; 7701030637; Ajovalot,Etuvalot,Ajovalo<\/p>\n","protected":false},"excerpt":{"rendered":"<p>ABAKUS Ajovaloumpio 551-1110L-LD-E Ajovalot,Etuvalot RENAULT,SUPER 5 B\/C40_,SUPER 5 Kasten S40_<\/p>\n","protected":false},"featured_media":0,"template":"","meta":{"site-sidebar-layout":"default","site-content-layout":"default","ast-global-header-display":"","ast-main-header-display":"","ast-hfb-above-header-display":"","ast-hfb-below-header-display":"","ast-hfb-mobile-header-display":"","site-post-title":"","ast-breadcrumbs-content":"","ast-featured-img":"","footer-sml-layout":"","theme-transparent-header-meta":"","adv-header-id-meta":"","stick-header-meta":"","header-above-stick-meta":"","header-main-stick-meta":"","header-below-stick-meta":""},"pwb-brand":[148],"product_cat":[185],"product_tag":[],"class_list":{"0":"post-10865","1":"product","2":"type-product","3":"status-publish","5":"pwb-brand-abakus","6":"product_cat-ajovaloumpio","7":"desktop-align-left","8":"tablet-align-left","9":"mobile-align-left","11":"first","12":"instock","13":"product-type-external"},"brands":[{"id":148,"name":"ABAKUS","slug":"abakus"}],"_links":{"self":[{"href":"https:\/\/www.autonvaraosahaku.fi\/index.php?rest_route=\/wp\/v2\/product\/10865","targetHints":{"allow":["GET"]}}],"collection":[{"href":"https:\/\/www.autonvaraosahaku.fi\/index.php?rest_route=\/wp\/v2\/product"}],"about":[{"href":"https:\/\/www.autonvaraosahaku.fi\/index.php?rest_route=\/wp\/v2\/types\/product"}],"wp:attachment":[{"href":"https:\/\/www.autonvaraosahaku.fi\/index.php?rest_route=%2Fwp%2Fv2%2Fmedia&parent=10865"}],"wp:term":[{"taxonomy":"pwb-brand","embeddable":true,"href":"https:\/\/www.autonvaraosahaku.fi\/index.php?rest_route=%2Fwp%2Fv2%2Fpwb-brand&post=10865"},{"taxonomy":"product_cat","embeddable":true,"href":"https:\/\/www.autonvaraosahaku.fi\/index.php?rest_route=%2Fwp%2Fv2%2Fproduct_cat&post=10865"},{"taxonomy":"product_tag","embeddable":true,"href":"https:\/\/www.autonvaraosahaku.fi\/index.php?rest_route=%2Fwp%2Fv2%2Fproduct_tag&post=10865"}],"curies":[{"name":"wp","href":"https:\/\/api.w.org\/{rel}","templated":true}]}}