{"id":10899,"date":"2021-02-21T14:10:10","date_gmt":"2021-02-21T14:10:10","guid":{"rendered":"https:\/\/www.autonvaraosahaku.fi\/?product=master-sport-27096-pcs-ms-alatukivarsi"},"modified":"2021-02-21T14:10:11","modified_gmt":"2021-02-21T14:10:11","slug":"master-sport-27096-pcs-ms-alatukivarsi","status":"publish","type":"product","link":"https:\/\/www.autonvaraosahaku.fi\/?product=master-sport-27096-pcs-ms-alatukivarsi","title":{"rendered":"MASTER-SPORT 27096-PCS-MS Alatukivarsi"},"content":{"rendered":"<p>Asennuspuoli: Etuakseli, Alla, Vasen, Edess\u00e4; Materiaali: Alumiini; Ohjausmalli: Poikittaistukivarsi; Kiinnitysmalli: Hydrolaakeri; parilliset tuotenumerot: 27097-PCS-MS; Lukum\u00e4\u00e4r\u00e4 akselille: 1; Nettopaino [kg]: 2; Bruttopaino [kg]: 2,05; BMW: 5 E60,5 Touring E61; 2348047, 31102348047, 31104026719, 31126760183, 31126765995, 31126774825, 4026719, 6760183, 6765995, 6774825; Tukivarsi,Tukivarsi, Py\u00f6r\u00e4ntuenta<\/p>\n","protected":false},"excerpt":{"rendered":"<p>MASTER-SPORT Alatukivarsi 27096-PCS-MS Tukivarsi,Tukivarsi, Py\u00f6r\u00e4ntuenta BMW,5 E60,5 Touring E61<\/p>\n","protected":false},"featured_media":0,"template":"","meta":{"site-sidebar-layout":"default","site-content-layout":"default","ast-global-header-display":"","ast-main-header-display":"","ast-hfb-above-header-display":"","ast-hfb-below-header-display":"","ast-hfb-mobile-header-display":"","site-post-title":"","ast-breadcrumbs-content":"","ast-featured-img":"","footer-sml-layout":"","theme-transparent-header-meta":"","adv-header-id-meta":"","stick-header-meta":"","header-above-stick-meta":"","header-main-stick-meta":"","header-below-stick-meta":""},"pwb-brand":[61],"product_cat":[62],"product_tag":[],"class_list":{"0":"post-10899","1":"product","2":"type-product","3":"status-publish","5":"pwb-brand-master-sport","6":"product_cat-alatukivarsi","7":"desktop-align-left","8":"tablet-align-left","9":"mobile-align-left","11":"first","12":"instock","13":"product-type-external"},"brands":[{"id":61,"name":"MASTER-SPORT","slug":"master-sport"}],"_links":{"self":[{"href":"https:\/\/www.autonvaraosahaku.fi\/index.php?rest_route=\/wp\/v2\/product\/10899","targetHints":{"allow":["GET"]}}],"collection":[{"href":"https:\/\/www.autonvaraosahaku.fi\/index.php?rest_route=\/wp\/v2\/product"}],"about":[{"href":"https:\/\/www.autonvaraosahaku.fi\/index.php?rest_route=\/wp\/v2\/types\/product"}],"wp:attachment":[{"href":"https:\/\/www.autonvaraosahaku.fi\/index.php?rest_route=%2Fwp%2Fv2%2Fmedia&parent=10899"}],"wp:term":[{"taxonomy":"pwb-brand","embeddable":true,"href":"https:\/\/www.autonvaraosahaku.fi\/index.php?rest_route=%2Fwp%2Fv2%2Fpwb-brand&post=10899"},{"taxonomy":"product_cat","embeddable":true,"href":"https:\/\/www.autonvaraosahaku.fi\/index.php?rest_route=%2Fwp%2Fv2%2Fproduct_cat&post=10899"},{"taxonomy":"product_tag","embeddable":true,"href":"https:\/\/www.autonvaraosahaku.fi\/index.php?rest_route=%2Fwp%2Fv2%2Fproduct_tag&post=10899"}],"curies":[{"name":"wp","href":"https:\/\/api.w.org\/{rel}","templated":true}]}}