{"id":10956,"date":"2021-02-21T14:10:18","date_gmt":"2021-02-21T14:10:18","guid":{"rendered":"https:\/\/www.autonvaraosahaku.fi\/?product=metzger-2140145-muut-luokat"},"modified":"2021-02-21T14:10:20","modified_gmt":"2021-02-21T14:10:20","slug":"metzger-2140145-muut-luokat","status":"publish","type":"product","link":"https:\/\/www.autonvaraosahaku.fi\/?product=metzger-2140145-muut-luokat","title":{"rendered":"METZGER 2140145 Muut luokat"},"content":{"rendered":"<p>Korvaava tuote\/korvaava tiedote 2: Kannella, Ilman anturia; lis\u00e4tieto: ORIGINAL ERSATZTEIL; Alustanumeroon: 4G-B-000 000; VW: PASSAT Variant 3B6,PASSAT 3B3; AUDI: A6 Avant 4F5, C6,A4 Avant 8ED, B7,A4 Avant 8E5, B6,A4 8E2, B6,A6 4F2, C6,A4 Cabriolet 8H7, B6, 8HE, B7,A4 8EC, B7; SKODA: SUPERB 3U4; SEAT: EXEO ST 3R5,EXEO 3R2; Nestes\u00e4ili\u00f6 Jarruneste<\/p>\n","protected":false},"excerpt":{"rendered":"<p>METZGER Jarrunestes\u00e4ili\u00f6 2140145 Nestes\u00e4ili\u00f6 Jarruneste VW,AUDI,SKODA,PASSAT Variant 3B6,PASSAT 3B3,A6 Avant 4F5, C6,A4 Avant 8ED, B7,A4 Avant 8E5, B6<\/p>\n","protected":false},"featured_media":0,"template":"","meta":{"site-sidebar-layout":"default","site-content-layout":"default","ast-global-header-display":"","ast-main-header-display":"","ast-hfb-above-header-display":"","ast-hfb-below-header-display":"","ast-hfb-mobile-header-display":"","site-post-title":"","ast-breadcrumbs-content":"","ast-featured-img":"","footer-sml-layout":"","theme-transparent-header-meta":"","adv-header-id-meta":"","stick-header-meta":"","header-above-stick-meta":"","header-main-stick-meta":"","header-below-stick-meta":""},"pwb-brand":[69],"product_cat":[37],"product_tag":[],"class_list":{"0":"post-10956","1":"product","2":"type-product","3":"status-publish","5":"pwb-brand-metzger","6":"product_cat-muut-luokat","7":"desktop-align-left","8":"tablet-align-left","9":"mobile-align-left","11":"first","12":"instock","13":"product-type-external"},"brands":[{"id":69,"name":"METZGER","slug":"metzger"}],"_links":{"self":[{"href":"https:\/\/www.autonvaraosahaku.fi\/index.php?rest_route=\/wp\/v2\/product\/10956","targetHints":{"allow":["GET"]}}],"collection":[{"href":"https:\/\/www.autonvaraosahaku.fi\/index.php?rest_route=\/wp\/v2\/product"}],"about":[{"href":"https:\/\/www.autonvaraosahaku.fi\/index.php?rest_route=\/wp\/v2\/types\/product"}],"wp:attachment":[{"href":"https:\/\/www.autonvaraosahaku.fi\/index.php?rest_route=%2Fwp%2Fv2%2Fmedia&parent=10956"}],"wp:term":[{"taxonomy":"pwb-brand","embeddable":true,"href":"https:\/\/www.autonvaraosahaku.fi\/index.php?rest_route=%2Fwp%2Fv2%2Fpwb-brand&post=10956"},{"taxonomy":"product_cat","embeddable":true,"href":"https:\/\/www.autonvaraosahaku.fi\/index.php?rest_route=%2Fwp%2Fv2%2Fproduct_cat&post=10956"},{"taxonomy":"product_tag","embeddable":true,"href":"https:\/\/www.autonvaraosahaku.fi\/index.php?rest_route=%2Fwp%2Fv2%2Fproduct_tag&post=10956"}],"curies":[{"name":"wp","href":"https:\/\/api.w.org\/{rel}","templated":true}]}}